{"id":4447,"date":"2023-07-13T16:12:45","date_gmt":"2023-07-13T14:12:45","guid":{"rendered":"https:\/\/agrarpetrovic.rs\/?post_type=product&#038;p=4447"},"modified":"2025-10-23T11:54:50","modified_gmt":"2025-10-23T09:54:50","slug":"camix-560-se-1-1-herbicid","status":"publish","type":"product","link":"https:\/\/agrarpetrovic.rs\/en\/proizvod\/camix-560-se-1-1-herbicid\/","title":{"rendered":"Camix 560 SE 1\/1 &#8211; Herbicid"},"content":{"rendered":"<p><strong>Primena:<\/strong><\/p>\n<p>Mo\u017ee se primeniti nakon setve, a pre nicanja kukuruza u koli\u010dini 2-2,8 l\/ha ili nakon nicanja kukuruza, do faze kada biljke imaju 2-3 lista u koli\u010dini 2 -2,5 l\/ha. Najbolje delovanje na korove je tokom njihovog nicanja ili kada su travni korovi do 2 lista a \u0161irokolisni do 4 lista.<\/p>\n<p><strong>Preporuke:<\/strong><\/p>\n<p><strong>Camix 560 SE<\/strong> se mo\u017ee koristiti u merkantilnom i sila\u017enom kukuruzu. Potrebno je proveriti osetljivost kukuruza \u0161e\u0107erca i koki\u010dara pre primene. Prilikom primene paziti da ne do\u0111e do preklapanja zahvata prskalice, i usled toga deponovanja ve\u0107e koli\u010dine mezotriona od preporu\u010dene.<\/p>\n<p><strong>Mehanizam i na\u010din delovanja a.m.:<\/strong><\/p>\n<p>Inhibira \u0107elijsku deobu. Inhibira i proces sinteze masnih kiselina veoma dugog lanca. Selektivni je herbicid. Biljke ga usvajaju predominantno hipokotilom i izdankom, a donekle i korenom. Kretanje u biljci je veoma ograni\u010deno (ksilemom).<\/p>\n<p><strong>Karenca a.m.:<\/strong><\/p>\n<p>70 dana sila\u017eni kukuruz OVP merkantilni kukuruz, soja, suncokret, \u0161e\u0107erna repa.<br \/>\nRadna karenca a.m.: &#8211;<br \/>\nHRAC klasifikacija a.m.: K3<\/p>\n<p><strong>Organska<\/strong>: Ne<\/p>\n<p><strong>Napomena<\/strong>:<br \/>\n&#8211; Ne sme se koristiti na izrazito lakim, peskovitim zemlji\u0161tima (&gt; 1 % humusa), kra\u0161kim poljima i zemlji\u0161tima \u010dija je pH &gt; 5,5<br \/>\n&#8211; Ukoliko do\u0111e do prevremenog skidanja ili preoravanja useva, na tretiranim povr\u0161inama, se najmanje 6 meseci posle primene, ne smeju sejati jara \u017eita i ostali uskolisni usevi.<br \/>\n&#8211; Mo\u017ee biti fitotoksi\u010dan za \u0161e\u0107ernu repu ukoliko odmah nakon tretiranja nastupe nepovoljni vremenski uslovi (hladno i vla\u017eno ili izrazito suvo vreme) za razvoj \u0161e\u0107erne repe. Fitotoksi\u010dnost se manifestuje zastojem u porastu useva.<\/p>","protected":false},"excerpt":{"rendered":"<p><strong>Klasa<\/strong> : Herbicid<br \/>\n<strong>Aktivna materija:<\/strong> 500 g\/l S-metolahlor + 60 g\/l Mezotrion<br \/>\n<strong>Formulacija:<\/strong>\u00a0 Suspo-emulzija (SE)<br \/>\n<strong>Proizvo\u0111a\u010d:<\/strong> Sygenta<\/p>","protected":false},"featured_media":7814,"template":"","meta":[],"product_brand":[414],"product_cat":[203],"product_tag":[706],"class_list":{"0":"post-4447","1":"product","2":"type-product","3":"status-publish","4":"has-post-thumbnail","6":"product_brand-galenika","7":"product_cat-herbicidi","8":"product_tag-s-metolaklor-mezotrion","10":"first","11":"outofstock","12":"shipping-taxable","13":"product-type-simple"},"_links":{"self":[{"href":"https:\/\/agrarpetrovic.rs\/en\/wp-json\/wp\/v2\/product\/4447","targetHints":{"allow":["GET"]}}],"collection":[{"href":"https:\/\/agrarpetrovic.rs\/en\/wp-json\/wp\/v2\/product"}],"about":[{"href":"https:\/\/agrarpetrovic.rs\/en\/wp-json\/wp\/v2\/types\/product"}],"wp:featuredmedia":[{"embeddable":true,"href":"https:\/\/agrarpetrovic.rs\/en\/wp-json\/wp\/v2\/media\/7814"}],"wp:attachment":[{"href":"https:\/\/agrarpetrovic.rs\/en\/wp-json\/wp\/v2\/media?parent=4447"}],"wp:term":[{"taxonomy":"product_brand","embeddable":true,"href":"https:\/\/agrarpetrovic.rs\/en\/wp-json\/wp\/v2\/product_brand?post=4447"},{"taxonomy":"product_cat","embeddable":true,"href":"https:\/\/agrarpetrovic.rs\/en\/wp-json\/wp\/v2\/product_cat?post=4447"},{"taxonomy":"product_tag","embeddable":true,"href":"https:\/\/agrarpetrovic.rs\/en\/wp-json\/wp\/v2\/product_tag?post=4447"}],"curies":[{"name":"wp","href":"https:\/\/api.w.org\/{rel}","templated":true}]}}