{"id":4448,"date":"2023-07-13T16:12:45","date_gmt":"2023-07-13T14:12:45","guid":{"rendered":"https:\/\/agrarpetrovic.rs\/?post_type=product&#038;p=4448"},"modified":"2025-10-23T11:54:50","modified_gmt":"2025-10-23T09:54:50","slug":"cherokee-5-1-fungicid","status":"publish","type":"product","link":"https:\/\/agrarpetrovic.rs\/en\/proizvod\/cherokee-5-1-fungicid\/","title":{"rendered":"Cherokee 5\/1 &#8211; Fungicid"},"content":{"rendered":"<p><strong>Cherokee 487,5 SE je<\/strong> sistemi\u010dni i kontaktni fungicid sa preventivnim delovanjem koji se primenjuje u usevu p\u0161enice za suzbijanje bolesti lista i klasa, i to prouzrokova\u010da sive pegavosti lista (<em>Septoria tritici<\/em>.), r\u0111e (<em>Puccinia <\/em>spp.), pepelnice (<em>Blumeria graminis f.sp. tritici<\/em>). Primenjuje se u koli\u010dini od 1,5 do 2 l\/ha, uz utro\u0161ak vode 200 &#8211; 400 l\/ha. Pri koli\u010dini primene od 2 l\/ha smanjuje zarazu klasa patogenima roda Fusarium.<\/p>\n<p>Pri upotrebi doze od 1,5 l\/ha, vreme primene je prema preporuci prognozno-izve\u0161tajne slu\u017ebe ili najkasnije pri pojavi prvih simptoma bolesti, u fazi razvoja p\u0161enice BBCH 31-32 ( prvo kolence najmanje 1 cm iznad kolenca bokorenja, drugo kolence najmanje 1 cm iznad prvog kolenca).<\/p>\n<p>Pri upotrebi doze od 2 l\/ha, vreme primene je prema prema preporuci prognozno-izve\u0161tajne slu\u017ebe ili najkasnije pri pojavi prvih simptoma bolesti, u fazi razvoja p\u0161enice:<\/p>\n<ul>\n<li>tokom vlatanja, klasanja i cvetanja, po pojavi simptoma oboljenja, a pre po\u010detka \u0161irenja parazita na gornja tri lista uklju\u010duju\u0107i zastavi\u010dar i klas, za suzbijanje pepelnice (Blumeriela graminis) i r\u0111e lista (Puccinia spp.);<\/li>\n<li>tokom vegetacije, po pojavi simptoma i postojanja uslova za \u0161irenje parazita za suzbijanje prouzrokova\u010da sive pegavosti lista (Septoria spp.);<\/li>\n<li>u fazi kraja klasanja (po pojavi svih klasova i po\u010detkom cvetanja (faza 59-61 BBCH skale) za suzbijanje pale\u017ei klasa (Fusarium spp).<\/li>\n<\/ul>\n<p><strong>Cherokee 487,5 SE<\/strong> se mo\u017ee na istoj povr\u0161ini primeniti najvi\u0161e dva puta u toku godine, uklju\u010duju\u010di i alternativnu primenu drugih fungicida iz grupe triazola i sli\u010dnih jedinjenja istog mehanizma delovanja (inhibitori sinteze ergosterola), odnosno fungicida \u010dije aktivne materije pripadaju grupi 3 prema FRAC.<\/p>","protected":false},"excerpt":{"rendered":"<p><strong>Klasa<\/strong>: Fungicid<br \/>\n<strong>Aktivna materija:<\/strong> 375 g\/l Hlorotalonil + 62.5 g\/l Propikonazol + 50 g\/l Ciprokonazol<br \/>\n<strong>Proizvo\u0111a\u010d<\/strong> : Sygenta<br \/>\n<strong>Primena:<\/strong> P\u0161enica<\/p>","protected":false},"featured_media":8602,"template":"","meta":[],"product_brand":[505],"product_cat":[219],"product_tag":[521],"class_list":{"0":"post-4448","1":"product","2":"type-product","3":"status-publish","4":"has-post-thumbnail","6":"product_brand-syngenta","7":"product_cat-fungicidi","8":"product_tag-375-g-l-hlorotalonil-62-5-g-l-propikonazol-50-g-l-ciprokonazol","10":"first","11":"outofstock","12":"shipping-taxable","13":"product-type-simple"},"_links":{"self":[{"href":"https:\/\/agrarpetrovic.rs\/en\/wp-json\/wp\/v2\/product\/4448","targetHints":{"allow":["GET"]}}],"collection":[{"href":"https:\/\/agrarpetrovic.rs\/en\/wp-json\/wp\/v2\/product"}],"about":[{"href":"https:\/\/agrarpetrovic.rs\/en\/wp-json\/wp\/v2\/types\/product"}],"wp:featuredmedia":[{"embeddable":true,"href":"https:\/\/agrarpetrovic.rs\/en\/wp-json\/wp\/v2\/media\/8602"}],"wp:attachment":[{"href":"https:\/\/agrarpetrovic.rs\/en\/wp-json\/wp\/v2\/media?parent=4448"}],"wp:term":[{"taxonomy":"product_brand","embeddable":true,"href":"https:\/\/agrarpetrovic.rs\/en\/wp-json\/wp\/v2\/product_brand?post=4448"},{"taxonomy":"product_cat","embeddable":true,"href":"https:\/\/agrarpetrovic.rs\/en\/wp-json\/wp\/v2\/product_cat?post=4448"},{"taxonomy":"product_tag","embeddable":true,"href":"https:\/\/agrarpetrovic.rs\/en\/wp-json\/wp\/v2\/product_tag?post=4448"}],"curies":[{"name":"wp","href":"https:\/\/api.w.org\/{rel}","templated":true}]}}