{"id":4466,"date":"2023-07-13T16:13:08","date_gmt":"2023-07-13T14:13:08","guid":{"rendered":"https:\/\/agrarpetrovic.rs\/?post_type=product&#038;p=4466"},"modified":"2025-10-23T11:54:50","modified_gmt":"2025-10-23T09:54:50","slug":"dual-gold-1-1-herbicid","status":"publish","type":"product","link":"https:\/\/agrarpetrovic.rs\/en\/proizvod\/dual-gold-1-1-herbicid\/","title":{"rendered":"Dual GOLD 1\/1 &#8211; Herbicid"},"content":{"rendered":"<p><strong>DUAL\u00ae\u00a0GOLD 960 EC\u00a0<\/strong>je selektivni zemlji\u0161ni herbicid za suzbijanje travnih i \u0161irokolisnih korova u usevu kukuruza, sirka, suncokreta, soje i \u0161e\u0107erne repe.<\/p>\n<p><strong>Na\u010din delovanja:<\/strong><\/p>\n<p><strong>DUAL\u00ae Gold 960 EC\u00a0<\/strong>je selektivni herbicid na bazi aktivne materije\u00a0<strong>S-metolahlor\u00a0<\/strong>iz hemijske grupe hloracetamida. Inhibira \u0107elijsku deobu i proces sinteze masnih kiselina \u010dime se zaustavlja razvoj korova u ranoj fazi. Po svojim osobinama ubraja se me\u0111u aktivne materije sa najdu\u017eim rezidualnim delovanjem u zemlji\u0161tu. Nakon aplikacije korovi ga, tokom klijanja i nicanja, usvajaju predominanto hipokotilom i izdankom, a donekle i korenom. Kretanje ksilemom je vrlo ograni\u010deno. Kao i kod svih drugih zemlji\u0161nih herbicida koji se usvajaju korenom, za aktiviranje je potrebna zemlji\u0161na vlaga.<\/p>\n<p><strong>Primena:<\/strong><\/p>\n<div class=\"table-mobile-effect\">\n<div class=\"table-wrapper tw-overflow-y-auto\">\n<table border=\"0\" cellspacing=\"0\" cellpadding=\"0\" align=\"left\" data-once=\"table\">\n<tbody>\n<tr>\n<td>\n<p class=\"text-align-center\"><strong>Biljna vrsta<\/strong><\/p>\n<\/td>\n<td>\n<p class=\"text-align-center\"><strong>Koli\u010dina primene<\/strong><\/p>\n<\/td>\n<td>\n<p class=\"text-align-center\"><strong>Vreme primene<\/strong><\/p>\n<\/td>\n<td>\n<p class=\"text-align-center\"><strong>Karenca<\/strong><\/p>\n<\/td>\n<\/tr>\n<tr>\n<td rowspan=\"2\"><strong>Kukuruz<\/strong><\/td>\n<td rowspan=\"4\">1,4 l\/ha na humoznim zemlji\u0161tima (3-5%<\/p>\n<p>humusa)<\/p>\n<p>1,5 l\/ha na jako humoznim zemlji\u0161tima<\/p>\n<p>(&gt;5% humusa)<\/td>\n<td rowspan=\"6\">Posle setve a pre nicanja useva i korova ili kada su korovi u fazi klijanja i nicanja<\/td>\n<td>\n<p class=\"text-align-center\">*OVP \u2013 merkantilni kukuruz<\/p>\n<\/td>\n<\/tr>\n<tr>\n<td>\n<p class=\"text-align-center\">70 dana \u2013 sila\u017eni kukuruz<\/p>\n<\/td>\n<\/tr>\n<tr>\n<td><strong>Soja<\/strong><\/td>\n<td>\n<p class=\"text-align-center\">*OVP<\/p>\n<\/td>\n<\/tr>\n<tr>\n<td><strong>\u0160e\u0107erna repa<\/strong><\/td>\n<td>\n<p class=\"text-align-center\">*OVP<\/p>\n<\/td>\n<\/tr>\n<tr>\n<td><strong>Suncokret<\/strong><\/td>\n<td>1 l\/ha na humoznim zemlji\u0161tima (3-5%)<\/p>\n<p>1,2 l\/ha na izrazito humuznim zemlji\u0161tima<\/p>\n<p>(&gt;5% humusa)<\/td>\n<td>\n<p class=\"text-align-center\">*OVP<\/p>\n<\/td>\n<\/tr>\n<tr>\n<td><strong>Sirak za zrno i sirak metla\u0161<\/strong><\/td>\n<td>1,5 l\/ha i to samo u slu\u010daju da je seme sirka prethodno tretirano preparatom Concep III 960 EC<\/td>\n<td>\n<p class=\"text-align-center\">*OVP<\/p>\n<\/td>\n<\/tr>\n<\/tbody>\n<\/table>\n<\/div>\n<\/div>\n<p>*OVP \u2013 obezbe\u0111ena vremenom primene<\/p>\n<p>Manje koli\u010dine preparata primenjuju se na lakim zemlji\u0161tima sa ni\u017eim sadr\u017eajem humusa a ve\u0107e na te\u017eim i humoznijim zemlji\u0161tima.<\/p>\n<p><strong>Spektar delovanja DUAL\u00ae\u00a0Gold\u00a0960 EC<\/strong>:<\/p>\n<p><strong>Jednogodi\u0161nji travni korovi:<\/strong><\/p>\n<ul>\n<li>Proso korovsko (<em>Echinochloa crus-galli<\/em>)<\/li>\n<li>Sirak divlji iz semena (<em>Sorghum halepense<\/em>)<\/li>\n<li>Muhar veliki (<em>Setaria glauca<\/em>)<\/li>\n<li>Svra\u010dica crvena (<em>Digitaria sanguinalis<\/em>)<\/li>\n<li>Klasa\u010da (<em>Bromus mollis<\/em>)<\/li>\n<li>Je\u017eevica obi\u010dna (<em>Cynodon dactylon<\/em>)<\/li>\n<\/ul>\n<p><strong>Jednogodi\u0161nji \u0161irokolisni korovi:<\/strong><\/p>\n<ul>\n<li>\u0160tir obi\u010dni (<em>Amaranthus retroflexus<\/em>)<\/li>\n<li>Obi\u010dna pepeljuga (<em>Chenopodium album<\/em>)<\/li>\n<li>Tu\u0161t (<em>Portulaca oleracea<\/em>)<\/li>\n<li>Ambrozija (Ambrosia artemisiifolia)<\/li>\n<li>Srcolisna pepeljuga (<em>Chenopodium hybridum<\/em>)<\/li>\n<li>Tatula obi\u010dna (<em>Datura stramonium<\/em>)<\/li>\n<li>Posunac (<em>Heliotropium europaeum<\/em>)<\/li>\n<li>Lubeni\u010darka njivska (<em>Hibiscus trionum<\/em>)<\/li>\n<li>Veliki dvornik (<em>Polygonum lapathifolium<\/em>)<\/li>\n<li>Dvornik pti\u010dji (<em>Polygonum aviculare<\/em>)<\/li>\n<li>Pomo\u0107nica obi\u010dna (<em>Solanum nigrum<\/em>)<\/li>\n<li>Obi\u010dna boca (<em>Xanthium strumarium<\/em>)<\/li>\n<\/ul>\n<p><strong>Posebne napomene:<\/strong><\/p>\n<p>Kod zemlji\u0161nih herbicida nivo efikasnosti u suzbijanju korova je u direktnoj zavisnosti od koli\u010dine padavina nakon aplikacije. <strong>DUAL\u00ae\u00a0GOLD 960 EC<\/strong>\u00a0je izuzetno perzistentan u zemlji\u0161tu i ispoljava visoku efikasnost i u uslovima manje koli\u010dine padavina. Odlikuje se izuzetnom selektivno\u0161\u0107u bez obzira na uslove u kojima se primenjuje. Na \u0161e\u0107ernu repu mo\u017ee delovati zastojem u porastu, ako odmah nakon tretiranja nastupi hladno ili previ\u0161e vla\u017eno ili izrazito suvo vreme.<\/p>\n<p><strong>Mogu\u0107nost me\u0161anja:<\/strong>\u00a0U usevu kukuruza i suncokreta mo\u017ee se me\u0161ati sa preparatima na bazi terbutilazina. U usevu soje, u cilju pro\u0161irenja delovanja na \u0161irokolisne korove, mo\u017ee se me\u0161ati sa herbicidom\u00a0<strong>Eclipse\u00ae<\/strong>\u00a0(metribuzin)<\/p>","protected":false},"excerpt":{"rendered":"<p><strong><b>Klasa:<\/b><\/strong> Herbicid<br \/>\n<strong><b>Aktivna materija:<\/b><\/strong> 960 g\/l S-metolahlor<br \/>\n<strong><b>Formulacija: <\/b><\/strong>Koncentrovana suspenzija (EC)<br \/>\n<strong><b>Proizvo\u0111a\u010d:<\/b><\/strong>\u00a0Syngenta<\/p>","protected":false},"featured_media":8970,"template":"","meta":[],"product_brand":[505],"product_cat":[203],"product_tag":[705],"class_list":{"0":"post-4466","1":"product","2":"type-product","3":"status-publish","4":"has-post-thumbnail","6":"product_brand-syngenta","7":"product_cat-herbicidi","8":"product_tag-s-metolaklor","10":"first","11":"outofstock","12":"shipping-taxable","13":"purchasable","14":"product-type-simple"},"_links":{"self":[{"href":"https:\/\/agrarpetrovic.rs\/en\/wp-json\/wp\/v2\/product\/4466","targetHints":{"allow":["GET"]}}],"collection":[{"href":"https:\/\/agrarpetrovic.rs\/en\/wp-json\/wp\/v2\/product"}],"about":[{"href":"https:\/\/agrarpetrovic.rs\/en\/wp-json\/wp\/v2\/types\/product"}],"wp:featuredmedia":[{"embeddable":true,"href":"https:\/\/agrarpetrovic.rs\/en\/wp-json\/wp\/v2\/media\/8970"}],"wp:attachment":[{"href":"https:\/\/agrarpetrovic.rs\/en\/wp-json\/wp\/v2\/media?parent=4466"}],"wp:term":[{"taxonomy":"product_brand","embeddable":true,"href":"https:\/\/agrarpetrovic.rs\/en\/wp-json\/wp\/v2\/product_brand?post=4466"},{"taxonomy":"product_cat","embeddable":true,"href":"https:\/\/agrarpetrovic.rs\/en\/wp-json\/wp\/v2\/product_cat?post=4466"},{"taxonomy":"product_tag","embeddable":true,"href":"https:\/\/agrarpetrovic.rs\/en\/wp-json\/wp\/v2\/product_tag?post=4466"}],"curies":[{"name":"wp","href":"https:\/\/api.w.org\/{rel}","templated":true}]}}