{"id":4467,"date":"2023-07-13T16:13:08","date_gmt":"2023-07-13T14:13:08","guid":{"rendered":"https:\/\/agrarpetrovic.rs\/?post_type=product&#038;p=4467"},"modified":"2025-10-27T16:55:48","modified_gmt":"2025-10-27T15:55:48","slug":"folio-gold-5375-sc-1-1-fungicid","status":"publish","type":"product","link":"https:\/\/agrarpetrovic.rs\/en\/proizvod\/folio-gold-5375-sc-1-1-fungicid\/","title":{"rendered":"Folio GOLD 537,5 SC  1\/1"},"content":{"rendered":"<p><strong>Folio Gold 537,5 SC<\/strong> je sistemi\u010dni i kontaktni fungicid sa preventivnim i kurativnim delovanjem koji se koristi u usevu paradajza i krastavca, za suzbijanje uzro\u010dnika plamenja\u010de (Phytophthora infestans, Pseudoperonospora cubensis), u koli\u010dini 2,5-3 l\/ha uz utro\u0161ak vode od 200\u2013400 l\/ha (2,5-3 ml na 100 m2), tretiranjem tokom vegetacije, neposredno po sticanju uslova za zara\u017eavanje, a najkasnije po pojavi prvih simptoma i postojanja uslova za \u0161irenje patogena.<\/p>\n<p><strong>Nacin delovanja:<\/strong><\/p>\n<p>Hlorotalonil \u0161titi zelenu masu na povr\u0161ini i ima isklju\u010divo kontaktno delovanja, dok metalaksil-m veoma brzo prodire kroz list unutar biljke. Vrlo brzo nakon primene, ve\u0107 posle 30 minuta od primene biljka je potpuno za\u0161ti\u0107ena spolja i iznutra. \u010cak i pri jakoj ki\u0161i, biljka ostaje za\u0161ti\u0107ena iznutra. Zbog izrazite sistemi\u010dnosti, metalaksil-m se kre\u0107e sprovodnim tkivom u biljci prema gore dospevaju\u0107u novu zelenu masu. Na taj na\u010din su bez dodatnih tretiranja za\u0161ti\u0107eni biljni delovi koji su izrasli posle tretiranja fungicidom. Bez obzira na izra\u017eeno sistemi\u010dno delovanje Folio Gold 537,5 SC treba, kada god je to mogu\u0107e, primeniti preventivno, dakle pre ostvarene infekcije.<\/p>\n<p><strong>Preporuka za primenu:<\/strong><\/p>\n<p>F<strong>olio Gold 537,5 SC<\/strong> se na istoj povr\u0161ini mo\u017ee primeniti najvi\u0161e tri puta u toku godine, uz razmak izme\u0111u dva tretiranja od 14 dana, odnosno 10-12 dana u ki\u0161nom periodu. Preparat se mo\u017ee primenjivati u staklenicima i plastenicima.<\/p>\n<p>Preventivna primena u ranoj vegetaciji je od bitnog zna\u010daja za pouzdano delovanje kako se ne bi dozvolila pojava plamenja\u010de u najkriti\u010dnijem periodu intenzivnog rasta biljaka.<\/p>\n<p>Radi spre\u010davanja pojave rezistentnosti uzro\u010dnika plamenja\u010de Folio Gold 537,5 SC primeniti u blok sistemu od dva uzastopna tretiranja, a potom jedno tretiranje fungicidom koji ima razli\u010dit mehanizam delovanja, kao \u0161to je Ortiva Opti 480 SC..<\/p>\n<p>Pored efikasnog suzbijanja plamenja\u010de, Folio Gold 537,5 SC ima dobro delovanje i na uzro\u010dnike crne pegavosti (Alternaria spp.) i sive plesni (Botritis spp.).<\/p>\n<p><strong>Karenca: <\/strong>7 dana za paradajz i krastavac.<\/p>","protected":false},"excerpt":{"rendered":"<p><strong>Klasa<\/strong> : Fungicid<br \/>\n<strong>Aktivna materija:<\/strong> metalaksil-m (37,5 g) + hlorotalonil (500 g\/l)<br \/>\n<strong>Formulacija:<\/strong> Koncentrovana suspenzija (SC)<br \/>\n<strong>Proizvo\u0111a\u010d<\/strong>: Sygenta<\/p>","protected":false},"featured_media":8962,"template":"","meta":[],"product_brand":[531],"product_cat":[532],"product_tag":[659],"class_list":{"0":"post-4467","1":"product","2":"type-product","3":"status-publish","4":"has-post-thumbnail","6":"product_brand-sygenta","7":"product_cat-hemija","8":"product_tag-metalaksil-m-hlorotalonil","10":"first","11":"outofstock","12":"shipping-taxable","13":"product-type-simple"},"_links":{"self":[{"href":"https:\/\/agrarpetrovic.rs\/en\/wp-json\/wp\/v2\/product\/4467","targetHints":{"allow":["GET"]}}],"collection":[{"href":"https:\/\/agrarpetrovic.rs\/en\/wp-json\/wp\/v2\/product"}],"about":[{"href":"https:\/\/agrarpetrovic.rs\/en\/wp-json\/wp\/v2\/types\/product"}],"wp:featuredmedia":[{"embeddable":true,"href":"https:\/\/agrarpetrovic.rs\/en\/wp-json\/wp\/v2\/media\/8962"}],"wp:attachment":[{"href":"https:\/\/agrarpetrovic.rs\/en\/wp-json\/wp\/v2\/media?parent=4467"}],"wp:term":[{"taxonomy":"product_brand","embeddable":true,"href":"https:\/\/agrarpetrovic.rs\/en\/wp-json\/wp\/v2\/product_brand?post=4467"},{"taxonomy":"product_cat","embeddable":true,"href":"https:\/\/agrarpetrovic.rs\/en\/wp-json\/wp\/v2\/product_cat?post=4467"},{"taxonomy":"product_tag","embeddable":true,"href":"https:\/\/agrarpetrovic.rs\/en\/wp-json\/wp\/v2\/product_tag?post=4467"}],"curies":[{"name":"wp","href":"https:\/\/api.w.org\/{rel}","templated":true}]}}