{"id":4470,"date":"2023-07-13T16:13:08","date_gmt":"2023-07-13T14:13:08","guid":{"rendered":"https:\/\/agrarpetrovic.rs\/?post_type=product&#038;p=4470"},"modified":"2025-10-23T11:54:51","modified_gmt":"2025-10-23T09:54:51","slug":"karate-zeon-insekticid","status":"publish","type":"product","link":"https:\/\/agrarpetrovic.rs\/en\/proizvod\/karate-zeon-insekticid\/","title":{"rendered":"Karate Zeon &#8211; Insekticid"},"content":{"rendered":"<p>Primena<br \/>\n1) usevu p\u0161enice, za suzbijanje \u017eitne pijavice (Lema melanopus), u kol.0,2 I\/ha (2 ml na 100 m\u00b2), tretiranjem pri pojavi larvi treceg uzrasta; 2)usevu \u0161e\u0107erne repe, za suzbijanje lisnih sovica (Mamestrasp.), u kol. 0,2 I\/ha (2 ml na 100 m ), tretiranjem pri pojavi larvi \u010detvrtog uzrasta;<br \/>\n2) zasadu jabuke, za suzbijanje jabukinog smotavca (Cydia pomonella), u konc. 0,02% (2 ml u 10 I vode), tretiranjem na po\u010detku piljerrja prvih gusenica; 4)zasadu breskve, za suzbijanje breskvinog smotavca (Cydia molesta), u konc. 0,02% (2 ml u 10 I vode), tretiranjem u vreme ustanovljenja maksimalnog leta leptira Hi pri pojavi prvih o\u0161te\u0107enja na mladarima;<br \/>\nKarate Zeon kao i drugi piretroidni insekticidi nema sistemi\u010dno delovanje, ve\u0107 je izrazito kontaktni preparat. Neophodno je, usev (zasad) koji se tretira dobro i ravnomerno prekriti rastvorom sredstva..<br \/>\nKarate Zeon je formulisan kao suspenzija mikrokapsula namenjene isklju\u010divo da za\u0161tite osobu koja primenjuje preparat od potencijalne pojave preosetljivosti i crvenila ko\u017ee koji se \u010desto javljaju kod primene piretroidnih insekticida. Neposredno posle primene po dospevanju na ciljnu povr\u0161inu i su\u0161enje depozita, zeon mikrokapsule se raspadaju osoboba\u0111aju\u0107i aktivnu materiju u potpunosti ispoljavaju\u0107i visoku efikasnost.<br \/>\nPreporuka za primenu:<br \/>\nKarate Zeon se mo\u017ee na istoj povr\u0161ini upotrebiti najvi\u0161e dva puta u toku godine, a u usevu uljane repice jednom. Zbog opasnosti od razvoja rezistentnosti insekata i ukr\u0161tene rezistentnosti, naro\u010dito pri suzbijanju smotavca, alternativno ne primenjivati preparate iz grupe piretroida.<br \/>\nPrimena iz vazduhoplova je dozvoljena pod slede\u0107im uslovima: povr\u0161ine koje se tretiraju moraju biti udaljene najmanje 500 m od naselja i poljoprivrednih objekata, 300 m od voda i izvori\u0161ta voda, brzina vetra ne sme biti ve\u0107a od 3 m\/s, a rubne zone (200-500 m) se tretiraju sa zemlje.<br \/>\nPreparat je otrovan za p\u010dele, pa izbegavati primenu u vreme cvetanja i aktivnosti p\u010dela.<br \/>\nKarenca<br \/>\n14 dana za breskvu i \u0161e\u0107ernu repu, 35 dana za p\u0161enicu, 42 dana za uljanu repicu<\/p>","protected":false},"excerpt":{"rendered":"<p>Klasa: Insekticid<\/p>\n<p>Prizvo\u0111a\u010d : Sygenta<\/p>\n<p>Formulacija:\u00a0 suspenzija kapsula &#8211; CS<br \/>\nAktivna materija:\u00a0 50 g\/l lambda-cihalotrin 86,2%<\/p>","protected":false},"featured_media":4500,"template":"","meta":[],"product_brand":[],"product_cat":[234],"product_tag":[489],"class_list":{"0":"post-4470","1":"product","2":"type-product","3":"status-publish","4":"has-post-thumbnail","6":"product_cat-insekticidi","7":"product_tag-lambda-cihalotrin","9":"first","10":"outofstock","11":"shipping-taxable","12":"purchasable","13":"product-type-simple"},"_links":{"self":[{"href":"https:\/\/agrarpetrovic.rs\/en\/wp-json\/wp\/v2\/product\/4470","targetHints":{"allow":["GET"]}}],"collection":[{"href":"https:\/\/agrarpetrovic.rs\/en\/wp-json\/wp\/v2\/product"}],"about":[{"href":"https:\/\/agrarpetrovic.rs\/en\/wp-json\/wp\/v2\/types\/product"}],"wp:featuredmedia":[{"embeddable":true,"href":"https:\/\/agrarpetrovic.rs\/en\/wp-json\/wp\/v2\/media\/4500"}],"wp:attachment":[{"href":"https:\/\/agrarpetrovic.rs\/en\/wp-json\/wp\/v2\/media?parent=4470"}],"wp:term":[{"taxonomy":"product_brand","embeddable":true,"href":"https:\/\/agrarpetrovic.rs\/en\/wp-json\/wp\/v2\/product_brand?post=4470"},{"taxonomy":"product_cat","embeddable":true,"href":"https:\/\/agrarpetrovic.rs\/en\/wp-json\/wp\/v2\/product_cat?post=4470"},{"taxonomy":"product_tag","embeddable":true,"href":"https:\/\/agrarpetrovic.rs\/en\/wp-json\/wp\/v2\/product_tag?post=4470"}],"curies":[{"name":"wp","href":"https:\/\/api.w.org\/{rel}","templated":true}]}}