{"id":4474,"date":"2023-07-13T16:13:08","date_gmt":"2023-07-13T14:13:08","guid":{"rendered":"https:\/\/agrarpetrovic.rs\/?post_type=product&#038;p=4474"},"modified":"2025-10-23T11:54:51","modified_gmt":"2025-10-23T09:54:51","slug":"nordox-75-wg-fungicid","status":"publish","type":"product","link":"https:\/\/agrarpetrovic.rs\/en\/proizvod\/nordox-75-wg-fungicid\/","title":{"rendered":"Nordox 75 WG &#8211; Fungicid"},"content":{"rendered":"<p>Nordox 75 WG je povr\u0161inski fungicid \u0161irokog spektra djelovanja na bazi bakra iz bakrenog oksida. Suzbija \u0161iroki spektar gljivi\u010dnih bolesti. Koristi se tako\u0111er protiv bakterijskih bolesti na raznom bilju. Formulacija omogu\u0107ava visoku selektivnost i pobolj\u0161anu mogu\u0107nost mije\u0161anja u odnosu na bordo\u0161ku juhu. Uslijed kvalitetne formulacije tj. idealne veli\u010dine \u010destica, omogu\u0107eno je, tako\u0111er, idealno prianjanje uz tretirane biljne organe te se na taj na\u010din posti\u017ee ja\u010da otpornost na ispiranje oborinama.<br \/>\nBakar je najstarija i najvi\u0161e kori\u0161tena djelatna tvar u za\u0161titi od biljnih bolesti. Bakreni ioni uglavnom izazivaju denaturaciju proteina i nekih enzima. Unato\u010d uporabi bakrenih fungicida ve\u0107 vi\u0161e od stotinu godina, jo\u0161 uvijek se ne javljaju rezistentne populacije gljivica na bakar. Bakar je jedna od rijetkih djelatnih tvari u poljoprivredi koja pru\u017ea odre\u0111enu za\u0161titu i od bakterijskih oboljenja.<br \/>\na) na vinovoj lozi za suzbijanje:<\/p>\n<p>&#8211; crne pjegavosti vinove loze (Phomopsis viticola) u fenofazi izboja 3-10 cm (stadij D).<\/p>\n<p>&#8211; plamenja\u010de vinove loze (Plasmopara viticola) preventivno, prije nastupanja zaraza. Primjenjuje se u koncentraciji 0,1% i 0,15% (100-150 g u 100 l vode).<\/p>\n<p>b) u vo\u0107arstvu za suzbijanje:<\/p>\n<p>&#8211; pjegavosti lista i krastavosti ploda jabuke (Venturia inaequalis) u mirovanju vegetacije u koncentraciji 0,2% (200 g u 100 l vode), pri pojavi zelenog vrha pupa (fenofaze B-C) u koncentraciji 0,1-0,2% (100-200 g u 100 l vode) te pri pojavi mi\u0161jih u\u0161iju (fenofaza C3) u koncentraciji 0,1% (100 g u 100 l vode)<\/p>\n<p>&#8211; bakterijske pale\u017ei na jabuci (Erwinia amylovora) u fenofazi A-B u koncentraciji 0,2% (200 g u 100 l vode), u fenofazi C u koncentraciji 0,15% (150 g u 100 l vode), u fenofazi D u koncentraciji 0,1% (100 g u 100 l vode), u po\u010detku cvatnje do precvjetvanja (E-H) u koncentraciji 0,03% (30 g u 100 l vode) u intervalima od 7 dana. Mo\u017ee se primijeniti u kombinaciji sa sredstvima na osnovi fosetila (Aliette), u koncentraciji Nordox 75 WG 0,01% + Aliette 0,2% (10 g+200 g u 100 l vode).<\/p>\n<p>&#8211; paunovog oka na maslinama (Cycloconium oleoginum) u koncentraciji 0,15% (150 g u 100 l vode). Prskanje provesti u rano prolje\u0107e prije pojave ki\u0161a, a prije cvatnje masline.<\/p>\n<p>c) u povrtlarstvu za suzbijanje:<br \/>\n&#8211; plamenja\u010de krumpira i Paradajza (Phytophthora infestans) i koncentri\u010dne pjegavosti li\u0161\u0107a krompira i paradajza (Alternaria solani) u koli\u010dini od 1 kg\/ha (100 g sredstva u 30-50 l vode na 1000 m2). Ne sme se primjenjivati na sortama paradajza sitnog ploda;<br \/>\n&#8211; plamenja\u010de krastavaca, lubenice i bundeve (Pseudoperonospora cubensis) u koncentraciji 0,15%. Sredstvo se u krastavcima sjm primjenjivati samo prije po\u010detka cvetanja.<br \/>\nSredstvo se ne smije me\u0161ati s kiselim i ditiofosfornim insekticidima (sa pH ni\u017eim od 5,5) i \u0111ubrivima.<br \/>\nTravu iz nasada ne koristiti kao krmivo jer ostaci bakra kontaminiraju mleko iznad dozvoljenih koli\u010dina. Primjena u cvetanju smanjuje oplodnju.Primena iz vazduha nije dozvoljena. U nasade u kojima je primjenjeno sredstvo ne pu\u0161tati doma\u0107e \u017eivotinje. Prilikom primene treba sprie\u010diti zano\u0161enje na sve susedne kulture. Fitotoksi\u010dnost se mo\u017ee pojaviti ukoliko se sredstvo primjenjuje po hladnom i vla\u017enom vremenu, kao i u vrijeme kada nije dozvoljeno kori\u0161tenje bakranih fungicida u vo\u0107arstvu.<br \/>\n&#8211; 14 dana: za lubenicu i Paradajz (u polju i za\u0161ti\u0107enom prostoru),<br \/>\n&#8211; 28 dana: za bundeve,<br \/>\n&#8211; 35 dana: za vinovu lozu,<br \/>\n&#8211; 56 dana: za maslinu,<br \/>\n&#8211; u jabuci i krastavcima osigurana je vremenom primjene.<\/p>","protected":false},"excerpt":{"rendered":"<p>Nordox 75 WG je povr\u0161inski fungicid \u0161irokog spektra djelovanja na bazi bakra.<\/p>\n<p>Sastav:Bakar iz bakar-1-oksida (75%).<br \/>\nFormulacija: Vodorastvorljive granule (WG).<\/p>\n<p>Proizvo\u0111a\u010d: Sygenta<\/p>\n<p>Pakovanje: 1 kg, 0,25 kg.<\/p>","protected":false},"featured_media":4525,"template":"","meta":[],"product_brand":[],"product_cat":[219,249,224,225,227,226,223,220,221,222],"product_tag":[558],"class_list":{"0":"post-4474","1":"product","2":"type-product","3":"status-publish","4":"has-post-thumbnail","6":"product_cat-fungicidi","7":"product_cat-fungicidi-protiv-bakteriozne-plamenjace","8":"product_cat-fungicidi-protiv-cadjave-pegavosti-lista-i-krastavosti-plodova","9":"product_cat-fungicidi-protiv-pegavosti-lista","10":"product_cat-fungicidi-protiv-plamenjace-u-vinovoj-lozi","11":"product_cat-fungicidi-protiv-plamenjace","12":"product_cat-fungicidi-u-jabucastom-vocu","13":"product_cat-fungicidi-u-povrtarstvu","14":"product_cat-fungicidi-u-vinovoj-lozi","15":"product_cat-fungicidi-u-vocarstvu","16":"product_tag-bakari-oksid-kuprous-oksid","18":"first","19":"outofstock","20":"shipping-taxable","21":"purchasable","22":"product-type-simple"},"_links":{"self":[{"href":"https:\/\/agrarpetrovic.rs\/en\/wp-json\/wp\/v2\/product\/4474","targetHints":{"allow":["GET"]}}],"collection":[{"href":"https:\/\/agrarpetrovic.rs\/en\/wp-json\/wp\/v2\/product"}],"about":[{"href":"https:\/\/agrarpetrovic.rs\/en\/wp-json\/wp\/v2\/types\/product"}],"wp:featuredmedia":[{"embeddable":true,"href":"https:\/\/agrarpetrovic.rs\/en\/wp-json\/wp\/v2\/media\/4525"}],"wp:attachment":[{"href":"https:\/\/agrarpetrovic.rs\/en\/wp-json\/wp\/v2\/media?parent=4474"}],"wp:term":[{"taxonomy":"product_brand","embeddable":true,"href":"https:\/\/agrarpetrovic.rs\/en\/wp-json\/wp\/v2\/product_brand?post=4474"},{"taxonomy":"product_cat","embeddable":true,"href":"https:\/\/agrarpetrovic.rs\/en\/wp-json\/wp\/v2\/product_cat?post=4474"},{"taxonomy":"product_tag","embeddable":true,"href":"https:\/\/agrarpetrovic.rs\/en\/wp-json\/wp\/v2\/product_tag?post=4474"}],"curies":[{"name":"wp","href":"https:\/\/api.w.org\/{rel}","templated":true}]}}