{"id":4503,"date":"2023-07-13T16:13:31","date_gmt":"2023-07-13T14:13:31","guid":{"rendered":"https:\/\/agrarpetrovic.rs\/?post_type=product&#038;p=4503"},"modified":"2025-10-23T11:54:51","modified_gmt":"2025-10-23T09:54:51","slug":"thiovit-jet-fungicid","status":"publish","type":"product","link":"https:\/\/agrarpetrovic.rs\/en\/proizvod\/thiovit-jet-fungicid\/","title":{"rendered":"Thiovit Jet &#8211; Fungicid"},"content":{"rendered":"<p>Thiovit Jet je povr\u0161inski fungicid na bazi sumpora koji se odlikuje jedinstvenom formulacijom koja bitno utje\u010de na efikasnost i selektivnost pripravka.<\/p>\n<p>Upotrebom sredstva Thiovit Jet na biljnoj povr\u0161ini se stvara za\u0161titna fungicidna prevlaka koja spre\u010dava klijanje spora osjetljivih gljivi\u010dnih organizama. Aplikacija mora biti napravljena prije nastanka infekcija da bi se postigli zadovoljavaju\u0107i rezultati. Thiovit Jet je idealan partner fungicidima sa specifi\u010dnim mjestom djelovanja radi spre\u010davanja pojave rezistentnosti. Na niskim temperaturama (ni\u017eim od 10\u00b0C) nema djelotvornosti jer se u\u010dinak posti\u017ee uglavnom isparavanjem nane\u0161enog depozita na biljnom materijalu, a kod preniskih temperatura je hlapljenje onemogu\u0107eno).<br \/>\nNa vinovoj lozi za suzbijanje pepelnice vinove loze (Uncinula necator) u koncentraciji 0,3% (300 g u 100 l vode) za preventivno tretiranje i 0,3-0,5% (300-500 g u 100 l vode) za tretiranje u vrijeme prve pojave bolesti.<\/p>\n<p>Na jabuci za suzbijanje pepelnice jabuke (Podosphaera leucotricha) u koncentraciji 0,5-0,6% (500-600 g u 100 l vode) za tretiranje prije cvjetanja i u koncentraciji od 0,3% (300 g u 100 l vode) za tretiranje poslije cvatnje jabuke.<br \/>\nNa breskvi za suzbijanje pepelnice breskve (Sphaerotheca pannosa var. persicaria)<br \/>\nu koncentraciji 0,5-0,6% (500-600 g u 100 l vode) tretiranjem prije cvjetanja breskve i u koncentraciji 0,3-0,4% poslije cvatnje.<br \/>\nNa hmelju za suzbijanje pepelnice hmelja (Sphaerotheca humuli) u koncentraciji od 0,4% (400 g na 100 l vode)<br \/>\nNa povr\u0107u za suzbijanje pepelnice (Oidium spp.) na povrtlarskim kulturama u koncentraciji od 0,3-0,4% (300-400 g u 100 l vode).<br \/>\nU cvje\u0107arstvu za suzbijanje pepelnice ru\u017ea (Sphaerotheca pannosa var. rosae) u koncentraciji od 0,35% (350 g u 100 l vode) i pepelnice na cvije\u0107u (begonije, cinerarije, krizanteme i hortenzije) u koncentraciji od 0,2% (200 g u 100 l vode). Izbjegavati tretiranje otvorenog cvijeta.<br \/>\nNe smije se mije\u0161ati s uljnim sredstvima, ne smije se koristiti prije, odnosno 21 dan poslije primjene uljnih sredstava.<br \/>\nZa sve namjene mo\u017ee se koristiti najvi\u0161e \u010detiri puta u vegetaciji. Aviotretiranje nije dozvoljeno. U staklenicima je potrebno osigurati dobru ventilaciju. Na temperaturama ispod 16\u00b0C biolo\u0161ko djelovanje je oslabljeno zbog znatno manje hlapivosti sumpora. Izbjegavati primjenu u punoj cvatnji.<br \/>\nNe koristiti ga na kru\u0161kama sorte D&#8217;Anjon, marelicama, brusnici i \u0161pinatu jer su izrazito osjetljivi, na jabukama sorte Coxorange, Ontario i Berlepsh i na tikvenja\u010dama u za\u0161ti\u0107enom prostoru. Na osjetljivim biljkama (maline, krastavci, kru\u0161ke, jabuke sorte Crveni deli\u0161es) koristiti ni\u017ee preporu\u010dene koncentracije i ne mije\u0161ati ga sa bupirimatom, folpetom i kaptanom. Mo\u017ee se pojaviti fitotoksi\u010dnost ako se tretira na temperaturama iznad 28\u00b0C i kod gubitka turgora.<br \/>\n7 dana za krastavce (u polju i za\u0161ti\u0107enom prostoru), gra\u0161ak, hmelj; 14 dana za ostalo povr\u0107e i vo\u0107ke; 35 dana za vinovu lozu; 42 dana za ratarske usjeve. Za mje\u0161avine s ditiokarbamatnim fungicidima, karenca za vinovu lozu iznosi 56 dana.<\/p>","protected":false},"excerpt":{"rendered":"<p>Kategorija: Fungicid<\/p>\n<p>Sastav: Elementarni sumpor (800 g\/kg).<\/p>\n<p>Formulacija:Vodorastvorive\u00a0 granule (WG).<\/p>\n<p>Pakiranje: 1 kg, 10 kg<\/p>\n<p>Proizvo\u0111a\u010d: Sygenta<br \/>\n.<\/p>","protected":false},"featured_media":4532,"template":"","meta":[],"product_brand":[],"product_cat":[219,253,254,235,252,223,230,221,222],"product_tag":[716],"class_list":{"0":"post-4503","1":"product","2":"type-product","3":"status-publish","4":"has-post-thumbnail","6":"product_cat-fungicidi","7":"product_cat-fungicidi-protiv-pepelnice-u-kosticavom-vocu","8":"product_cat-fungicidi-protiv-pepelnice-u-jabucastom-vocu","9":"product_cat-fungicidi-protiv-pepelnice-u-vinovoj-lozi","10":"product_cat-fungicidi-protiv-pepelnice","11":"product_cat-fungicidi-u-jabucastom-vocu","12":"product_cat-fungicidi-u-kosticavom-vocu","13":"product_cat-fungicidi-u-vinovoj-lozi","14":"product_cat-fungicidi-u-vocarstvu","15":"product_tag-sumpor-elementarni","17":"first","18":"outofstock","19":"shipping-taxable","20":"product-type-simple"},"_links":{"self":[{"href":"https:\/\/agrarpetrovic.rs\/en\/wp-json\/wp\/v2\/product\/4503","targetHints":{"allow":["GET"]}}],"collection":[{"href":"https:\/\/agrarpetrovic.rs\/en\/wp-json\/wp\/v2\/product"}],"about":[{"href":"https:\/\/agrarpetrovic.rs\/en\/wp-json\/wp\/v2\/types\/product"}],"wp:featuredmedia":[{"embeddable":true,"href":"https:\/\/agrarpetrovic.rs\/en\/wp-json\/wp\/v2\/media\/4532"}],"wp:attachment":[{"href":"https:\/\/agrarpetrovic.rs\/en\/wp-json\/wp\/v2\/media?parent=4503"}],"wp:term":[{"taxonomy":"product_brand","embeddable":true,"href":"https:\/\/agrarpetrovic.rs\/en\/wp-json\/wp\/v2\/product_brand?post=4503"},{"taxonomy":"product_cat","embeddable":true,"href":"https:\/\/agrarpetrovic.rs\/en\/wp-json\/wp\/v2\/product_cat?post=4503"},{"taxonomy":"product_tag","embeddable":true,"href":"https:\/\/agrarpetrovic.rs\/en\/wp-json\/wp\/v2\/product_tag?post=4503"}],"curies":[{"name":"wp","href":"https:\/\/api.w.org\/{rel}","templated":true}]}}