{"id":4505,"date":"2023-07-13T16:13:31","date_gmt":"2023-07-13T14:13:31","guid":{"rendered":"https:\/\/agrarpetrovic.rs\/?post_type=product&#038;p=4505"},"modified":"2025-10-23T11:54:51","modified_gmt":"2025-10-23T09:54:51","slug":"voliam-targo-063-sc-insekticid","status":"publish","type":"product","link":"https:\/\/agrarpetrovic.rs\/en\/proizvod\/voliam-targo-063-sc-insekticid\/","title":{"rendered":"Voliam Targo 063 SC &#8211; Insekticid"},"content":{"rendered":"<p>Voliam targo 063 SC je insekticid za suzbijanje jabukovog smotavca u jabukama, obi\u010dne kru\u0161kine buve u zasadu kru\u0161ke i moljca paradajza u paradajzu.<\/p>\n<p>Primena:<\/p>\n<p>Voliam Targo 063 SC je insekticid sa kontaktnim i utrobnim delovanjem koji se primenjuje u:<\/p>\n<ul>\n<li>zasadu jabuke, za suzbijanje jabukovog smotavca (Cydia pomenella) u koncentraciji 0,075%, odnosno u koli\u010dini 0,75 do 1,1 l\/ha, uz upotrebu 1000 &#8211; 1500 l\/ha vode, u zavisnosti od bujnostu zasada. Za suzbijanje prve generacije jabukovg smotavca, primenjuju se dva tretmana, prvo tretiranje u fazi pojave \u201ecrne glave\u201c, odnosno pred piljenje gusenice, i drugo 10-14 dana kasnije;<\/li>\n<li>zasadu kru\u0161ke za suzbijanje obi\u010dne kru\u0161kine buve (Cacopsylla pyri), u koncentraciji 0,075%, odnosno u koli\u010dini 0,75 do 1,1 l\/ha, uz upotrebu 1000 &#8211; 1500 l\/ha vode, u zavisnosti od bujnostu zasada, uz dodatak mineralnog ulja u koncentraciji 0,25% Tretiranje obaviti na po\u010detku piljenja prvih larvi. Ako je potrebno tretman ponoviti nakon 12-14 dana;<\/li>\n<li>usevu paradajza, za suzbijanje moljca paradajza (Tuta absoluta), u koncentraciji 0,08-0,1%, odnosno u koli\u010dini od 80-100 ml u 100 l vode, uz dodataka okva\u0161iva\u010da Etalfix Pro u koncentaciji 0,03-0,05%. Vreme primene odre\u0111uje pojava i razvoja \u0161teto\u010dine, i odre\u0111uje se na osnovu ulova leptira \u0161teto\u010dine na feromonskoj klopci ili na osnovu prvih o\u0161te\u0107enja koje na listovima ili plodovima paradajza pravi gusenica.<\/li>\n<\/ul>\n<p>Ovo sredstvo je toksi\u010dno za p\u010dele. Radi za\u0161tite p\u010dela i drugih opra\u0161iva\u010da ne primenjivati u vreme cvetanja useva i u vreme ispa\u0161e p\u010dela. Ako tokom primene sredstvo dospeva i na korove u cvetanju koje pose\u0107uju p\u010dele, uni\u0161iti ovakve korove pre cvetanja ili pre primene ovog sredstva.<\/p>\n<p>Voliam Targo 063 SC se mo\u017ee na istoj povr\u0161ini primeniti dva puta u toku godine. Zbog potencijalnog razvoja rezistentnosti obi\u010dne kru\u0161kine buve na abamektin i jabukovog smotavca na hlorantraniliprol, alternativno ne primenjivati preparate na bazi abamektina i hlorantraniliprola.<\/p>\n<p>Na\u010din delovanja:<\/p>\n<p>Abamektin se nakon primene usvaja u list, ali nema kretanja biljnim sokovima, ve\u0107 se aktivna materije deponuje izme\u0111u lica i nali\u010dja lista, obezbe\u0111uju\u0107i dugotrajno delovanje na insekte koji se hrane sisanjem biljnih sokova.<\/p>\n<p>Hlorantraniliprol je aktivna materija sa novim mehanizmom delovanja, pa je odli\u010dno re\u0161enje za suzbijanje insekata koji su ve\u0107 manje osetljivi prema velikom broju drugih aktivnih materija. Ima odli\u010dno delovanje na jaja i larve, a kod nekih \u0161teto\u010dina i na odrasle insekte. Najbolej vreme primene je pre polaganja jaja i na po\u010dektu piljenja gusenica. Ima kontaktno i utrobno delovanje.<\/p>\n<p>Preporuka za primenu:Napuniti rezrvoar prskalice sa malo \u010diste vode (do jedne tre\u0107ine) i otpo\u010deti sa me\u0161anjem. Polako dodavati odgovaraju\u0107u koli\u010dinu preparata i nastaviti sa me\u0161anjem uz dodavanje preostale koli\u010dine vode. Nastaviti sa me\u0161anjem i pri primeni preparata.<\/p>\n<p>Karenca (vreme izme\u0111u poslednje primene preparata i berbe, odnosno \u017eetve): 14 dan za jabuku i kru\u0161ku, 3 dana za paradajz.<\/p>\n<p>NapomenaPRE PRIMENE SREDSTVA ZA ZA\u0160TITU BILJA OBAVEZNO PRO\u010cITATI ETIKETU. PRIDR\u017dAVATI SE UPUTSTVA ZA UPOTREBU DA BI SE IZBEGLI RIZICI ZA ZDRAVLJE LJUDI I \u017dIVOTNU SREDINU<\/p>","protected":false},"excerpt":{"rendered":"<p>AKTIVNA MATERIJA: <span class=\"feat-span\">hlorantraniliprol (45 g\/l) + abamektin (18 g\/l)<\/span><\/p>\n<p>Usev\/zasad u kome se primenjuje: <span class=\"feat-span\">jabuka, kru\u0161ka, paradajz<\/span><\/p>\n<p>Proizvo\u0111a\u010d: <strong>Syngenta<\/strong><\/p>\n<p>Oblik i oznaka formulacije: Koncentrovana suspenzija (SC)<\/p>","protected":false},"featured_media":4534,"template":"","meta":[],"product_brand":[],"product_cat":[234],"product_tag":[628],"class_list":{"0":"post-4505","1":"product","2":"type-product","3":"status-publish","4":"has-post-thumbnail","6":"product_cat-insekticidi","7":"product_tag-hlorantraniliprol-abamektin","9":"first","10":"outofstock","11":"shipping-taxable","12":"purchasable","13":"product-type-simple"},"_links":{"self":[{"href":"https:\/\/agrarpetrovic.rs\/en\/wp-json\/wp\/v2\/product\/4505","targetHints":{"allow":["GET"]}}],"collection":[{"href":"https:\/\/agrarpetrovic.rs\/en\/wp-json\/wp\/v2\/product"}],"about":[{"href":"https:\/\/agrarpetrovic.rs\/en\/wp-json\/wp\/v2\/types\/product"}],"wp:featuredmedia":[{"embeddable":true,"href":"https:\/\/agrarpetrovic.rs\/en\/wp-json\/wp\/v2\/media\/4534"}],"wp:attachment":[{"href":"https:\/\/agrarpetrovic.rs\/en\/wp-json\/wp\/v2\/media?parent=4505"}],"wp:term":[{"taxonomy":"product_brand","embeddable":true,"href":"https:\/\/agrarpetrovic.rs\/en\/wp-json\/wp\/v2\/product_brand?post=4505"},{"taxonomy":"product_cat","embeddable":true,"href":"https:\/\/agrarpetrovic.rs\/en\/wp-json\/wp\/v2\/product_cat?post=4505"},{"taxonomy":"product_tag","embeddable":true,"href":"https:\/\/agrarpetrovic.rs\/en\/wp-json\/wp\/v2\/product_tag?post=4505"}],"curies":[{"name":"wp","href":"https:\/\/api.w.org\/{rel}","templated":true}]}}