{"id":4509,"date":"2023-07-13T16:13:31","date_gmt":"2023-07-13T14:13:31","guid":{"rendered":"https:\/\/agrarpetrovic.rs\/?post_type=product&#038;p=4509"},"modified":"2023-07-13T16:13:51","modified_gmt":"2023-07-13T14:13:51","slug":"azaka-250-sc-fungicid","status":"publish","type":"product","link":"https:\/\/agrarpetrovic.rs\/en\/proizvod\/azaka-250-sc-fungicid\/","title":{"rendered":"Azaka 250 SC &#8211; Fungicid"},"content":{"rendered":"<p class=\"x-text-type cs-ta-left\" data-x-element=\"text_type\" data-x-params=\"{&quot;strings&quot;:[&quot;Lokal sistemiu010dni fungicid sa protektivnim, kurativnim i eradikativnim delovanjem za suzbijanje didimele u malini i plamenjau010de i pepelnice u vinovoj lozi&quot;],&quot;type_speed&quot;:10,&quot;start_delay&quot;:0,&quot;back_speed&quot;:50,&quot;back_delay&quot;:3000,&quot;loop&quot;:false,&quot;show_cursor&quot;:true,&quot;cursor&quot;:&quot;|&quot;}\"><span class=\"text\">Lokal sistemi\u010dni fungicid sa protektivnim, kurativnim i eradikativnim delovanjem za suzbijanje didimele u malini i plamenja\u010de i pepelnice u vinovoj lozi<\/span><span class=\"typed-cursor\">|<\/span><\/p>\n<div class=\"x-text cs-ta-left\">\n<p>Primena<br \/>\n<strong>Azaka\u00ae 250 SC<\/strong> je preparat na bazi aktivne materije azoksistrobin koja spada u hemijsku grupu strobilurina koja ispoljava translaminarna i sistemi\u010dna svojstva. Primenjuje se:<\/p>\n<p><strong>u vinovoj lozi<\/strong>: za suzbijanje prouzrokova\u010da plamenja\u010de vinove loze (<em>Plasmopara viticola<\/em>) u koncentraciji 0,075% (7,5 ml u 10 l vode), preventivnim tretiranjem, pre pojave simptoma, po\u010dev od faze 13 BBCH skale pa do po\u010detka \u0161arka (BBCH 81),\u00a0za suzbijanje prouzrokova\u010da pepelnice vinove loze (<em>Uncinula necator<\/em>) u koncentraciji 0,075% (7,5 ml u 10 l vode), u zavisnosti od uslova za pojavu oboljenja, tokom cele sezone od faze razvijena tri lista (BBCH 13) do po\u010detka formiranja plodova (BBCH 71);<\/p>\n<p><strong>u malini<\/strong>: za suzbijanje prouzrokova\u010da su\u0161enja lastara (<em>Didymella applanata<\/em>) u koncentraciji 0,035% (3,5ml u 10 l vode) preventivnim tretiranjem tokom intenzivnog porasta izbojaka do po\u010detka cvetanja (faza 61 BBCH skale).<\/p>\n<table id=\"tablepress-18\" class=\"tablepress tablepress-id-18\">\n<tbody class=\"row-hover\">\n<tr class=\"row-1 odd\">\n<td class=\"column-1\">Aktivna materija<\/td>\n<td class=\"column-2\">azoksistrobin 250 g\/l<\/td>\n<\/tr>\n<tr class=\"row-2 even\">\n<td class=\"column-1\">Formulacija<\/td>\n<td class=\"column-2\">koncentrovana suspenzija (SC)<\/td>\n<\/tr>\n<tr class=\"row-3 odd\">\n<td class=\"column-1\">Utro\u0161ak vode<\/td>\n<td class=\"column-2\">600-1000 l\/ha (vinova loza), 400-600 l\/ha (malina)<\/td>\n<\/tr>\n<tr class=\"row-4 even\">\n<td class=\"column-1\">Karenca<\/td>\n<td class=\"column-2\">21 dan vinova loza, 10 dana malina<\/td>\n<\/tr>\n<tr class=\"row-5 odd\">\n<td class=\"column-1\">Pakovanje<\/td>\n<td class=\"column-2\">50ml, 200ml, 1<\/td>\n<\/tr>\n<\/tbody>\n<\/table>\n<\/div>\n","protected":false},"excerpt":{"rendered":"<p>Klasa: Fungicid<\/p>\n<p>Formulacija: Koncentrovana suspenzija (SC)<\/p>\n<p>Aktivna materija: Azoksistrobin 250 g\/l<\/p>\n<p>Primena: malina, vinova loza<\/p>\n<p>Proizvo\u0111a\u010d: AgroArm<\/p>","protected":false},"featured_media":4538,"template":"","meta":[],"product_brand":[],"product_cat":[219,235,227,245,228,221,222],"product_tag":[],"class_list":{"0":"post-4509","1":"product","2":"type-product","3":"status-publish","4":"has-post-thumbnail","6":"product_cat-fungicidi","7":"product_cat-fungicidi-protiv-pepelnice-u-vinovoj-lozi","8":"product_cat-fungicidi-protiv-plamenjace-u-vinovoj-lozi","9":"product_cat-fungicidi-protiv-susenja-lastara","10":"product_cat-fungicidi-u-jagodicastom-vocu","11":"product_cat-fungicidi-u-vinovoj-lozi","12":"product_cat-fungicidi-u-vocarstvu","14":"first","15":"instock","16":"shipping-taxable","17":"product-type-simple"},"_links":{"self":[{"href":"https:\/\/agrarpetrovic.rs\/en\/wp-json\/wp\/v2\/product\/4509","targetHints":{"allow":["GET"]}}],"collection":[{"href":"https:\/\/agrarpetrovic.rs\/en\/wp-json\/wp\/v2\/product"}],"about":[{"href":"https:\/\/agrarpetrovic.rs\/en\/wp-json\/wp\/v2\/types\/product"}],"wp:featuredmedia":[{"embeddable":true,"href":"https:\/\/agrarpetrovic.rs\/en\/wp-json\/wp\/v2\/media\/4538"}],"wp:attachment":[{"href":"https:\/\/agrarpetrovic.rs\/en\/wp-json\/wp\/v2\/media?parent=4509"}],"wp:term":[{"taxonomy":"product_brand","embeddable":true,"href":"https:\/\/agrarpetrovic.rs\/en\/wp-json\/wp\/v2\/product_brand?post=4509"},{"taxonomy":"product_cat","embeddable":true,"href":"https:\/\/agrarpetrovic.rs\/en\/wp-json\/wp\/v2\/product_cat?post=4509"},{"taxonomy":"product_tag","embeddable":true,"href":"https:\/\/agrarpetrovic.rs\/en\/wp-json\/wp\/v2\/product_tag?post=4509"}],"curies":[{"name":"wp","href":"https:\/\/api.w.org\/{rel}","templated":true}]}}