{"id":4510,"date":"2023-07-13T16:13:31","date_gmt":"2023-07-13T14:13:31","guid":{"rendered":"https:\/\/agrarpetrovic.rs\/?post_type=product&#038;p=4510"},"modified":"2023-07-13T16:13:54","modified_gmt":"2023-07-13T14:13:54","slug":"ahilus-50-ec-insekticid","status":"publish","type":"product","link":"https:\/\/agrarpetrovic.rs\/en\/proizvod\/ahilus-50-ec-insekticid\/","title":{"rendered":"Ahilus 50 EC &#8211; Insekticid"},"content":{"rendered":"<p class=\"x-text-type cs-ta-left\" data-x-element=\"text_type\" data-x-params=\"{&quot;strings&quot;:[&quot;Insekticid u0161irokog spektra delovanja, sa kontaktnom i digestivnom aktivnosti za suzbijanje skladiu0161nih insekata i biljnih vau0161i u usevu duvana&quot;],&quot;type_speed&quot;:10,&quot;start_delay&quot;:0,&quot;back_speed&quot;:50,&quot;back_delay&quot;:3000,&quot;loop&quot;:false,&quot;show_cursor&quot;:true,&quot;cursor&quot;:&quot;|&quot;}\"><span class=\"text\">Insekticid \u0161irokog spektra delovanja, sa kontaktnom i digestivnom aktivnosti za suzbijanje skladi\u0161nih insekata i biljnih va\u0161i u usevu duvana<\/span><span class=\"typed-cursor\">|<\/span><\/p>\n<div class=\"x-text cs-ta-left\">\n<p>Primena<br \/>\n<strong>U praznim skladi\u0161tima:<\/strong> primenjuje se prskanjem i oro\u0161avanjem u koli\u010dini od 0,75-1,5ml na 1m2 uz<br \/>\ndodatak 25-150ml vode na 1m2 za suzbijanje pirin\u010danog \u017ei\u0161ka (<em>Sitophilus oryzae<\/em>) dva dana pre uno\u0161enja robe. Primenjuje se automatskim dozatorima.<\/p>\n<p><strong>U usevu duvana:<\/strong> za suzbijanje lisnih va\u0161i (<em>Myzus persicae<\/em>) na po\u010detku formiranja kolonija, u koli\u010dini<br \/>\n0,5-1 l\/ha, odnosno 5-10 ml na 100 m2 na po\u010detku formiranja kolonija.<\/p>\n<table id=\"tablepress-55\" class=\"tablepress tablepress-id-55\">\n<tbody class=\"row-hover\">\n<tr class=\"row-1 odd\">\n<td class=\"column-1\">Aktivna materija<\/td>\n<td class=\"column-2\">Pirimifos-metil 500 g\/l<\/td>\n<\/tr>\n<tr class=\"row-2 even\">\n<td class=\"column-1\">Formulacija<\/td>\n<td class=\"column-2\">koncentrat za emulziju-EC<\/td>\n<\/tr>\n<tr class=\"row-3 odd\">\n<td class=\"column-1\">Utro\u0161ak vode<\/td>\n<td class=\"column-2\">200-400 l\/ha (duvan)<br \/>\n25 &#8211; 150 ml\/m2 (skladi\u0161ta)<\/td>\n<\/tr>\n<tr class=\"row-4 even\">\n<td class=\"column-1\">Karenca<\/td>\n<td class=\"column-2\">14 dana za duvan<br \/>\n3 dana u zatvorenom skladi\u0161tu<\/td>\n<\/tr>\n<tr class=\"row-5 odd\">\n<td class=\"column-1\">Pakovanje<\/td>\n<td class=\"column-2\">100ml, 1l<\/td>\n<\/tr>\n<\/tbody>\n<\/table>\n<\/div>\n","protected":false},"excerpt":{"rendered":"<div class=\"x-column x-sm x-1-3\">\n<div class=\"x-text\">\n<p>Klasa: Insekticid<\/p>\n<p>Formulacija: Koncentracija za emulziju (EC)<\/p>\n<p>Aktivna materija: Pirimifos-metil 500 g\/l<\/p>\n<p>Primena: skladi\u0161ta, duvan<\/p>\n<p>Proizvo\u0111a\u010d: AgroArm<\/p>\n<\/div>\n<\/div>","protected":false},"featured_media":4539,"template":"","meta":[],"product_brand":[],"product_cat":[234],"product_tag":[],"class_list":{"0":"post-4510","1":"product","2":"type-product","3":"status-publish","4":"has-post-thumbnail","6":"product_cat-insekticidi","8":"first","9":"instock","10":"shipping-taxable","11":"product-type-simple"},"_links":{"self":[{"href":"https:\/\/agrarpetrovic.rs\/en\/wp-json\/wp\/v2\/product\/4510","targetHints":{"allow":["GET"]}}],"collection":[{"href":"https:\/\/agrarpetrovic.rs\/en\/wp-json\/wp\/v2\/product"}],"about":[{"href":"https:\/\/agrarpetrovic.rs\/en\/wp-json\/wp\/v2\/types\/product"}],"wp:featuredmedia":[{"embeddable":true,"href":"https:\/\/agrarpetrovic.rs\/en\/wp-json\/wp\/v2\/media\/4539"}],"wp:attachment":[{"href":"https:\/\/agrarpetrovic.rs\/en\/wp-json\/wp\/v2\/media?parent=4510"}],"wp:term":[{"taxonomy":"product_brand","embeddable":true,"href":"https:\/\/agrarpetrovic.rs\/en\/wp-json\/wp\/v2\/product_brand?post=4510"},{"taxonomy":"product_cat","embeddable":true,"href":"https:\/\/agrarpetrovic.rs\/en\/wp-json\/wp\/v2\/product_cat?post=4510"},{"taxonomy":"product_tag","embeddable":true,"href":"https:\/\/agrarpetrovic.rs\/en\/wp-json\/wp\/v2\/product_tag?post=4510"}],"curies":[{"name":"wp","href":"https:\/\/api.w.org\/{rel}","templated":true}]}}