{"id":4511,"date":"2023-07-13T16:13:31","date_gmt":"2023-07-13T14:13:31","guid":{"rendered":"https:\/\/agrarpetrovic.rs\/?post_type=product&#038;p=4511"},"modified":"2023-07-13T16:14:01","modified_gmt":"2023-07-13T14:14:01","slug":"atletic-095-sg-insekticid","status":"publish","type":"product","link":"https:\/\/agrarpetrovic.rs\/en\/proizvod\/atletic-095-sg-insekticid\/","title":{"rendered":"Atletic 095 SG &#8211; Insekticid"},"content":{"rendered":"<p class=\"x-text-type cs-ta-left mtn h5\" data-x-element=\"text_type\" data-x-params=\"{&quot;strings&quot;:[&quot;Nesistemiu010dni insekticid sa kontaktnim i digestivnim delovanjem za suzbijanje jabukinog smotavca&quot;],&quot;type_speed&quot;:10,&quot;start_delay&quot;:0,&quot;back_speed&quot;:50,&quot;back_delay&quot;:3000,&quot;loop&quot;:false,&quot;show_cursor&quot;:true,&quot;cursor&quot;:&quot;|&quot;}\"><span class=\"text\">Nesistemi\u010dni insekticid sa kontaktnim i digestivnim delovanjem za suzbijanje jabukinog smotavca<\/span><span class=\"typed-cursor\">|<\/span><\/p>\n<div class=\"x-text cs-ta-left\">\n<p><strong>Delovanje<\/strong><br \/>\n<strong>Atletic\u00ae 095 SG<\/strong> je insekticid sa visokom efikasno\u0161\u0107u na Lepidoptere i visokom selektivno\u0161\u0107u na korisne organizme. Deluje utrobno na gusenice \u0161teto\u010dina, a na jaja deluje samo u slu\u010daju kada su direktno tretirana. Nekoliko \u010dasova nakon uno\u0161enja aktivne materije ishranom lista, dolazi do paralize gusenice i prestanka ishrane, a u slede\u0107a 2-4 dana dolazi do njihovog uginu\u0107a. Klasifikacija rezistentnosti (IRAC): 6.<\/p>\n<p><strong>Primena<\/strong><br \/>\n<strong>Jabuka:<\/strong><br \/>\n\u2013 Jabukin smotavac (<em>Cydia pomonella<\/em>);<strong> 2,5-3 kg\/ha<\/strong> uz dodatak 0,25% mineralnog ulja, za suzbijanje gusenica jabukinog smotavca primenjuje se u fazi pojave \u201ccrne glave\u201d odnosno pred piljenje gusenice, a drugo 10-14 dana kasnije.<strong><br \/>\n<\/strong><br \/>\n<strong>Preporuke i napomene vezane za primenu<\/strong><br \/>\n\u2192 Kontaknto delovanje preparata je slabo i mo\u017ee biti samo ako rastvor preparata dospe direktno na telo gusenice. Preparat se brzo razla\u017ee na svetlosti, posebno pri ja\u010dem UV zra\u010denju, pa je njegova rezidualna kontaktna aktivnost zanemarljiva. Da bi se pove\u0107alo kontaktno delovanje preporu\u010duje se primena preparata u ve\u010dernjim \u010dasovima. Stepen efikasnosti preparata se pove\u0107ava dodavanjem mineralnog ulja, u koncentraciji 0,25%.<br \/>\n\u2192\u00a0Postoje ograni\u010denja u kori\u0161\u0107enju parafinskih ulja zbog njihove fitotoksi\u010dne interakcije sa preparatima na bazi kaptana i sumpora, pa se preporu\u010duje razmak od dve sedmice izme\u0111u kori\u0161\u0107enja emamektina sa parafinskim uljima i fungicida na bazi kaptana I sumpora.<br \/>\n\u2192 Maksimalan broj tretiranja u toku godine je 2 puta.<\/p>\n<table id=\"tablepress-105\" class=\"tablepress tablepress-id-105\">\n<tbody class=\"row-hover\">\n<tr class=\"row-1 odd\">\n<td class=\"column-1\">Aktivna materija<\/td>\n<td class=\"column-2\">Emamektin benzoat 9,5 g\/kg<\/td>\n<\/tr>\n<tr class=\"row-2 even\">\n<td class=\"column-1\">Formulacija<\/td>\n<td class=\"column-2\">Vodorastvorljive granule (SG)<\/td>\n<\/tr>\n<tr class=\"row-3 odd\">\n<td class=\"column-1\">Utro\u0161ak vode<\/td>\n<td class=\"column-2\">Jabuka: 600-1000 l\/ha<\/td>\n<\/tr>\n<tr class=\"row-4 even\">\n<td class=\"column-1\">Karenca<\/td>\n<td class=\"column-2\">7 dana<\/td>\n<\/tr>\n<tr class=\"row-5 odd\">\n<td class=\"column-1\">Pakovanje<\/td>\n<td class=\"column-2\">250 g, 1 kg<\/td>\n<\/tr>\n<\/tbody>\n<\/table>\n<\/div>\n","protected":false},"excerpt":{"rendered":"<div class=\"x-column x-sm x-1-3\">\n<div class=\"x-text\">\n<p>Klasa: Insekticid<\/p>\n<p>Formulacija: Vodorastvoljive granule (SG)<\/p>\n<p>Aktivna materija: Pirimifos-metil 500 g\/l<\/p>\n<p>Primena: skladi\u0161ta, duvan<\/p>\n<p>Proizvo\u0111a\u010d: AgroArm<\/p>\n<\/div>\n<\/div>","protected":false},"featured_media":4558,"template":"","meta":[],"product_brand":[],"product_cat":[234],"product_tag":[],"class_list":{"0":"post-4511","1":"product","2":"type-product","3":"status-publish","4":"has-post-thumbnail","6":"product_cat-insekticidi","8":"first","9":"instock","10":"shipping-taxable","11":"product-type-simple"},"_links":{"self":[{"href":"https:\/\/agrarpetrovic.rs\/en\/wp-json\/wp\/v2\/product\/4511","targetHints":{"allow":["GET"]}}],"collection":[{"href":"https:\/\/agrarpetrovic.rs\/en\/wp-json\/wp\/v2\/product"}],"about":[{"href":"https:\/\/agrarpetrovic.rs\/en\/wp-json\/wp\/v2\/types\/product"}],"wp:featuredmedia":[{"embeddable":true,"href":"https:\/\/agrarpetrovic.rs\/en\/wp-json\/wp\/v2\/media\/4558"}],"wp:attachment":[{"href":"https:\/\/agrarpetrovic.rs\/en\/wp-json\/wp\/v2\/media?parent=4511"}],"wp:term":[{"taxonomy":"product_brand","embeddable":true,"href":"https:\/\/agrarpetrovic.rs\/en\/wp-json\/wp\/v2\/product_brand?post=4511"},{"taxonomy":"product_cat","embeddable":true,"href":"https:\/\/agrarpetrovic.rs\/en\/wp-json\/wp\/v2\/product_cat?post=4511"},{"taxonomy":"product_tag","embeddable":true,"href":"https:\/\/agrarpetrovic.rs\/en\/wp-json\/wp\/v2\/product_tag?post=4511"}],"curies":[{"name":"wp","href":"https:\/\/api.w.org\/{rel}","templated":true}]}}