{"id":4521,"date":"2023-07-13T16:13:32","date_gmt":"2023-07-13T14:13:32","guid":{"rendered":"https:\/\/agrarpetrovic.rs\/?post_type=product&#038;p=4521"},"modified":"2023-07-13T16:14:40","modified_gmt":"2023-07-13T14:14:40","slug":"fertileader-elite-2","status":"publish","type":"product","link":"https:\/\/agrarpetrovic.rs\/en\/proizvod\/fertileader-elite-2\/","title":{"rendered":"FERTILEADER ELITE"},"content":{"rendered":"<p><strong>Fertileader Elite<\/strong>\u00a0(NK 9\/6 + 12 CaO + 0,1% B + IPA + GB + AA) je te\u010dno \u0111ubrivo sa nagla\u0161enim sadr\u017eajem kalcijuma dok se svi makro i mikroelementi nalaze u\u00a0<a href=\"http:\/\/www.timacagro.rs\/inovacije\/inovacije\">Seactiv aminokiselinskom kompleksu<\/a>. Fertileader Elite se primenjuje za prihranu vo\u0107arskih i povrtarskih kultura i vinove loze i gajenim kulturama obezbe\u0111uje ve\u0107i procenat plodova prve klase, bolju ujedna\u010denost i bolju obojenost plodova, ve\u0107i sadr\u017eaj suve materije u plodovima i zna\u010dajno uti\u010de na bolje o\u010duvanje plodova posle berbe.<\/p>\n<p>&nbsp;<\/p>\n<p>Kod paprike, paradajza, lubenice, dinje i tikvice spre\u010dava propadanje plodova usled neadekvatne ishrane dok kod kupusnja\u010da \u2013 kupusa, karfiola, kelja i brokolija \u2013 spre\u010dava tzv. \u201etruljenje srca\u201c. Kod lisnatog povr\u0107a pove\u0107ava \u010dvrstinu lista. Kod jabuke spre\u010dava pojavu gorkih pega dok kod tre\u0161nje i vinove loze\u00a0 smanjuje mogu\u0107nost pucanja poko\u017eice plodova. Kod maline, jagode i kupine pove\u0107ava \u010dvrstinu plodova i produ\u017eava perod \u010duvanja.<\/p>\n<p>&nbsp;<\/p>\n<p>\u0110ubrivo se primenjuje svim vrstama standardnih prskalica i atomizera uz upotrebu 600 \u2013 1.000 l\/ha vode za vo\u0107njake i vinograde i 200 \u2013 400 l\/ha vode za povr\u0107e.<\/p>\n<p>&nbsp;<\/p>\n<p>Fertileader Elite dostupan je u pakovanjima od 1, 5 i 10 litara.<\/p>","protected":false},"excerpt":{"rendered":"<p><strong>Fertileader Elite<\/strong>(NK 9\/6 + 12 CaO + 0,1% B + IPA + GB + AA)<\/p>","protected":false},"featured_media":4572,"template":"","meta":[],"product_brand":[],"product_cat":[200,285],"product_tag":[],"class_list":{"0":"post-4521","1":"product","2":"type-product","3":"status-publish","4":"has-post-thumbnail","6":"product_cat-ishrana-bilja","7":"product_cat-tecna-djubriva","9":"first","10":"instock","11":"shipping-taxable","12":"product-type-simple"},"_links":{"self":[{"href":"https:\/\/agrarpetrovic.rs\/en\/wp-json\/wp\/v2\/product\/4521","targetHints":{"allow":["GET"]}}],"collection":[{"href":"https:\/\/agrarpetrovic.rs\/en\/wp-json\/wp\/v2\/product"}],"about":[{"href":"https:\/\/agrarpetrovic.rs\/en\/wp-json\/wp\/v2\/types\/product"}],"wp:featuredmedia":[{"embeddable":true,"href":"https:\/\/agrarpetrovic.rs\/en\/wp-json\/wp\/v2\/media\/4572"}],"wp:attachment":[{"href":"https:\/\/agrarpetrovic.rs\/en\/wp-json\/wp\/v2\/media?parent=4521"}],"wp:term":[{"taxonomy":"product_brand","embeddable":true,"href":"https:\/\/agrarpetrovic.rs\/en\/wp-json\/wp\/v2\/product_brand?post=4521"},{"taxonomy":"product_cat","embeddable":true,"href":"https:\/\/agrarpetrovic.rs\/en\/wp-json\/wp\/v2\/product_cat?post=4521"},{"taxonomy":"product_tag","embeddable":true,"href":"https:\/\/agrarpetrovic.rs\/en\/wp-json\/wp\/v2\/product_tag?post=4521"}],"curies":[{"name":"wp","href":"https:\/\/api.w.org\/{rel}","templated":true}]}}