{"id":4522,"date":"2023-07-13T16:13:32","date_gmt":"2023-07-13T14:13:32","guid":{"rendered":"https:\/\/agrarpetrovic.rs\/?post_type=product&#038;p=4522"},"modified":"2023-07-13T16:14:43","modified_gmt":"2023-07-13T14:14:43","slug":"physiomax","status":"publish","type":"product","link":"https:\/\/agrarpetrovic.rs\/en\/proizvod\/physiomax\/","title":{"rendered":"PHYSIOMAX"},"content":{"rendered":"<p><strong>Physiomax 975<\/strong>\u00a0(CaO &#8211; 42%, MgO &#8211; 2,5%) je neorganski oplemenjiva\u010d zemlji\u0161ta sa visokim sadr\u017eajem kalcijum karbonata i dodatkom magnezijuma. Sadr\u017ei Mescal i Physio kompleks i namenjen je za upotrebu na kiselim zemlji\u0161tima u cilju pobolj\u0161anja osobina i smanjenja kiselosti zemlji\u0161ta.<\/p>\n<p>&nbsp;<\/p>\n<p>Tako\u0111e se koristi u svim ratarskim i povrtarskim kulturama sa ve\u0107im potrebama za kalcijumom i magnezijumom kao i u vo\u0107nim zasadima te na luceri\u0161tima i pa\u0161njacima.<\/p>\n<p>&nbsp;<\/p>\n<p><strong>Physiomax 975 mo\u017ee se koristiti u organskoj proizvodnji.<\/strong><\/p>\n<p>&nbsp;<\/p>\n<p>U zavisnosti od intenziteta kiselosti zemlji\u0161ta i potreba gajene kulture, Physiomax se primenjuje u koli\u010dini od \u00a0300 \u2013 1.000 kg\/ha i to u jesen pre zaoravanja ili u prole\u0107e, povr\u0161inski uz obaveznu inkorporaciju.<\/p>\n<p>&nbsp;<\/p>\n<p>Proizvod je dostupan u pakovanju od 50 kg.<\/p>","protected":false},"excerpt":{"rendered":"<p><strong>Physiomax 975<\/strong>\u00a0(CaO &#8211; 42%, MgO &#8211; 2,5%)<\/p>","protected":false},"featured_media":4580,"template":"","meta":[],"product_brand":[],"product_cat":[200,299],"product_tag":[],"class_list":{"0":"post-4522","1":"product","2":"type-product","3":"status-publish","4":"has-post-thumbnail","6":"product_cat-ishrana-bilja","7":"product_cat-oplemenjivaci-zemljista","9":"first","10":"instock","11":"shipping-taxable","12":"product-type-simple"},"_links":{"self":[{"href":"https:\/\/agrarpetrovic.rs\/en\/wp-json\/wp\/v2\/product\/4522","targetHints":{"allow":["GET"]}}],"collection":[{"href":"https:\/\/agrarpetrovic.rs\/en\/wp-json\/wp\/v2\/product"}],"about":[{"href":"https:\/\/agrarpetrovic.rs\/en\/wp-json\/wp\/v2\/types\/product"}],"wp:featuredmedia":[{"embeddable":true,"href":"https:\/\/agrarpetrovic.rs\/en\/wp-json\/wp\/v2\/media\/4580"}],"wp:attachment":[{"href":"https:\/\/agrarpetrovic.rs\/en\/wp-json\/wp\/v2\/media?parent=4522"}],"wp:term":[{"taxonomy":"product_brand","embeddable":true,"href":"https:\/\/agrarpetrovic.rs\/en\/wp-json\/wp\/v2\/product_brand?post=4522"},{"taxonomy":"product_cat","embeddable":true,"href":"https:\/\/agrarpetrovic.rs\/en\/wp-json\/wp\/v2\/product_cat?post=4522"},{"taxonomy":"product_tag","embeddable":true,"href":"https:\/\/agrarpetrovic.rs\/en\/wp-json\/wp\/v2\/product_tag?post=4522"}],"curies":[{"name":"wp","href":"https:\/\/api.w.org\/{rel}","templated":true}]}}