{"id":4541,"date":"2023-07-13T16:13:57","date_gmt":"2023-07-13T14:13:57","guid":{"rendered":"https:\/\/agrarpetrovic.rs\/?post_type=product&#038;p=4541"},"modified":"2023-07-13T16:14:45","modified_gmt":"2023-07-13T14:14:45","slug":"euronature-p-26-b","status":"publish","type":"product","link":"https:\/\/agrarpetrovic.rs\/en\/proizvod\/euronature-p-26-b\/","title":{"rendered":"EURONATURE P 26 B"},"content":{"rendered":"<p><strong>Euronature P 26 B<\/strong>\u00a0<strong>(P<sub>2<\/sub>O<sub>5<\/sub>\u00a0&#8211; 26%, CaO &#8211; 42%)\u00a0<\/strong>je \u010dvrsto mineralno \u0111ubrivo sa visokim sadr\u017eajem fosfora i kalcijuma. Korisiti se za meliorativno \u0111ubrenje tj. pove\u0107anje sadr\u017eaja fosfora u zemlji\u0161tima izrazito kisele reakcije i primenjuje se za \u0111ubrenje ratarskih, vo\u0107arskih i povrtarskih kultura.<\/p>\n<p>&nbsp;<\/p>\n<p><strong>Euronature P 26 B mo\u017ee se koristiti u organskoj proizvodnji.<\/strong><\/p>\n<p>&nbsp;<\/p>\n<p>\u0110ubrivo se primenjuje u jesen pred oranje ili u prole\u0107e predsetveno u koli\u010dini od 300 \u2013 600 kg\/ha a za meliorativno \u0111ubrenje (fosfatizaciju) u koli\u010dini od 800 \u2013 1.500 kg\/ha.<\/p>\n<p>&nbsp;<\/p>\n<p><strong>Vreme i na\u010din primene:\u00a0<\/strong>u jesen neposredno pre zaoravanja ili povr\u0161inski pred pripremu za prole\u0107nu setvu ili sadnju. U vo\u0107arstvu i vinogradarstvu u jesen zaoravanjem ili depozitorom u zonu korena. Kod podloga sa pli\u0107im korenovim sistemom preporu\u010duje se primena u zonu redova povr\u0161inski nakog \u010dega je obavezna inkorporacija.<\/p>\n<p>&nbsp;<\/p>\n<p>Euronature P 26 B dostupan je u pakovanjima od 50 kg i 600 kg.<\/p>","protected":false},"excerpt":{"rendered":"<p><strong>Euronature P 26 B<\/strong>\u00a0<strong>(P<sub>2<\/sub>O<sub>5<\/sub>\u00a0&#8211; 26%, CaO &#8211; 42%)<\/strong><\/p>","protected":false},"featured_media":4582,"template":"","meta":[],"product_brand":[],"product_cat":[200,276],"product_tag":[],"class_list":{"0":"post-4541","1":"product","2":"type-product","3":"status-publish","4":"has-post-thumbnail","6":"product_cat-ishrana-bilja","7":"product_cat-osnovna-djubriva","9":"first","10":"instock","11":"shipping-taxable","12":"product-type-simple"},"_links":{"self":[{"href":"https:\/\/agrarpetrovic.rs\/en\/wp-json\/wp\/v2\/product\/4541","targetHints":{"allow":["GET"]}}],"collection":[{"href":"https:\/\/agrarpetrovic.rs\/en\/wp-json\/wp\/v2\/product"}],"about":[{"href":"https:\/\/agrarpetrovic.rs\/en\/wp-json\/wp\/v2\/types\/product"}],"wp:featuredmedia":[{"embeddable":true,"href":"https:\/\/agrarpetrovic.rs\/en\/wp-json\/wp\/v2\/media\/4582"}],"wp:attachment":[{"href":"https:\/\/agrarpetrovic.rs\/en\/wp-json\/wp\/v2\/media?parent=4541"}],"wp:term":[{"taxonomy":"product_brand","embeddable":true,"href":"https:\/\/agrarpetrovic.rs\/en\/wp-json\/wp\/v2\/product_brand?post=4541"},{"taxonomy":"product_cat","embeddable":true,"href":"https:\/\/agrarpetrovic.rs\/en\/wp-json\/wp\/v2\/product_cat?post=4541"},{"taxonomy":"product_tag","embeddable":true,"href":"https:\/\/agrarpetrovic.rs\/en\/wp-json\/wp\/v2\/product_tag?post=4541"}],"curies":[{"name":"wp","href":"https:\/\/api.w.org\/{rel}","templated":true}]}}