{"id":4544,"date":"2023-07-13T16:13:57","date_gmt":"2023-07-13T14:13:57","guid":{"rendered":"https:\/\/agrarpetrovic.rs\/?post_type=product&#038;p=4544"},"modified":"2023-07-13T16:14:48","modified_gmt":"2023-07-13T14:14:48","slug":"duofertil-30-pk","status":"publish","type":"product","link":"https:\/\/agrarpetrovic.rs\/en\/proizvod\/duofertil-30-pk\/","title":{"rendered":"DUOFERTIL 30 PK"},"content":{"rendered":"<p><strong>Duofertil TOP<\/strong>\u00a0je linija \u010dvrstih kompleksnih mineralnih \u0111ubriva prvenstveno namenjena usevima koji se gaje na zemlji\u0161tima sa zna\u010dajnim nedostatkom fosfora i izra\u017eenim blokadama hraniva u zemlji\u0161tu.<\/p>\n<p>&nbsp;<\/p>\n<p>Primenom\u00a0<strong>Duofertil TOP<\/strong>\u00a0mineralnih \u0111ubriva, posti\u017ee se du\u017ee o\u010duvanje biljkama lakopristupa\u010dnog fosfora i kalijuma kao i mikroelemenata. Proizvodi iz ove linije pospe\u0161uju usvajanje hraniva iz zemlji\u0161ta i omogu\u0107avaju gajenim kulturama veoma visok procenat iskori\u0161\u0107enja hraniva iz \u0111ubriva.<\/p>\n<p>&nbsp;<\/p>\n<p><strong>Duofertil TOP<\/strong> mineralna \u0111ubriva sadr\u017ee inovativna patentirana re\u0161enja Roullier Group.<\/p>\n<p>Proizvodi su dostupni u pakovanjima od 50 kg i 600 kg.<\/p>","protected":false},"excerpt":{"rendered":"<p>Duofertil 30 PK \u2013 PK 20\/10 + 2 MgO + 0,2 B<\/p>","protected":false},"featured_media":4585,"template":"","meta":[],"product_brand":[],"product_cat":[200,276],"product_tag":[],"class_list":{"0":"post-4544","1":"product","2":"type-product","3":"status-publish","4":"has-post-thumbnail","6":"product_cat-ishrana-bilja","7":"product_cat-osnovna-djubriva","9":"first","10":"instock","11":"shipping-taxable","12":"product-type-simple"},"_links":{"self":[{"href":"https:\/\/agrarpetrovic.rs\/en\/wp-json\/wp\/v2\/product\/4544","targetHints":{"allow":["GET"]}}],"collection":[{"href":"https:\/\/agrarpetrovic.rs\/en\/wp-json\/wp\/v2\/product"}],"about":[{"href":"https:\/\/agrarpetrovic.rs\/en\/wp-json\/wp\/v2\/types\/product"}],"wp:featuredmedia":[{"embeddable":true,"href":"https:\/\/agrarpetrovic.rs\/en\/wp-json\/wp\/v2\/media\/4585"}],"wp:attachment":[{"href":"https:\/\/agrarpetrovic.rs\/en\/wp-json\/wp\/v2\/media?parent=4544"}],"wp:term":[{"taxonomy":"product_brand","embeddable":true,"href":"https:\/\/agrarpetrovic.rs\/en\/wp-json\/wp\/v2\/product_brand?post=4544"},{"taxonomy":"product_cat","embeddable":true,"href":"https:\/\/agrarpetrovic.rs\/en\/wp-json\/wp\/v2\/product_cat?post=4544"},{"taxonomy":"product_tag","embeddable":true,"href":"https:\/\/agrarpetrovic.rs\/en\/wp-json\/wp\/v2\/product_tag?post=4544"}],"curies":[{"name":"wp","href":"https:\/\/api.w.org\/{rel}","templated":true}]}}