{"id":4545,"date":"2023-07-13T16:13:57","date_gmt":"2023-07-13T14:13:57","guid":{"rendered":"https:\/\/agrarpetrovic.rs\/?post_type=product&#038;p=4545"},"modified":"2023-07-13T16:14:55","modified_gmt":"2023-07-13T14:14:55","slug":"amosulfan","status":"publish","type":"product","link":"https:\/\/agrarpetrovic.rs\/en\/proizvod\/amosulfan\/","title":{"rendered":"AmoSulfan"},"content":{"rendered":"<p>AmoSulfan spada u kategoriju azotnih \u0111ubriva. Izuzetno je pogodan za prihranu svih biljnih kultura. Amonija\u010dni jon nije pokretan u zemlji\u0161tu jer se vezuje u me\u0111uslojne razmake minerala gline. Za bilans azota u zemlji\u0161tu, fiksacija amonija\u010dnog jona je koristan proces jer spre\u010dava gubitke azota isparavanjem, ispiranjem i denitrifikacijom. Sa stanovi\u0161ta biljke, fiksacija je tako\u0111e pozitivan proces jer se postepeno oslobo\u0111eni amonija\u010dni jon pona\u0161a kao sporodeluju\u0107i izvor azota za biljke.\u00a0Sumpor u ovom \u0111ubrivu uti\u010de na bolje iskori\u0161\u0107avanje azota i pove\u0107anje njegovog sadr\u017eaja u biljkama.\u00a0Primenom AmoSulfana zna\u010dajno se pobolj\u0161ava dostupnost i usvajanje fosfora ako se nalazi blokiran u zemlji\u0161tu.<\/p>","protected":false},"excerpt":{"rendered":"<h1>AmoSulfan<\/h1>\n<table>\n<tbody>\n<tr>\n<td>Amoni\u010dijani azot<\/td>\n<td>20%<\/td>\n<\/tr>\n<tr>\n<td>Sumpor ukupan (S)<\/td>\n<td>24%<\/td>\n<\/tr>\n<\/tbody>\n<\/table>","protected":false},"featured_media":4586,"template":"","meta":[],"product_brand":[],"product_cat":[277,276],"product_tag":[],"class_list":{"0":"post-4545","1":"product","2":"type-product","3":"status-publish","4":"has-post-thumbnail","6":"product_cat-kompleksna-djubriva","7":"product_cat-osnovna-djubriva","9":"first","10":"instock","11":"shipping-taxable","12":"product-type-simple"},"_links":{"self":[{"href":"https:\/\/agrarpetrovic.rs\/en\/wp-json\/wp\/v2\/product\/4545","targetHints":{"allow":["GET"]}}],"collection":[{"href":"https:\/\/agrarpetrovic.rs\/en\/wp-json\/wp\/v2\/product"}],"about":[{"href":"https:\/\/agrarpetrovic.rs\/en\/wp-json\/wp\/v2\/types\/product"}],"wp:featuredmedia":[{"embeddable":true,"href":"https:\/\/agrarpetrovic.rs\/en\/wp-json\/wp\/v2\/media\/4586"}],"wp:attachment":[{"href":"https:\/\/agrarpetrovic.rs\/en\/wp-json\/wp\/v2\/media?parent=4545"}],"wp:term":[{"taxonomy":"product_brand","embeddable":true,"href":"https:\/\/agrarpetrovic.rs\/en\/wp-json\/wp\/v2\/product_brand?post=4545"},{"taxonomy":"product_cat","embeddable":true,"href":"https:\/\/agrarpetrovic.rs\/en\/wp-json\/wp\/v2\/product_cat?post=4545"},{"taxonomy":"product_tag","embeddable":true,"href":"https:\/\/agrarpetrovic.rs\/en\/wp-json\/wp\/v2\/product_tag?post=4545"}],"curies":[{"name":"wp","href":"https:\/\/api.w.org\/{rel}","templated":true}]}}