{"id":4546,"date":"2023-07-13T16:13:57","date_gmt":"2023-07-13T14:13:57","guid":{"rendered":"https:\/\/agrarpetrovic.rs\/?post_type=product&#038;p=4546"},"modified":"2023-07-13T16:15:01","modified_gmt":"2023-07-13T14:15:01","slug":"nutrimap-np-1040","status":"publish","type":"product","link":"https:\/\/agrarpetrovic.rs\/en\/proizvod\/nutrimap-np-1040\/","title":{"rendered":"NutriMAP NP 10:40"},"content":{"rendered":"<p>NutriMAP\u00a0NP 10:40 + 2% Ca + 4% S + 0.1 %\u00a0Zn je mineralno \u0111ubrivo proizvedeno sa ciljem da poljoprivrednim proizvo\u0111a\u010dima ponudi kompletno re\u0161enje kada je u pitanju ishrana najve\u0107eg broja ratarskih kultura. Odlikuje ga izbalansiran odnos najva\u017enijih hranljivih elemenata: azota, fosfora, kalcijuma, sumpora i cinka. Homogen hemijski i ujedna\u010den granulometrijski sastav ove formulacije, omogu\u0107ava ravnomernu distribuciju hranljivih elemenata na zemlji\u0161tu, \u010dime se pove\u0107ava efikasnost ishrane gajenih biljaka.<\/p>\n<p>Primenom NutriMAP-a obezbe\u0111ujemo biljkama sve neophodne gradivne materije u optimalnom odnosu, prema biolo\u0161kim potrebama.<\/p>","protected":false},"excerpt":{"rendered":"<table>\n<tbody>\n<tr>\n<td>AZOT (N) ukupan<\/td>\n<td>10%<\/td>\n<\/tr>\n<tr>\n<td>Amonija\u010dni azot<\/td>\n<td>10%<\/td>\n<\/tr>\n<tr>\n<td>FOSFOR PENTOKSID (P2O5) ukupan<\/td>\n<td>40%<\/td>\n<\/tr>\n<tr>\n<td>Fosfor(V)oksid (P2O5) rastvorljiv u NAC i vodi<\/td>\n<td>36%<\/td>\n<\/tr>\n<tr>\n<td>Fosfor(V)oksid (P2O5) rastvorljiv u vodi<\/td>\n<td>32%<\/td>\n<\/tr>\n<tr>\n<td>Kalcijum (Ca) rastvorljiv u vodi<\/td>\n<td>2%<\/td>\n<\/tr>\n<tr>\n<td>Sumpor (S) rastvorljiv u vodi<\/td>\n<td>4%<\/td>\n<\/tr>\n<tr>\n<td>Cink (Zn) ukupan<\/td>\n<td>0,1%<\/td>\n<\/tr>\n<\/tbody>\n<\/table>","protected":false},"featured_media":4587,"template":"","meta":[],"product_brand":[],"product_cat":[200,277],"product_tag":[],"class_list":{"0":"post-4546","1":"product","2":"type-product","3":"status-publish","4":"has-post-thumbnail","6":"product_cat-ishrana-bilja","7":"product_cat-kompleksna-djubriva","9":"first","10":"instock","11":"shipping-taxable","12":"product-type-simple"},"_links":{"self":[{"href":"https:\/\/agrarpetrovic.rs\/en\/wp-json\/wp\/v2\/product\/4546","targetHints":{"allow":["GET"]}}],"collection":[{"href":"https:\/\/agrarpetrovic.rs\/en\/wp-json\/wp\/v2\/product"}],"about":[{"href":"https:\/\/agrarpetrovic.rs\/en\/wp-json\/wp\/v2\/types\/product"}],"wp:featuredmedia":[{"embeddable":true,"href":"https:\/\/agrarpetrovic.rs\/en\/wp-json\/wp\/v2\/media\/4587"}],"wp:attachment":[{"href":"https:\/\/agrarpetrovic.rs\/en\/wp-json\/wp\/v2\/media?parent=4546"}],"wp:term":[{"taxonomy":"product_brand","embeddable":true,"href":"https:\/\/agrarpetrovic.rs\/en\/wp-json\/wp\/v2\/product_brand?post=4546"},{"taxonomy":"product_cat","embeddable":true,"href":"https:\/\/agrarpetrovic.rs\/en\/wp-json\/wp\/v2\/product_cat?post=4546"},{"taxonomy":"product_tag","embeddable":true,"href":"https:\/\/agrarpetrovic.rs\/en\/wp-json\/wp\/v2\/product_tag?post=4546"}],"curies":[{"name":"wp","href":"https:\/\/api.w.org\/{rel}","templated":true}]}}