{"id":4547,"date":"2023-07-13T16:13:57","date_gmt":"2023-07-13T14:13:57","guid":{"rendered":"https:\/\/agrarpetrovic.rs\/?post_type=product&#038;p=4547"},"modified":"2023-07-13T16:15:08","modified_gmt":"2023-07-13T14:15:08","slug":"nutriveg-npk-101020","status":"publish","type":"product","link":"https:\/\/agrarpetrovic.rs\/en\/proizvod\/nutriveg-npk-101020\/","title":{"rendered":"NutriVeg NPK 10:10:20"},"content":{"rendered":"<p>NutriVeg NPK 10:10:20 +2% MgO +9% S +0,2% B +0,1% Zn predstavlja kompleksno neorgansko \u010dvrsto mineralno \u0111ubrivo \u010dijom primenom se gajenim biljkama obezbe\u0111uje potpuna ishrana sa svim neophodnim makro i mikroelementima u toku proizvodnog ciklusa.<\/p>\n<p>NutriVeg sadr\u017ei nagla\u0161enu vrednost kalijuma koji ima nezamenljivu ulogu kod svih povrtarskih i vo\u0107arskih kultura. Kalijum podsti\u010de metaboli\u010dke procese, nakupljanje ugljenih hidrata i doprinosi efikasnijem vodnom re\u017eimu. Novija istra\u017eivanja dokazuju da kalijum ima veoma va\u017enu ulogu u procesima pove\u0107anja tolerantnosti biljaka prema niskim temperaturama.<\/p>","protected":false},"excerpt":{"rendered":"<p>AZOT (N) ukupan10%Amonija\u010dni azot10%<\/p>\n<p>FOSFOR PENTOKSID (P2O5) rastvorljiv u NAC i u vodi10%Fosfor(V)oksid (P2O5) rastvorljiv u vodi9%<\/p>\n<p>KALIJUM-OKSID (K2O) rastvorljiv u vodi20%<\/p>\n<p>Magnezijum-oksid (MgO) ukupan2%<\/p>\n<p>Sumpor (S) ukupan9%<\/p>\n<p>Bor (B) ukupan0,2%<\/p>\n<p>Cink (Zn) ukupan0,1%<\/p>","protected":false},"featured_media":4588,"template":"","meta":[],"product_brand":[],"product_cat":[200,277,276],"product_tag":[],"class_list":{"0":"post-4547","1":"product","2":"type-product","3":"status-publish","4":"has-post-thumbnail","6":"product_cat-ishrana-bilja","7":"product_cat-kompleksna-djubriva","8":"product_cat-osnovna-djubriva","10":"first","11":"instock","12":"shipping-taxable","13":"product-type-simple"},"_links":{"self":[{"href":"https:\/\/agrarpetrovic.rs\/en\/wp-json\/wp\/v2\/product\/4547","targetHints":{"allow":["GET"]}}],"collection":[{"href":"https:\/\/agrarpetrovic.rs\/en\/wp-json\/wp\/v2\/product"}],"about":[{"href":"https:\/\/agrarpetrovic.rs\/en\/wp-json\/wp\/v2\/types\/product"}],"wp:featuredmedia":[{"embeddable":true,"href":"https:\/\/agrarpetrovic.rs\/en\/wp-json\/wp\/v2\/media\/4588"}],"wp:attachment":[{"href":"https:\/\/agrarpetrovic.rs\/en\/wp-json\/wp\/v2\/media?parent=4547"}],"wp:term":[{"taxonomy":"product_brand","embeddable":true,"href":"https:\/\/agrarpetrovic.rs\/en\/wp-json\/wp\/v2\/product_brand?post=4547"},{"taxonomy":"product_cat","embeddable":true,"href":"https:\/\/agrarpetrovic.rs\/en\/wp-json\/wp\/v2\/product_cat?post=4547"},{"taxonomy":"product_tag","embeddable":true,"href":"https:\/\/agrarpetrovic.rs\/en\/wp-json\/wp\/v2\/product_tag?post=4547"}],"curies":[{"name":"wp","href":"https:\/\/api.w.org\/{rel}","templated":true}]}}