{"id":4548,"date":"2023-07-13T16:13:57","date_gmt":"2023-07-13T14:13:57","guid":{"rendered":"https:\/\/agrarpetrovic.rs\/?post_type=product&#038;p=4548"},"modified":"2023-07-13T16:15:19","modified_gmt":"2023-07-13T14:15:19","slug":"elixir-supreme-121227","status":"publish","type":"product","link":"https:\/\/agrarpetrovic.rs\/en\/proizvod\/elixir-supreme-121227\/","title":{"rendered":"Elixir Supreme 12:12:27"},"content":{"rendered":"<p>Proizvod NPK 12-12-17 predstavlja kompleksno neorgansko \u010dvrsto mineralno \u0111ubrivo koje sa specifi\u010dnim odnosom hraniva omogu\u0107ava izbalansiranu ishranu za veliki broj biljnih vrsta na svim tipovima zemlji\u0161ta.<\/p>\n<h2>Preporu\u010dena primena:<\/h2>\n<ul>\n<li>Povr\u0107e<em>400 &#8211; 1100 kg\/ha<\/em><\/li>\n<li>Krompir<em>800 &#8211; 1100 kg\/ha<\/em><\/li>\n<li>Mrkva<em>500 &#8211; 800 kg\/ha<\/em><\/li>\n<li>Vo\u0107e<em>400 &#8211; 800 kg\/ha<\/em><\/li>\n<li>Vinova loza<em>400 &#8211; 700 kg\/ha<\/em><\/li>\n<\/ul>","protected":false},"excerpt":{"rendered":"<table>\n<tbody>\n<tr>\n<td>AZOT (N) ukupan<\/td>\n<td>12%<\/td>\n<\/tr>\n<tr>\n<td>Amonija\u010dni azot<\/td>\n<td>12%<\/td>\n<\/tr>\n<tr>\n<td>FOSFOR PENTOKSID (P2O5) rastvorljiv u NAC i u vodi<\/td>\n<td>12%<\/td>\n<\/tr>\n<tr>\n<td>Fosfor(V)oksid (P2O5) rastvorljiv u vodi<\/td>\n<td>10,5%<\/td>\n<\/tr>\n<tr>\n<td>KALIJUM-OKSID (K2O) rastvorljiv u vodi<\/td>\n<td>17%<\/td>\n<\/tr>\n<tr>\n<td>Magnezijum-oksid (MgO) ukupan<\/td>\n<td>2%<\/td>\n<\/tr>\n<tr>\n<td>Sumpor (S) rastvorljiv u vodi<\/td>\n<td>14%<\/td>\n<\/tr>\n<tr>\n<td>Bor (B) ukupan<\/td>\n<td>0,02%<\/td>\n<\/tr>\n<tr>\n<td>Cink (Zn) ukupan<\/td>\n<td>0,01%<\/td>\n<\/tr>\n<\/tbody>\n<\/table>","protected":false},"featured_media":4598,"template":"","meta":[],"product_brand":[],"product_cat":[200,277,276],"product_tag":[],"class_list":{"0":"post-4548","1":"product","2":"type-product","3":"status-publish","4":"has-post-thumbnail","6":"product_cat-ishrana-bilja","7":"product_cat-kompleksna-djubriva","8":"product_cat-osnovna-djubriva","10":"first","11":"instock","12":"shipping-taxable","13":"product-type-simple"},"_links":{"self":[{"href":"https:\/\/agrarpetrovic.rs\/en\/wp-json\/wp\/v2\/product\/4548","targetHints":{"allow":["GET"]}}],"collection":[{"href":"https:\/\/agrarpetrovic.rs\/en\/wp-json\/wp\/v2\/product"}],"about":[{"href":"https:\/\/agrarpetrovic.rs\/en\/wp-json\/wp\/v2\/types\/product"}],"wp:featuredmedia":[{"embeddable":true,"href":"https:\/\/agrarpetrovic.rs\/en\/wp-json\/wp\/v2\/media\/4598"}],"wp:attachment":[{"href":"https:\/\/agrarpetrovic.rs\/en\/wp-json\/wp\/v2\/media?parent=4548"}],"wp:term":[{"taxonomy":"product_brand","embeddable":true,"href":"https:\/\/agrarpetrovic.rs\/en\/wp-json\/wp\/v2\/product_brand?post=4548"},{"taxonomy":"product_cat","embeddable":true,"href":"https:\/\/agrarpetrovic.rs\/en\/wp-json\/wp\/v2\/product_cat?post=4548"},{"taxonomy":"product_tag","embeddable":true,"href":"https:\/\/agrarpetrovic.rs\/en\/wp-json\/wp\/v2\/product_tag?post=4548"}],"curies":[{"name":"wp","href":"https:\/\/api.w.org\/{rel}","templated":true}]}}