{"id":4549,"date":"2023-07-13T16:13:58","date_gmt":"2023-07-13T14:13:58","guid":{"rendered":"https:\/\/agrarpetrovic.rs\/?post_type=product&#038;p=4549"},"modified":"2023-07-13T16:15:27","modified_gmt":"2023-07-13T14:15:27","slug":"elixir-supreme-16277","status":"publish","type":"product","link":"https:\/\/agrarpetrovic.rs\/en\/proizvod\/elixir-supreme-16277\/","title":{"rendered":"Elixir Supreme 16:27:7"},"content":{"rendered":"<p>Proizvod NPK 16:27:7 je kompleksno neorgansko \u010dvrsto mineralno \u0111ubrivo koje pored osnovnih hraniva azota (N), fosfora (P) i kalijuma (K) uz dodatak sumprora (S), sad\u017ei i mikroelemente cink (Zn) i bor (B).<\/p>\n<h2>Preporu\u010dena primena:<\/h2>\n<ul>\n<li>Strna \u017eita<em>200 &#8211; 400 kg\/ha<\/em><\/li>\n<li>Kukuruz<em>250 &#8211; 400 kg\/ha<\/em><\/li>\n<li>Soja<em>200 &#8211; 400 kg\/ha<\/em><\/li>\n<li>Uljana repica<em>250 &#8211; 400 kg\/ha<\/em><\/li>\n<\/ul>","protected":false},"excerpt":{"rendered":"<table>\n<tbody>\n<tr>\n<td>AZOT (N) ukupan<\/td>\n<td>16%<\/td>\n<\/tr>\n<tr>\n<td>Amonija\u010dni azot<\/td>\n<td>16%<\/td>\n<\/tr>\n<tr>\n<td>FOSFOR PENTOKSID (P2O5) rastvorljiv u NAC i u vodi<\/td>\n<td>27%<\/td>\n<\/tr>\n<tr>\n<td>Fosfor(V)oksid (P2O5) rastvorljiv u vodi<\/td>\n<td>25,7%<\/td>\n<\/tr>\n<tr>\n<td>KALIJUM-OKSID (K2O) rastvorljiv u vodi<\/td>\n<td>7%<\/td>\n<\/tr>\n<tr>\n<td>Sumpor (S) rastvorljiv u vodi<\/td>\n<td>9%<\/td>\n<\/tr>\n<tr>\n<td>Bor (B) rastvorljiv u vodi<\/td>\n<td>0,1%<\/td>\n<\/tr>\n<tr>\n<td>Cink (Zn) ukupan<\/td>\n<td>0,1%<\/td>\n<\/tr>\n<\/tbody>\n<\/table>","protected":false},"featured_media":4599,"template":"","meta":[],"product_brand":[],"product_cat":[200,277,276],"product_tag":[],"class_list":{"0":"post-4549","1":"product","2":"type-product","3":"status-publish","4":"has-post-thumbnail","6":"product_cat-ishrana-bilja","7":"product_cat-kompleksna-djubriva","8":"product_cat-osnovna-djubriva","10":"first","11":"instock","12":"shipping-taxable","13":"product-type-simple"},"_links":{"self":[{"href":"https:\/\/agrarpetrovic.rs\/en\/wp-json\/wp\/v2\/product\/4549","targetHints":{"allow":["GET"]}}],"collection":[{"href":"https:\/\/agrarpetrovic.rs\/en\/wp-json\/wp\/v2\/product"}],"about":[{"href":"https:\/\/agrarpetrovic.rs\/en\/wp-json\/wp\/v2\/types\/product"}],"wp:featuredmedia":[{"embeddable":true,"href":"https:\/\/agrarpetrovic.rs\/en\/wp-json\/wp\/v2\/media\/4599"}],"wp:attachment":[{"href":"https:\/\/agrarpetrovic.rs\/en\/wp-json\/wp\/v2\/media?parent=4549"}],"wp:term":[{"taxonomy":"product_brand","embeddable":true,"href":"https:\/\/agrarpetrovic.rs\/en\/wp-json\/wp\/v2\/product_brand?post=4549"},{"taxonomy":"product_cat","embeddable":true,"href":"https:\/\/agrarpetrovic.rs\/en\/wp-json\/wp\/v2\/product_cat?post=4549"},{"taxonomy":"product_tag","embeddable":true,"href":"https:\/\/agrarpetrovic.rs\/en\/wp-json\/wp\/v2\/product_tag?post=4549"}],"curies":[{"name":"wp","href":"https:\/\/api.w.org\/{rel}","templated":true}]}}