{"id":4550,"date":"2023-07-13T16:13:58","date_gmt":"2023-07-13T14:13:58","guid":{"rendered":"https:\/\/agrarpetrovic.rs\/?post_type=product&#038;p=4550"},"modified":"2023-07-13T16:15:35","modified_gmt":"2023-07-13T14:15:35","slug":"elixir-supreme-112216","status":"publish","type":"product","link":"https:\/\/agrarpetrovic.rs\/en\/proizvod\/elixir-supreme-112216\/","title":{"rendered":"Elixir Supreme 11:22:16"},"content":{"rendered":"<p>NPK 11-22-16 je kompleksno neorgansko \u010dvrsto mineralno \u0111ubrivo sa nagla\u0161enim sadr\u017eajem fosfora upotpunjeno prisustvom va\u017enog sekundarnog makroelemenata\u00a0 sumpora (S).<\/p>\n<h2>Preporu\u010dena primena:<\/h2>\n<ul>\n<li>Vo\u0107e<em>400 &#8211; 700 kg\/ha<\/em><\/li>\n<li>Povr\u0107e<em>400 &#8211; 700 kg\/ha<\/em><\/li>\n<li>Kukuruz<em>300 &#8211; 500 kg\/ha<\/em><\/li>\n<li>P\u0161enica<em>250 &#8211; 400 kg\/ha<\/em><\/li>\n<li>Soja<em>200 &#8211; 400 kg\/ha<\/em><\/li>\n<\/ul>","protected":false},"excerpt":{"rendered":"<p>AZOT (N) ukupan11%Amonija\u010dni azot11%FOSFOR PENTOKSID (P2O5) rastvorljiv u NAC i u vodi22%Fosfor(V)oksid (P2O5) rastvorljiv u vodi20,9%KALIJUM-OKSID (K2O) rastvorljiv u vodi16%Sumpor (S) rastvorljiv u vodi11%<\/p>","protected":false},"featured_media":4600,"template":"","meta":[],"product_brand":[],"product_cat":[200,277,276],"product_tag":[],"class_list":{"0":"post-4550","1":"product","2":"type-product","3":"status-publish","4":"has-post-thumbnail","6":"product_cat-ishrana-bilja","7":"product_cat-kompleksna-djubriva","8":"product_cat-osnovna-djubriva","10":"first","11":"instock","12":"shipping-taxable","13":"product-type-simple"},"_links":{"self":[{"href":"https:\/\/agrarpetrovic.rs\/en\/wp-json\/wp\/v2\/product\/4550","targetHints":{"allow":["GET"]}}],"collection":[{"href":"https:\/\/agrarpetrovic.rs\/en\/wp-json\/wp\/v2\/product"}],"about":[{"href":"https:\/\/agrarpetrovic.rs\/en\/wp-json\/wp\/v2\/types\/product"}],"wp:featuredmedia":[{"embeddable":true,"href":"https:\/\/agrarpetrovic.rs\/en\/wp-json\/wp\/v2\/media\/4600"}],"wp:attachment":[{"href":"https:\/\/agrarpetrovic.rs\/en\/wp-json\/wp\/v2\/media?parent=4550"}],"wp:term":[{"taxonomy":"product_brand","embeddable":true,"href":"https:\/\/agrarpetrovic.rs\/en\/wp-json\/wp\/v2\/product_brand?post=4550"},{"taxonomy":"product_cat","embeddable":true,"href":"https:\/\/agrarpetrovic.rs\/en\/wp-json\/wp\/v2\/product_cat?post=4550"},{"taxonomy":"product_tag","embeddable":true,"href":"https:\/\/agrarpetrovic.rs\/en\/wp-json\/wp\/v2\/product_tag?post=4550"}],"curies":[{"name":"wp","href":"https:\/\/api.w.org\/{rel}","templated":true}]}}