{"id":4551,"date":"2023-07-13T16:13:58","date_gmt":"2023-07-13T14:13:58","guid":{"rendered":"https:\/\/agrarpetrovic.rs\/?post_type=product&#038;p=4551"},"modified":"2023-07-13T16:15:45","modified_gmt":"2023-07-13T14:15:45","slug":"elixir-supreme-51020","status":"publish","type":"product","link":"https:\/\/agrarpetrovic.rs\/en\/proizvod\/elixir-supreme-51020\/","title":{"rendered":"Elixir Supreme 5:10:20"},"content":{"rendered":"<p>NPK 5-10-22 je kompleksno, neorgansko, \u010dvrsto mineralno, \u0111ubrivo\u00a0 koje u sebi sadr\u017ei odli\u010dno izbalansiran odnos NPK hraniva i mikroelemenata sa nagla\u0161enim sadr\u017eajem kalijuma (K).<\/p>\n<h2>Preporu\u010dena primena:<\/h2>\n<ul>\n<li>\u0160e\u0107erna repa<em>500 &#8211; 700 kg\/ha<\/em><\/li>\n<li>Luk<em>500 &#8211; 800 kg\/ha<\/em><\/li>\n<li>Vi\u0161nja<em>500 &#8211; 700 kg\/ha<\/em><\/li>\n<li>Vo\u0107e<em>500 &#8211; 800 kg\/ha<\/em><\/li>\n<li>Povr\u0107e<em>400 &#8211; 900 kg\/ha<\/em><\/li>\n<\/ul>","protected":false},"excerpt":{"rendered":"<table>\n<tbody>\n<tr>\n<td>AZOT (N) ukupan<\/td>\n<td>5%<\/td>\n<\/tr>\n<tr>\n<td>Amonija\u010dni azot<\/td>\n<td>5%<\/td>\n<\/tr>\n<tr>\n<td>FOSFOR PENTOKSID (P2O5) rastvorljiv u NAC i u vodi<\/td>\n<td>10%<\/td>\n<\/tr>\n<tr>\n<td>Fosfor(V)oksid (P2O5) rastvorljiv u vodi<\/td>\n<td>8%<\/td>\n<\/tr>\n<tr>\n<td>KALIJUM-OKSID (K2O) rastvorljiv u vodi<\/td>\n<td>22%<\/td>\n<\/tr>\n<tr>\n<td>Magnezijum-oksid (MgO) ukupan<\/td>\n<td>3%<\/td>\n<\/tr>\n<tr>\n<td>Sumpor (S) rastvorljiv u vodi<\/td>\n<td>13%<\/td>\n<\/tr>\n<tr>\n<td>Bor (B) ukupan<\/td>\n<td>0,2%<\/td>\n<\/tr>\n<tr>\n<td>Cink (Zn) ukupan<\/td>\n<td>0,15%<\/td>\n<\/tr>\n<\/tbody>\n<\/table>","protected":false},"featured_media":4607,"template":"","meta":[],"product_brand":[],"product_cat":[200,277,276],"product_tag":[],"class_list":{"0":"post-4551","1":"product","2":"type-product","3":"status-publish","4":"has-post-thumbnail","6":"product_cat-ishrana-bilja","7":"product_cat-kompleksna-djubriva","8":"product_cat-osnovna-djubriva","10":"first","11":"instock","12":"shipping-taxable","13":"product-type-simple"},"_links":{"self":[{"href":"https:\/\/agrarpetrovic.rs\/en\/wp-json\/wp\/v2\/product\/4551","targetHints":{"allow":["GET"]}}],"collection":[{"href":"https:\/\/agrarpetrovic.rs\/en\/wp-json\/wp\/v2\/product"}],"about":[{"href":"https:\/\/agrarpetrovic.rs\/en\/wp-json\/wp\/v2\/types\/product"}],"wp:featuredmedia":[{"embeddable":true,"href":"https:\/\/agrarpetrovic.rs\/en\/wp-json\/wp\/v2\/media\/4607"}],"wp:attachment":[{"href":"https:\/\/agrarpetrovic.rs\/en\/wp-json\/wp\/v2\/media?parent=4551"}],"wp:term":[{"taxonomy":"product_brand","embeddable":true,"href":"https:\/\/agrarpetrovic.rs\/en\/wp-json\/wp\/v2\/product_brand?post=4551"},{"taxonomy":"product_cat","embeddable":true,"href":"https:\/\/agrarpetrovic.rs\/en\/wp-json\/wp\/v2\/product_cat?post=4551"},{"taxonomy":"product_tag","embeddable":true,"href":"https:\/\/agrarpetrovic.rs\/en\/wp-json\/wp\/v2\/product_tag?post=4551"}],"curies":[{"name":"wp","href":"https:\/\/api.w.org\/{rel}","templated":true}]}}