{"id":4555,"date":"2023-07-13T16:13:58","date_gmt":"2023-07-13T14:13:58","guid":{"rendered":"https:\/\/agrarpetrovic.rs\/?post_type=product&#038;p=4555"},"modified":"2023-07-13T16:16:24","modified_gmt":"2023-07-13T14:16:24","slug":"elixir-supreme-141421","status":"publish","type":"product","link":"https:\/\/agrarpetrovic.rs\/en\/proizvod\/elixir-supreme-141421\/","title":{"rendered":"Elixir Supreme 14:14:21"},"content":{"rendered":"<p>NPK 14-14-21 je kompleksno neorgansko \u010dvrsto mineralno \u0111ubrivo sa izbalansiranim sadr\u017eajem azota (N) i fosfora (P) i nagla\u0161enim sadr\u017eajem kalijuma (K).<\/p>\n<h2>Preporu\u010dena primena:<\/h2>\n<ul>\n<li>Kukuruz<em>350 &#8211; 600 kg\/ha<\/em><\/li>\n<li>Uljana repica<em>300 &#8211; 400 kg\/ha<\/em><\/li>\n<li>Luk<em>500 &#8211; 700 kg\/ha<\/em><\/li>\n<li>Krompir<em>700 &#8211; 1.000 kg\/ha<\/em><\/li>\n<li>\u0160e\u0107erna repa<em>600 &#8211; 800 kg\/ha<\/em><\/li>\n<\/ul>","protected":false},"excerpt":{"rendered":"<table>\n<tbody>\n<tr>\n<td>AZOT (N) ukupan<\/td>\n<td>14%<\/td>\n<\/tr>\n<tr>\n<td>Amonija\u010dni azot<\/td>\n<td>11,7%<\/td>\n<\/tr>\n<tr>\n<td>Amidni azot<\/td>\n<td>2,3%<\/td>\n<\/tr>\n<tr>\n<td>FOSFOR PENTOKSID (P2O5) rastvorljiv u NAC i u vodi<\/td>\n<td>14%<\/td>\n<\/tr>\n<tr>\n<td>Fosfor(V)oksid (P2O5) rastvorljiv u vodi<\/td>\n<td>13,2%<\/td>\n<\/tr>\n<tr>\n<td>KALIJUM-OKSID (K2O) rastvorljiv u vodi<\/td>\n<td>21%<\/td>\n<\/tr>\n<tr>\n<td>Magnezijum-oksid (MgO) ukupan<\/td>\n<td>1%<\/td>\n<\/tr>\n<tr>\n<td>Sumpor (S) rastvorljiv u vodi<\/td>\n<td>2%<\/td>\n<\/tr>\n<tr>\n<td>Bor (B) ukupan<\/td>\n<td>0,02%<\/td>\n<\/tr>\n<tr>\n<td>Cink (Zn) ukupan<\/td>\n<td>0,01%<\/td>\n<\/tr>\n<\/tbody>\n<\/table>","protected":false},"featured_media":4614,"template":"","meta":[],"product_brand":[],"product_cat":[200,276],"product_tag":[],"class_list":{"0":"post-4555","1":"product","2":"type-product","3":"status-publish","4":"has-post-thumbnail","6":"product_cat-ishrana-bilja","7":"product_cat-osnovna-djubriva","9":"first","10":"instock","11":"shipping-taxable","12":"product-type-simple"},"_links":{"self":[{"href":"https:\/\/agrarpetrovic.rs\/en\/wp-json\/wp\/v2\/product\/4555","targetHints":{"allow":["GET"]}}],"collection":[{"href":"https:\/\/agrarpetrovic.rs\/en\/wp-json\/wp\/v2\/product"}],"about":[{"href":"https:\/\/agrarpetrovic.rs\/en\/wp-json\/wp\/v2\/types\/product"}],"wp:featuredmedia":[{"embeddable":true,"href":"https:\/\/agrarpetrovic.rs\/en\/wp-json\/wp\/v2\/media\/4614"}],"wp:attachment":[{"href":"https:\/\/agrarpetrovic.rs\/en\/wp-json\/wp\/v2\/media?parent=4555"}],"wp:term":[{"taxonomy":"product_brand","embeddable":true,"href":"https:\/\/agrarpetrovic.rs\/en\/wp-json\/wp\/v2\/product_brand?post=4555"},{"taxonomy":"product_cat","embeddable":true,"href":"https:\/\/agrarpetrovic.rs\/en\/wp-json\/wp\/v2\/product_cat?post=4555"},{"taxonomy":"product_tag","embeddable":true,"href":"https:\/\/agrarpetrovic.rs\/en\/wp-json\/wp\/v2\/product_tag?post=4555"}],"curies":[{"name":"wp","href":"https:\/\/api.w.org\/{rel}","templated":true}]}}