{"id":4556,"date":"2023-07-13T16:13:58","date_gmt":"2023-07-13T14:13:58","guid":{"rendered":"https:\/\/agrarpetrovic.rs\/?post_type=product&#038;p=4556"},"modified":"2023-07-13T16:16:32","modified_gmt":"2023-07-13T14:16:32","slug":"superstart-np-1035","status":"publish","type":"product","link":"https:\/\/agrarpetrovic.rs\/en\/proizvod\/superstart-np-1035\/","title":{"rendered":"SuperStart NP 10:35"},"content":{"rendered":"<p>Super Start NP 10:35 +2% MgO + 5% S +2% Zn\u00a0je mikrogranulisano \u0111ubrivo koje stimuli\u0161e rast biljaka u po\u010detnim fazama razvoja. Zahvaljuju\u0107i visokom sadr\u017eaju fosfora i prisustvu cinka, deluje zna\u010dajno na rast korenovog sistema i bolje ukorenjavanje biljke.<\/p>\n<p>Super Start omogu\u0107ava gajenoj biljci da prevazi\u0111e stresne uslove koji se mogu pojaviti u po\u010detnim fazama razvoja i ostaviti zna\u010dajnije posledice na biljku I o\u010dekivani prinos.<\/p>\n<p>Ekonomski efekat Super Start \u0111ubriva je uo\u010dljiv ve\u0107 prve godine primene, naro\u010dito u limitiranim uslovima za razvoj mlade biljke.<\/p>\n<p>&nbsp;<\/p>\n<p><em>Super Start se primenjuje zajedno sa setvom uz pomo\u0107 ure\u0111aja za deponovanje mikrogranula koji se nalaze na sejalici. Preporu\u010den na\u010din primene je uno\u0161enjem direktno u red sa semenom, a u odredjenim uslovima mo\u017ee se upotrebljavati i fizi\u010dkim me\u0161anjem sa zemlji\u0161nim insekticidima.<\/em><\/p>\n<h2>Preporu\u010dena primena:<\/h2>\n<ul>\n<li>Kukuruz<em>25 &#8211; 30 kg\/ha<\/em><\/li>\n<li>Uljana Repica<em>25 &#8211; 40 kg\/ha<\/em><\/li>\n<li>Soja<em>25 &#8211; 30 kg\/ha<\/em><\/li>\n<li>Suncokret<em>25 &#8211; 30 kg\/ha<\/em><\/li>\n<li>\u0160e\u0107erna Repa<em>25 &#8211; 35 kg\/ha<\/em><\/li>\n<li>Sitna \u017dita<em>20 &#8211; 40 kg\/ha<\/em><\/li>\n<li>Povr\u0107e<em>20 &#8211; 60 kg\/ha<\/em><\/li>\n<\/ul>","protected":false},"excerpt":{"rendered":"<table>\n<tbody>\n<tr>\n<td>AZOT UKUPAN (N):<\/td>\n<td>10%<\/td>\n<\/tr>\n<tr>\n<td>Amonija\u010dni azot<\/td>\n<td>10%<\/td>\n<\/tr>\n<tr>\n<td>FOSFOR PENTOKSID (P2O5) rastvorljiv u NAC i u vodi:<\/td>\n<td>35%<\/td>\n<\/tr>\n<tr>\n<td>Forsfor(V) oksid (P2O5) rastvorljiv u vodi<\/td>\n<td>30%<\/td>\n<\/tr>\n<tr>\n<td>Magnezijum-oksid (MgO) ukupan<\/td>\n<td>2%<\/td>\n<\/tr>\n<tr>\n<td>Sumpor (S) rastvorljiv u vodi<\/td>\n<td>5%<\/td>\n<\/tr>\n<tr>\n<td>Cink (Zn) ukupan<\/td>\n<td>2%<\/td>\n<\/tr>\n<\/tbody>\n<\/table>","protected":false},"featured_media":4615,"template":"","meta":[],"product_brand":[],"product_cat":[200,277,276],"product_tag":[],"class_list":{"0":"post-4556","1":"product","2":"type-product","3":"status-publish","4":"has-post-thumbnail","6":"product_cat-ishrana-bilja","7":"product_cat-kompleksna-djubriva","8":"product_cat-osnovna-djubriva","10":"first","11":"instock","12":"shipping-taxable","13":"product-type-simple"},"_links":{"self":[{"href":"https:\/\/agrarpetrovic.rs\/en\/wp-json\/wp\/v2\/product\/4556","targetHints":{"allow":["GET"]}}],"collection":[{"href":"https:\/\/agrarpetrovic.rs\/en\/wp-json\/wp\/v2\/product"}],"about":[{"href":"https:\/\/agrarpetrovic.rs\/en\/wp-json\/wp\/v2\/types\/product"}],"wp:featuredmedia":[{"embeddable":true,"href":"https:\/\/agrarpetrovic.rs\/en\/wp-json\/wp\/v2\/media\/4615"}],"wp:attachment":[{"href":"https:\/\/agrarpetrovic.rs\/en\/wp-json\/wp\/v2\/media?parent=4556"}],"wp:term":[{"taxonomy":"product_brand","embeddable":true,"href":"https:\/\/agrarpetrovic.rs\/en\/wp-json\/wp\/v2\/product_brand?post=4556"},{"taxonomy":"product_cat","embeddable":true,"href":"https:\/\/agrarpetrovic.rs\/en\/wp-json\/wp\/v2\/product_cat?post=4556"},{"taxonomy":"product_tag","embeddable":true,"href":"https:\/\/agrarpetrovic.rs\/en\/wp-json\/wp\/v2\/product_tag?post=4556"}],"curies":[{"name":"wp","href":"https:\/\/api.w.org\/{rel}","templated":true}]}}