{"id":4557,"date":"2023-07-13T16:13:58","date_gmt":"2023-07-13T14:13:58","guid":{"rendered":"https:\/\/agrarpetrovic.rs\/?post_type=product&#038;p=4557"},"modified":"2023-07-13T16:16:39","modified_gmt":"2023-07-13T14:16:39","slug":"elixir-basic-npk-151515","status":"publish","type":"product","link":"https:\/\/agrarpetrovic.rs\/en\/proizvod\/elixir-basic-npk-151515\/","title":{"rendered":"Elixir Basic NPK 15:15:15"},"content":{"rendered":"<p>NPK 15:15:15 + 11% S\u00a0je neorgansko, \u010dvrsto, kompleksno \u0111ubrivo koje sadr\u017ei neophodne makroelemente-azot, fosfor i kalijum i sekundarni element-sumpor.<\/p>\n<p>Primenjuje se u velikom broju kultura zbog specifi\u010dnosti formulacija i ujedna\u010denog odnosa hraniva. Preporu\u010duje se pre svega na zemlji\u0161tima koja su podjednako obezbe\u0111ena sa fosforom i kalijumom. \u0110ubrivo se mo\u017ee upotrebljavati u jesen, pred osnovnu obradu ili u prole\u0107e, pre ili zajedno sa setvom.<\/p>\n<h2>Preporu\u010dena primena:<\/h2>\n<ul>\n<li>P\u0161enica<em>250 &#8211; 450 kg\/ha<\/em><\/li>\n<li>Kukuruz<em>250 &#8211; 450 kg\/ha<\/em><\/li>\n<li>Suncokret<em>250 &#8211; 400 kg\/ha<\/em><\/li>\n<li>Soja<em>250 &#8211; 400 kg\/ha<\/em><\/li>\n<li>Je\u010dam<em>250 &#8211; 400 kg\/ha<\/em><\/li>\n<li>\u0160e\u0107erna repa<em>400 &#8211; 700 kg\/ha<\/em><\/li>\n<li>Povr\u0107e<em>400 &#8211; 800 kg\/ha<\/em><\/li>\n<li>Vo\u0107e<em>300 &#8211; 600 kg\/ha<\/em><\/li>\n<\/ul>","protected":false},"excerpt":{"rendered":"<table>\n<tbody>\n<tr>\n<td>AZOT (N) ukupan<\/td>\n<td>15%<\/td>\n<\/tr>\n<tr>\n<td>Amonija\u010dni azot<\/td>\n<td>14%<\/td>\n<\/tr>\n<tr>\n<td>Amidni azot<\/td>\n<td>1%<\/td>\n<\/tr>\n<tr>\n<td>FOSFOR PENTOKSID (P2O5) rastvorljiv u NAC i u vodi<\/td>\n<td>15%<\/td>\n<\/tr>\n<tr>\n<td>Fosfor(V)oksid (P2O5) rastvorljiv u vodi<\/td>\n<td>13,5%<\/td>\n<\/tr>\n<tr>\n<td>KALIJUM-OKSID (K2O) rastvorljiv u vodi<\/td>\n<td>15%<\/td>\n<\/tr>\n<tr>\n<td>Sumpor (S) rastvorljiv u vodi<\/td>\n<td>11%<\/td>\n<\/tr>\n<\/tbody>\n<\/table>","protected":false},"featured_media":4619,"template":"","meta":[],"product_brand":[],"product_cat":[200,276],"product_tag":[],"class_list":{"0":"post-4557","1":"product","2":"type-product","3":"status-publish","4":"has-post-thumbnail","6":"product_cat-ishrana-bilja","7":"product_cat-osnovna-djubriva","9":"first","10":"instock","11":"shipping-taxable","12":"product-type-simple"},"_links":{"self":[{"href":"https:\/\/agrarpetrovic.rs\/en\/wp-json\/wp\/v2\/product\/4557","targetHints":{"allow":["GET"]}}],"collection":[{"href":"https:\/\/agrarpetrovic.rs\/en\/wp-json\/wp\/v2\/product"}],"about":[{"href":"https:\/\/agrarpetrovic.rs\/en\/wp-json\/wp\/v2\/types\/product"}],"wp:featuredmedia":[{"embeddable":true,"href":"https:\/\/agrarpetrovic.rs\/en\/wp-json\/wp\/v2\/media\/4619"}],"wp:attachment":[{"href":"https:\/\/agrarpetrovic.rs\/en\/wp-json\/wp\/v2\/media?parent=4557"}],"wp:term":[{"taxonomy":"product_brand","embeddable":true,"href":"https:\/\/agrarpetrovic.rs\/en\/wp-json\/wp\/v2\/product_brand?post=4557"},{"taxonomy":"product_cat","embeddable":true,"href":"https:\/\/agrarpetrovic.rs\/en\/wp-json\/wp\/v2\/product_cat?post=4557"},{"taxonomy":"product_tag","embeddable":true,"href":"https:\/\/agrarpetrovic.rs\/en\/wp-json\/wp\/v2\/product_tag?post=4557"}],"curies":[{"name":"wp","href":"https:\/\/api.w.org\/{rel}","templated":true}]}}