{"id":4562,"date":"2023-07-13T16:14:19","date_gmt":"2023-07-13T14:14:19","guid":{"rendered":"https:\/\/agrarpetrovic.rs\/?post_type=product&#038;p=4562"},"modified":"2023-07-13T16:16:42","modified_gmt":"2023-07-13T14:16:42","slug":"elixir-basic-61224","status":"publish","type":"product","link":"https:\/\/agrarpetrovic.rs\/en\/proizvod\/elixir-basic-61224\/","title":{"rendered":"Elixir Basic 6:12:24"},"content":{"rendered":"<p>NPK 6:12:24 + 6% S je neorgansko, \u010dvrsto, kompleksno mineralno \u0111ubrivo koje sadr\u017ei sve neophodne makroelemente \u2013 azot, fosfor, kalijum i sekundarni element sumpor.<\/p>\n<p>Deklarisani sadr\u017eaj azota je u amonija\u010dnom obliku, koji je ujedno i najefikasniji oblik azota kada se sagledaju potrebe<br \/>\ngajenih kultura. Primenom ovog \u0111ubriva omogu\u0107avamo gajenim kulturama brz, ujedna\u010den porast i ve\u0107u fizicku stabilnost useva.<\/p>\n<h2>Preporu\u010dena primena:<\/h2>\n<ul>\n<li>\u0160e\u0107erna repa<em>500 &#8211; 700 kg\/ha<\/em><\/li>\n<li>Uljana repica<em>250 &#8211; 400 kg\/ha<\/em><\/li>\n<li>Vo\u0107e<em>350 &#8211; 800 kg\/ha<\/em><\/li>\n<li>Povr\u0107e<em>400 &#8211; 900 kg\/ha<\/em><\/li>\n<li>Suncokret<em>200 &#8211; 400 kg\/ha<\/em><\/li>\n<li>P\u0161enica<em>300 &#8211; 400 kg\/ha<\/em><\/li>\n<li>Kukuruz<em>300 &#8211; 450 kg\/ha<\/em><\/li>\n<li>Soja<em>250 &#8211; 400 kg\/ha<\/em><\/li>\n<\/ul>","protected":false},"excerpt":{"rendered":"<table>\n<tbody>\n<tr>\n<td>AZOT (N) ukupan<\/td>\n<td>6%<\/td>\n<\/tr>\n<tr>\n<td>Amonija\u010dni azot<\/td>\n<td>6%<\/td>\n<\/tr>\n<tr>\n<td>FOSFOR PENTOKSID (P2O5) ukupan<\/td>\n<td>12%<\/td>\n<\/tr>\n<tr>\n<td>Fosfor(V)oksid (P2O5) rastvorljiv u NAC i u vodi<\/td>\n<td>10%<\/td>\n<\/tr>\n<tr>\n<td>Fosfor(V)oksid (P2O5) rastvorljiv u vodi<\/td>\n<td>7,2%<\/td>\n<\/tr>\n<tr>\n<td>KALIJUM-OKSID (K2O) rastvorljiv u vodi<\/td>\n<td>24%<\/td>\n<\/tr>\n<tr>\n<td>Sumpor (S) rastvorljiv u vodi<\/td>\n<td>6%<\/td>\n<\/tr>\n<\/tbody>\n<\/table>","protected":false},"featured_media":4620,"template":"","meta":[],"product_brand":[],"product_cat":[200,277,276],"product_tag":[],"class_list":{"0":"post-4562","1":"product","2":"type-product","3":"status-publish","4":"has-post-thumbnail","6":"product_cat-ishrana-bilja","7":"product_cat-kompleksna-djubriva","8":"product_cat-osnovna-djubriva","10":"first","11":"instock","12":"shipping-taxable","13":"product-type-simple"},"_links":{"self":[{"href":"https:\/\/agrarpetrovic.rs\/en\/wp-json\/wp\/v2\/product\/4562","targetHints":{"allow":["GET"]}}],"collection":[{"href":"https:\/\/agrarpetrovic.rs\/en\/wp-json\/wp\/v2\/product"}],"about":[{"href":"https:\/\/agrarpetrovic.rs\/en\/wp-json\/wp\/v2\/types\/product"}],"wp:featuredmedia":[{"embeddable":true,"href":"https:\/\/agrarpetrovic.rs\/en\/wp-json\/wp\/v2\/media\/4620"}],"wp:attachment":[{"href":"https:\/\/agrarpetrovic.rs\/en\/wp-json\/wp\/v2\/media?parent=4562"}],"wp:term":[{"taxonomy":"product_brand","embeddable":true,"href":"https:\/\/agrarpetrovic.rs\/en\/wp-json\/wp\/v2\/product_brand?post=4562"},{"taxonomy":"product_cat","embeddable":true,"href":"https:\/\/agrarpetrovic.rs\/en\/wp-json\/wp\/v2\/product_cat?post=4562"},{"taxonomy":"product_tag","embeddable":true,"href":"https:\/\/agrarpetrovic.rs\/en\/wp-json\/wp\/v2\/product_tag?post=4562"}],"curies":[{"name":"wp","href":"https:\/\/api.w.org\/{rel}","templated":true}]}}