{"id":4563,"date":"2023-07-13T16:14:19","date_gmt":"2023-07-13T14:14:19","guid":{"rendered":"https:\/\/agrarpetrovic.rs\/?post_type=product&#038;p=4563"},"modified":"2023-07-13T16:16:46","modified_gmt":"2023-07-13T14:16:46","slug":"elixir-basic-npk-72030","status":"publish","type":"product","link":"https:\/\/agrarpetrovic.rs\/en\/proizvod\/elixir-basic-npk-72030\/","title":{"rendered":"Elixir Basic NPK 7:20:30"},"content":{"rendered":"<p>NPK 7:20:30 +3% S je visokokoncentrovano kompleksno mineralno \u0111ubrivo koje sadr\u017ei sve neophodne makroelemente- azot, fosfor i kalijum. Namenjeno je za ishranu razli\u010ditih biljnih vrsta, na razli\u010ditim tipovima zemlji\u0161ta, posebno na zemlji\u0161tima koja su siroma\u0161na kalijumom.<\/p>\n<h2>Preporu\u010dena primena:<\/h2>\n<ul>\n<li>Vo\u0107e<em>350 &#8211; 700 kg\/ha<\/em><\/li>\n<li>Povr\u0107e<em>400 &#8211; 700 kg\/ha<\/em><\/li>\n<li>\u0160e\u0107erna repa<em>350 &#8211; 600 kg\/ha<\/em><\/li>\n<li>Uljana repica<em>200 &#8211; 400 kg\/ha<\/em><\/li>\n<li>Kukuruz<em>200 &#8211; 500 kg\/ha<\/em><\/li>\n<li>Suncokret<em>200 &#8211; 400 kg\/ha<\/em><\/li>\n<li>P\u0161enica<em>200 &#8211; 400 kg\/ha<\/em><\/li>\n<li>Soja<em>150 &#8211; 300 kg\/ha<\/em><\/li>\n<\/ul>","protected":false},"excerpt":{"rendered":"<table>\n<tbody>\n<tr>\n<td>AZOT (N) ukupan<\/td>\n<td>7%<\/td>\n<\/tr>\n<tr>\n<td>Amonija\u010dni azot<\/td>\n<td>7%<\/td>\n<\/tr>\n<tr>\n<td>FOSFOR PENTOKSID (P2O5) rastvorljiv u NAC i u vodi<\/td>\n<td>20%<\/td>\n<\/tr>\n<tr>\n<td>Fosfor(V)oksid (P2O5) rastvorljiv u vodi<\/td>\n<td>18%<\/td>\n<\/tr>\n<tr>\n<td>KALIJUM-OKSID (K2O) rastvorljiv u vodi<\/td>\n<td>30%<\/td>\n<\/tr>\n<tr>\n<td>Sumpor (S) rastvorljiv u vodi<\/td>\n<td>3%<\/td>\n<\/tr>\n<\/tbody>\n<\/table>","protected":false},"featured_media":4621,"template":"","meta":[],"product_brand":[],"product_cat":[200,277,276],"product_tag":[],"class_list":{"0":"post-4563","1":"product","2":"type-product","3":"status-publish","4":"has-post-thumbnail","6":"product_cat-ishrana-bilja","7":"product_cat-kompleksna-djubriva","8":"product_cat-osnovna-djubriva","10":"first","11":"instock","12":"shipping-taxable","13":"product-type-simple"},"_links":{"self":[{"href":"https:\/\/agrarpetrovic.rs\/en\/wp-json\/wp\/v2\/product\/4563","targetHints":{"allow":["GET"]}}],"collection":[{"href":"https:\/\/agrarpetrovic.rs\/en\/wp-json\/wp\/v2\/product"}],"about":[{"href":"https:\/\/agrarpetrovic.rs\/en\/wp-json\/wp\/v2\/types\/product"}],"wp:featuredmedia":[{"embeddable":true,"href":"https:\/\/agrarpetrovic.rs\/en\/wp-json\/wp\/v2\/media\/4621"}],"wp:attachment":[{"href":"https:\/\/agrarpetrovic.rs\/en\/wp-json\/wp\/v2\/media?parent=4563"}],"wp:term":[{"taxonomy":"product_brand","embeddable":true,"href":"https:\/\/agrarpetrovic.rs\/en\/wp-json\/wp\/v2\/product_brand?post=4563"},{"taxonomy":"product_cat","embeddable":true,"href":"https:\/\/agrarpetrovic.rs\/en\/wp-json\/wp\/v2\/product_cat?post=4563"},{"taxonomy":"product_tag","embeddable":true,"href":"https:\/\/agrarpetrovic.rs\/en\/wp-json\/wp\/v2\/product_tag?post=4563"}],"curies":[{"name":"wp","href":"https:\/\/api.w.org\/{rel}","templated":true}]}}