{"id":4564,"date":"2023-07-13T16:14:19","date_gmt":"2023-07-13T14:14:19","guid":{"rendered":"https:\/\/agrarpetrovic.rs\/?post_type=product&#038;p=4564"},"modified":"2023-07-13T16:16:49","modified_gmt":"2023-07-13T14:16:49","slug":"elixir-basic-npk-81515","status":"publish","type":"product","link":"https:\/\/agrarpetrovic.rs\/en\/proizvod\/elixir-basic-npk-81515\/","title":{"rendered":"Elixir Basic NPK 8:15:15"},"content":{"rendered":"<p>NPK 8:15:15 + 3% Ca + 9% S je kompleksno mineralno \u0111ubrivo koje sadr\u017ei sve neophodne makroelemente \u2013 azot, fosfor, kalijum,oboga\u0107eno\u00a0 kalcijumom i sumporom, kao va\u017enim sekundarnim hranivima.<\/p>\n<p>Primenjuje se u velikom broju kultura zbog specifi\u010dnosti formulacija i ujedna\u010denog odnosa hraniva.\u00a0 Preporu\u010duje se pre svega na zemlji\u0161tima koja su podjednako obezbe\u0111ena sa fosforom i kalijumom. Odlikuje ga dobra rastvorljivost i pristupa\u010dnost fosfora u godini primene.<\/p>\n<p>Zbog sadr\u017eaja kalcijuma NPK 8:15:15 + 3% Ca +9% S pogoduje zemlji\u0161tima kisele reakcije.<\/p>\n<h2>Preporu\u010dena primena:<\/h2>\n<ul>\n<li>P\u0161enica<em>250 &#8211; 450 kg\/ha<\/em><\/li>\n<li>Kukuruz<em>250 &#8211; 450 kg\/ha<\/em><\/li>\n<li>Suncokret<em>250 &#8211; 400 kg\/ha<\/em><\/li>\n<li>Soja<em>250 &#8211; 400 kg\/ha<\/em><\/li>\n<li>Uljana repica<em>250 &#8211; 400 kg\/ha<\/em><\/li>\n<li>Je\u010dam<em>250 &#8211; 400 kg\/ha<\/em><\/li>\n<li>Vo\u0107e<em>300 &#8211; 600 kg\/ha<\/em><\/li>\n<li>Pa\u0161njaci<em>300 &#8211; 500 kg\/ha<\/em><\/li>\n<\/ul>\n<p>&nbsp;<\/p>","protected":false},"excerpt":{"rendered":"<table>\n<tbody>\n<tr>\n<td>AZOT (N) ukupan<\/td>\n<td>8%<\/td>\n<\/tr>\n<tr>\n<td>Amonija\u010dni azot<\/td>\n<td>8%<\/td>\n<\/tr>\n<tr>\n<td>FOSFOR PENTOKSID (P2O5) ukupan<\/td>\n<td>15%<\/td>\n<\/tr>\n<tr>\n<td>Fosfor(V)oksid (P2O5) rastvorljiv u NAC i u vodi<\/td>\n<td>12%<\/td>\n<\/tr>\n<tr>\n<td>Fosfor(V)oksid (P2O5) rastvorljiv u vodi<\/td>\n<td>9%<\/td>\n<\/tr>\n<tr>\n<td>KALIJUM-OKSID (K2O) rastvorljiv u vodi<\/td>\n<td>15%<\/td>\n<\/tr>\n<tr>\n<td>Kalcijum (Ca) rastvorljiv u vodi<\/td>\n<td>3%<\/td>\n<\/tr>\n<tr>\n<td>Sumpor (S) ukupan<\/td>\n<td>9%<\/td>\n<\/tr>\n<\/tbody>\n<\/table>","protected":false},"featured_media":4622,"template":"","meta":[],"product_brand":[],"product_cat":[200,277,276],"product_tag":[],"class_list":{"0":"post-4564","1":"product","2":"type-product","3":"status-publish","4":"has-post-thumbnail","6":"product_cat-ishrana-bilja","7":"product_cat-kompleksna-djubriva","8":"product_cat-osnovna-djubriva","10":"first","11":"instock","12":"shipping-taxable","13":"product-type-simple"},"_links":{"self":[{"href":"https:\/\/agrarpetrovic.rs\/en\/wp-json\/wp\/v2\/product\/4564","targetHints":{"allow":["GET"]}}],"collection":[{"href":"https:\/\/agrarpetrovic.rs\/en\/wp-json\/wp\/v2\/product"}],"about":[{"href":"https:\/\/agrarpetrovic.rs\/en\/wp-json\/wp\/v2\/types\/product"}],"wp:featuredmedia":[{"embeddable":true,"href":"https:\/\/agrarpetrovic.rs\/en\/wp-json\/wp\/v2\/media\/4622"}],"wp:attachment":[{"href":"https:\/\/agrarpetrovic.rs\/en\/wp-json\/wp\/v2\/media?parent=4564"}],"wp:term":[{"taxonomy":"product_brand","embeddable":true,"href":"https:\/\/agrarpetrovic.rs\/en\/wp-json\/wp\/v2\/product_brand?post=4564"},{"taxonomy":"product_cat","embeddable":true,"href":"https:\/\/agrarpetrovic.rs\/en\/wp-json\/wp\/v2\/product_cat?post=4564"},{"taxonomy":"product_tag","embeddable":true,"href":"https:\/\/agrarpetrovic.rs\/en\/wp-json\/wp\/v2\/product_tag?post=4564"}],"curies":[{"name":"wp","href":"https:\/\/api.w.org\/{rel}","templated":true}]}}