{"id":4565,"date":"2023-07-13T16:14:20","date_gmt":"2023-07-13T14:14:20","guid":{"rendered":"https:\/\/agrarpetrovic.rs\/?post_type=product&#038;p=4565"},"modified":"2023-07-13T16:16:53","modified_gmt":"2023-07-13T14:16:53","slug":"elixir-basic-np-1620","status":"publish","type":"product","link":"https:\/\/agrarpetrovic.rs\/en\/proizvod\/elixir-basic-np-1620\/","title":{"rendered":"Elixir Basic NP 16:20"},"content":{"rendered":"<p>NP 16:20 + 12% S + 0,05% B je neorgansko, \u010dvrsto, kompleksno mineralno \u0111ubrivo koje sadr\u017ei azot i fosfor, sekundarni element sumpor, kao i mikroelement bor koji je va\u017ean za cvetanje. Sumpor je neophodan makroelement koji predstavlja sastavni deo aminokiselina, enzima, koenzima, vitamina, hlorofila a kao takav obezbe\u0111uje normalan rast i razvoj gajenih biljaka.<\/p>\n<h2>Preporu\u010dena primena:<\/h2>\n<ul>\n<li>P\u0161enica<em>250 &#8211; 400 kg\/ha<\/em><\/li>\n<li>Je\u010dam<em>250 &#8211; 400 kg\/ha<\/em><\/li>\n<li>Ra\u017e<em>250 &#8211; 400 kg\/ha<\/em><\/li>\n<li>Kukuruz<em>250 &#8211; 500 kg\/ha<\/em><\/li>\n<li>Suncokret<em>250 &#8211; 400 kg\/ha<\/em><\/li>\n<li>Pa\u0161njaci<em>300 &#8211; 500 kg\/ha<\/em><\/li>\n<\/ul>","protected":false},"excerpt":{"rendered":"<table>\n<tbody>\n<tr>\n<td>AZOT (N) ukupan<\/td>\n<td>16%<\/td>\n<\/tr>\n<tr>\n<td>Amonija\u010dni azot<\/td>\n<td>16%<\/td>\n<\/tr>\n<tr>\n<td>FOSFOR PENTOKSID (P2O5) ukupan<\/td>\n<td>20%<\/td>\n<\/tr>\n<tr>\n<td>Fosfor(V)oksid (P2O5) rastvorljiv u NAC i u vodi<\/td>\n<td>17,5%<\/td>\n<\/tr>\n<tr>\n<td>Fosfor(V)oksid (P2O5) rastvorljiv u vodi<\/td>\n<td>13,5%<\/td>\n<\/tr>\n<tr>\n<td>Sumpor (S) rastvorljiv u vodi<\/td>\n<td>12%<\/td>\n<\/tr>\n<tr>\n<td>Bor (B) rastvorljiv u vodi<\/td>\n<td>0,05%<\/td>\n<\/tr>\n<\/tbody>\n<\/table>","protected":false},"featured_media":4623,"template":"","meta":[],"product_brand":[],"product_cat":[200,276],"product_tag":[],"class_list":{"0":"post-4565","1":"product","2":"type-product","3":"status-publish","4":"has-post-thumbnail","6":"product_cat-ishrana-bilja","7":"product_cat-osnovna-djubriva","9":"first","10":"instock","11":"shipping-taxable","12":"product-type-simple"},"_links":{"self":[{"href":"https:\/\/agrarpetrovic.rs\/en\/wp-json\/wp\/v2\/product\/4565","targetHints":{"allow":["GET"]}}],"collection":[{"href":"https:\/\/agrarpetrovic.rs\/en\/wp-json\/wp\/v2\/product"}],"about":[{"href":"https:\/\/agrarpetrovic.rs\/en\/wp-json\/wp\/v2\/types\/product"}],"wp:featuredmedia":[{"embeddable":true,"href":"https:\/\/agrarpetrovic.rs\/en\/wp-json\/wp\/v2\/media\/4623"}],"wp:attachment":[{"href":"https:\/\/agrarpetrovic.rs\/en\/wp-json\/wp\/v2\/media?parent=4565"}],"wp:term":[{"taxonomy":"product_brand","embeddable":true,"href":"https:\/\/agrarpetrovic.rs\/en\/wp-json\/wp\/v2\/product_brand?post=4565"},{"taxonomy":"product_cat","embeddable":true,"href":"https:\/\/agrarpetrovic.rs\/en\/wp-json\/wp\/v2\/product_cat?post=4565"},{"taxonomy":"product_tag","embeddable":true,"href":"https:\/\/agrarpetrovic.rs\/en\/wp-json\/wp\/v2\/product_tag?post=4565"}],"curies":[{"name":"wp","href":"https:\/\/api.w.org\/{rel}","templated":true}]}}