{"id":4573,"date":"2023-07-13T16:14:42","date_gmt":"2023-07-13T14:14:42","guid":{"rendered":"https:\/\/agrarpetrovic.rs\/?post_type=product&#038;p=4573"},"modified":"2023-07-13T16:16:56","modified_gmt":"2023-07-13T14:16:56","slug":"elixir-basic-pk-2030","status":"publish","type":"product","link":"https:\/\/agrarpetrovic.rs\/en\/proizvod\/elixir-basic-pk-2030\/","title":{"rendered":"Elixir Basic PK 20:30"},"content":{"rendered":"<p>PK 20:30 + 6% Ca je neorgansko,kompleksno\u00a0mineralno \u0111ubrivo sa nagla\u0161enim sadr\u017eajem fosfora i kalijuma, upotpunjeno prisustvom kalcijuma.<\/p>\n<p>\u0110ubrivo PK 20:30 + 6% Ca je pogodno za gajenje svih kultura, a naro\u010dito se preporu\u010duje kod biljaka sa nagla\u0161enim potrebama za fosforom i kalijumom. Fosforna komponenta je preko 90% vodorastvorljiva i odmah dostupna biljkama. Visoka vodotopivost i brzo osloba\u0111anje hranljivih elemenata pru\u017eaju mogu\u0107nost primene ovog \u0111ubriva ne samo u jesen ve\u0107 i neposredno pred setvu ili sa setvom.<\/p>\n<h2>Preporu\u010dena primena:<\/h2>\n<ul>\n<li>\u0160e\u0107erna repa<em>350 &#8211; 600 kg\/ha<\/em><\/li>\n<li>Suncokret<em>200 &#8211; 300 kg\/ha<\/em><\/li>\n<li>P\u0161enica<em>200 &#8211; 350 kg\/ha<\/em><\/li>\n<li>Kukuruz<em>200 &#8211; 400 kg\/ha<\/em><\/li>\n<li>Soja<em>150 &#8211; 300 kg\/ha<\/em><\/li>\n<li>Uljana repica<em>200 &#8211; 350 kg\/ha<\/em><\/li>\n<li>Vo\u0107e<em>300 &#8211; 600 kg\/ha<\/em><\/li>\n<li>Povr\u0107e<em>350 &#8211; 700 kg\/ha<\/em><\/li>\n<\/ul>","protected":false},"excerpt":{"rendered":"<table>\n<tbody>\n<tr>\n<td>FOSFOR PENTOKSID (P2O5) rastvorljiv u NAC i u vodi<\/td>\n<td>20%<\/td>\n<\/tr>\n<tr>\n<td>Fosfor(V)oksid (P2O5) rastvorljiv u vodi<\/td>\n<td>18%<\/td>\n<\/tr>\n<tr>\n<td>KALIJUM-OKSID (K2O) rastvorljiv u vodi<\/td>\n<td>30%<\/td>\n<\/tr>\n<tr>\n<td>Kalcijum (Ca) rastvorljiv u vodi<\/td>\n<td>6%<\/td>\n<\/tr>\n<\/tbody>\n<\/table>","protected":false},"featured_media":4624,"template":"","meta":[],"product_brand":[],"product_cat":[200,277,276],"product_tag":[],"class_list":{"0":"post-4573","1":"product","2":"type-product","3":"status-publish","4":"has-post-thumbnail","6":"product_cat-ishrana-bilja","7":"product_cat-kompleksna-djubriva","8":"product_cat-osnovna-djubriva","10":"first","11":"instock","12":"shipping-taxable","13":"product-type-simple"},"_links":{"self":[{"href":"https:\/\/agrarpetrovic.rs\/en\/wp-json\/wp\/v2\/product\/4573","targetHints":{"allow":["GET"]}}],"collection":[{"href":"https:\/\/agrarpetrovic.rs\/en\/wp-json\/wp\/v2\/product"}],"about":[{"href":"https:\/\/agrarpetrovic.rs\/en\/wp-json\/wp\/v2\/types\/product"}],"wp:featuredmedia":[{"embeddable":true,"href":"https:\/\/agrarpetrovic.rs\/en\/wp-json\/wp\/v2\/media\/4624"}],"wp:attachment":[{"href":"https:\/\/agrarpetrovic.rs\/en\/wp-json\/wp\/v2\/media?parent=4573"}],"wp:term":[{"taxonomy":"product_brand","embeddable":true,"href":"https:\/\/agrarpetrovic.rs\/en\/wp-json\/wp\/v2\/product_brand?post=4573"},{"taxonomy":"product_cat","embeddable":true,"href":"https:\/\/agrarpetrovic.rs\/en\/wp-json\/wp\/v2\/product_cat?post=4573"},{"taxonomy":"product_tag","embeddable":true,"href":"https:\/\/agrarpetrovic.rs\/en\/wp-json\/wp\/v2\/product_tag?post=4573"}],"curies":[{"name":"wp","href":"https:\/\/api.w.org\/{rel}","templated":true}]}}