{"id":4575,"date":"2023-07-13T16:14:42","date_gmt":"2023-07-13T14:14:42","guid":{"rendered":"https:\/\/agrarpetrovic.rs\/?post_type=product&#038;p=4575"},"modified":"2023-07-13T16:17:07","modified_gmt":"2023-07-13T14:17:07","slug":"elixir-basic-62412","status":"publish","type":"product","link":"https:\/\/agrarpetrovic.rs\/en\/proizvod\/elixir-basic-62412\/","title":{"rendered":"Elixir Basic 6:24:12"},"content":{"rendered":"<p>NPK 6:24:12 + 2% Ca + 5% S + 0,05% Zn je neorgansko, \u010dvrsto, kompleksno mineralno \u0111ubrivo koje sadr\u017ei sve neophodne makroelemente \u2013 azot, fosfor, kalijum, oboga\u0107eno sekundarnim elementima kalcijumom i sumporom, kao i cinkom, jednim od zna\u010dajnih mikroelemenata za rast biljaka.<\/p>\n<h2>Preporu\u010dena primena:<\/h2>\n<ul>\n<li>P\u0161enica<em>250 &#8211; 400 kg\/ha<\/em><\/li>\n<li>Je\u010dam<em>250 &#8211; 400 kg\/ha<\/em><\/li>\n<li>Kukuruz<em>300 &#8211; 450 kg\/ha<\/em><\/li>\n<li>Soja<em>250 &#8211; 400 kg\/ha<\/em><\/li>\n<li>Suncokret<em>200 &#8211; 400 kg\/ha<\/em><\/li>\n<li>Uljana repica<em>250 &#8211; 450 kg\/ha<\/em><\/li>\n<li>Vo\u0107e<em>300 &#8211; 650 kg\/ha<\/em><\/li>\n<li>Povr\u0107e<em>300 &#8211; 700 kg\/ha<\/em><\/li>\n<li>Pa\u0161njaci<em>300 &#8211; 500 kg\/ha<\/em><\/li>\n<\/ul>","protected":false},"excerpt":{"rendered":"<table>\n<tbody>\n<tr>\n<td>AZOT (N) ukupan<\/td>\n<td>6%<\/td>\n<\/tr>\n<tr>\n<td>Amoni\u010dijani azot<\/td>\n<td>6%<\/td>\n<\/tr>\n<tr>\n<td>FOSFOR PENTOKSID (P2O5) ukupan<\/td>\n<td>24%<\/td>\n<\/tr>\n<tr>\n<td>Fosfor(V)oksid (P2O5) rastvorljiv u NAC i u vodi<\/td>\n<td>19,2%<\/td>\n<\/tr>\n<tr>\n<td>Fosfor(V)oksid (P2O5) rastvorljiv u vodi<\/td>\n<td>14,4%<\/td>\n<\/tr>\n<tr>\n<td>KALIJUM-OKSID (K2O) rastvorljiv u vodi<\/td>\n<td>12%<\/td>\n<\/tr>\n<tr>\n<td>Kalcijum (Ca) rastvorljiv u vodi<\/td>\n<td>2%<\/td>\n<\/tr>\n<tr>\n<td>Sumpor (S) rastvorljiv u vodi<\/td>\n<td>5%<\/td>\n<\/tr>\n<tr>\n<td>Cink (Zn) ukupan<\/td>\n<td>0,05%<\/td>\n<\/tr>\n<\/tbody>\n<\/table>","protected":false},"featured_media":4632,"template":"","meta":[],"product_brand":[],"product_cat":[200,277,276],"product_tag":[],"class_list":{"0":"post-4575","1":"product","2":"type-product","3":"status-publish","4":"has-post-thumbnail","6":"product_cat-ishrana-bilja","7":"product_cat-kompleksna-djubriva","8":"product_cat-osnovna-djubriva","10":"first","11":"instock","12":"shipping-taxable","13":"product-type-simple"},"_links":{"self":[{"href":"https:\/\/agrarpetrovic.rs\/en\/wp-json\/wp\/v2\/product\/4575","targetHints":{"allow":["GET"]}}],"collection":[{"href":"https:\/\/agrarpetrovic.rs\/en\/wp-json\/wp\/v2\/product"}],"about":[{"href":"https:\/\/agrarpetrovic.rs\/en\/wp-json\/wp\/v2\/types\/product"}],"wp:featuredmedia":[{"embeddable":true,"href":"https:\/\/agrarpetrovic.rs\/en\/wp-json\/wp\/v2\/media\/4632"}],"wp:attachment":[{"href":"https:\/\/agrarpetrovic.rs\/en\/wp-json\/wp\/v2\/media?parent=4575"}],"wp:term":[{"taxonomy":"product_brand","embeddable":true,"href":"https:\/\/agrarpetrovic.rs\/en\/wp-json\/wp\/v2\/product_brand?post=4575"},{"taxonomy":"product_cat","embeddable":true,"href":"https:\/\/agrarpetrovic.rs\/en\/wp-json\/wp\/v2\/product_cat?post=4575"},{"taxonomy":"product_tag","embeddable":true,"href":"https:\/\/agrarpetrovic.rs\/en\/wp-json\/wp\/v2\/product_tag?post=4575"}],"curies":[{"name":"wp","href":"https:\/\/api.w.org\/{rel}","templated":true}]}}