{"id":4578,"date":"2023-07-13T16:14:42","date_gmt":"2023-07-13T14:14:42","guid":{"rendered":"https:\/\/agrarpetrovic.rs\/?post_type=product&#038;p=4578"},"modified":"2023-07-13T16:17:18","modified_gmt":"2023-07-13T14:17:18","slug":"elixir-basic-np-2020","status":"publish","type":"product","link":"https:\/\/agrarpetrovic.rs\/en\/proizvod\/elixir-basic-np-2020\/","title":{"rendered":"Elixir Basic NP 20:20"},"content":{"rendered":"<p>NP 20:20 + 14 % S je neorgansko, \u010dvrsto, kompleksno mineralno \u0111ubrivo sadr\u017ei azot i fosfor, upotpunjeno prisustvom sekundarnog elementa sumpor.<\/p>\n<p>Primenjuje se u velikom broju kultura, a naro\u010dito se preporu\u010duje za ishranu ozimih strnina. Uno\u0161enjem azota u jesen obezbe\u0111ujemo ve\u0107u aktivnost mikroorganizama i ubrzavamo proces mineralizacije organske materije.<\/p>\n<h2>Preporu\u010dena primena:<\/h2>\n<ul>\n<li>P\u0161enica<em>250 &#8211; 350 kg\/ha<\/em><\/li>\n<li>Je\u010dam<em>200 &#8211; 350 kg\/ha<\/em><\/li>\n<li>Ra\u017e<em>200 &#8211; 400 kg\/ha<\/em><\/li>\n<li>Kukuruz<em>250 &#8211; 400 kg\/ha<\/em><\/li>\n<li>Suncokret<em>250 &#8211; 400 kg\/ha<\/em><\/li>\n<\/ul>","protected":false},"excerpt":{"rendered":"<table>\n<tbody>\n<tr>\n<td>AZOT (N) ukupan<\/td>\n<td>20%<\/td>\n<\/tr>\n<tr>\n<td>Amonija\u010dni azot<\/td>\n<td>19%<\/td>\n<\/tr>\n<tr>\n<td>Amidni azot<\/td>\n<td>1%<\/td>\n<\/tr>\n<tr>\n<td>FOSFOR PENTOKSID (P2O5) rastvorljiv u NAC i u vodi<\/td>\n<td>20%<\/td>\n<\/tr>\n<tr>\n<td>Fosfor(V)oksid (P2O5) rastvorljiv u vodi<\/td>\n<td>19%<\/td>\n<\/tr>\n<tr>\n<td>Sumpor (S) rastvorljiv u vodi<\/td>\n<td>14%<\/td>\n<\/tr>\n<\/tbody>\n<\/table>","protected":false},"featured_media":4635,"template":"","meta":[],"product_brand":[],"product_cat":[200,277,276],"product_tag":[],"class_list":{"0":"post-4578","1":"product","2":"type-product","3":"status-publish","4":"has-post-thumbnail","6":"product_cat-ishrana-bilja","7":"product_cat-kompleksna-djubriva","8":"product_cat-osnovna-djubriva","10":"first","11":"instock","12":"shipping-taxable","13":"product-type-simple"},"_links":{"self":[{"href":"https:\/\/agrarpetrovic.rs\/en\/wp-json\/wp\/v2\/product\/4578","targetHints":{"allow":["GET"]}}],"collection":[{"href":"https:\/\/agrarpetrovic.rs\/en\/wp-json\/wp\/v2\/product"}],"about":[{"href":"https:\/\/agrarpetrovic.rs\/en\/wp-json\/wp\/v2\/types\/product"}],"wp:featuredmedia":[{"embeddable":true,"href":"https:\/\/agrarpetrovic.rs\/en\/wp-json\/wp\/v2\/media\/4635"}],"wp:attachment":[{"href":"https:\/\/agrarpetrovic.rs\/en\/wp-json\/wp\/v2\/media?parent=4578"}],"wp:term":[{"taxonomy":"product_brand","embeddable":true,"href":"https:\/\/agrarpetrovic.rs\/en\/wp-json\/wp\/v2\/product_brand?post=4578"},{"taxonomy":"product_cat","embeddable":true,"href":"https:\/\/agrarpetrovic.rs\/en\/wp-json\/wp\/v2\/product_cat?post=4578"},{"taxonomy":"product_tag","embeddable":true,"href":"https:\/\/agrarpetrovic.rs\/en\/wp-json\/wp\/v2\/product_tag?post=4578"}],"curies":[{"name":"wp","href":"https:\/\/api.w.org\/{rel}","templated":true}]}}