{"id":4579,"date":"2023-07-13T16:14:42","date_gmt":"2023-07-13T14:14:42","guid":{"rendered":"https:\/\/agrarpetrovic.rs\/?post_type=product&#038;p=4579"},"modified":"2023-07-13T16:17:25","modified_gmt":"2023-07-13T14:17:25","slug":"super-garden-lawn-all-season","status":"publish","type":"product","link":"https:\/\/agrarpetrovic.rs\/en\/proizvod\/super-garden-lawn-all-season\/","title":{"rendered":"SUPER GARDEN LAWN ALL SEASON"},"content":{"rendered":"<p>Super Garden Lawn All Season predstavlja \u0111ubrivo specijalne linije proizvoda Elixir Zorke,namenjeno za sve tipove trave. Ova formulacija hranljivih elemenata \u0161titi travnjak od negativnog uticaja toplote i su\u0161e i snabdeva travnjak hranivima na optimalan na\u010din tokom du\u017eeg vremenskog perioda.<\/p>\n<h2>Preporu\u010dena primena:<\/h2>\n<ul>\n<li>Period vegetacije &#8211; tri tretmana<em>40 g\/m2<\/em><\/li>\n<\/ul>\n<h2>Razlozi za primenu:<\/h2>\n<ul>\n<li>Za sve tipove trave tokom perioda vegetacije<\/li>\n<li>\u0160titi travnjak od negativnog uticaja toplote i su\u0161e<\/li>\n<li>Kalijum je u obliku sulfata, formulacija ne sadr\u017ei hlor, \u010dime se omogu\u0107uje intenzivniji transport hraniva kroz biljku i doprinosi boljem volumenu travnjaka<\/li>\n<li>Magnezijum kao sastavni deo hlorofila, osim metaboli\u010dke funkcije uti\u010de na intenzivniju i lep\u0161u zelenu boju<\/li>\n<li>Sumpor \u010dini travnjake otpornijim na bolesti<\/li>\n<li>Bor i Cink doprinose boljoj otpornosti travnjaka na sve nepogode u toku vegetacije<\/li>\n<li>Gvo\u017e\u0111e spre\u010dava pojavu mahovine<\/li>\n<\/ul>","protected":false},"excerpt":{"rendered":"<table>\n<tbody>\n<tr>\n<td>AZOT UKUPAN (N)<\/td>\n<td>11%<\/td>\n<\/tr>\n<tr>\n<td>Amonija\u010dni azot<\/td>\n<td>11%<\/td>\n<\/tr>\n<tr>\n<td>FOSFOR(V)OKSID (P205) rastvorljiv u NAC i u vodi<\/td>\n<td>6%<\/td>\n<\/tr>\n<tr>\n<td>Fosfor(V)oksid (P202) rastvorljiv u vodi<\/td>\n<td>5,5%<\/td>\n<\/tr>\n<tr>\n<td>KALIJUM OKSID (K2O) rastvorljiv u vodi<\/td>\n<td>16%<\/td>\n<\/tr>\n<tr>\n<td>Magnezijum oksid (MgO) ukupan<\/td>\n<td>2%<\/td>\n<\/tr>\n<tr>\n<td>Magnezijum-oksid (MgO) rastvorljiv u vodi<\/td>\n<td>0,9%<\/td>\n<\/tr>\n<tr>\n<td>Sumpor (S) rastvorljiv u vodi<\/td>\n<td>16%<\/td>\n<\/tr>\n<tr>\n<td>Bor (B) rastvorljiv u vodi<\/td>\n<td>0,2%<\/td>\n<\/tr>\n<tr>\n<td>Gvo\u017e\u0111e (Fe) rastvorljiv u vodi<\/td>\n<td>0,05%<\/td>\n<\/tr>\n<tr>\n<td>Cink (Zn) ukupan<\/td>\n<td>0,1%<\/td>\n<\/tr>\n<\/tbody>\n<\/table>","protected":false},"featured_media":4636,"template":"","meta":[],"product_brand":[],"product_cat":[200,276],"product_tag":[],"class_list":{"0":"post-4579","1":"product","2":"type-product","3":"status-publish","4":"has-post-thumbnail","6":"product_cat-ishrana-bilja","7":"product_cat-osnovna-djubriva","9":"first","10":"instock","11":"shipping-taxable","12":"product-type-simple"},"_links":{"self":[{"href":"https:\/\/agrarpetrovic.rs\/en\/wp-json\/wp\/v2\/product\/4579","targetHints":{"allow":["GET"]}}],"collection":[{"href":"https:\/\/agrarpetrovic.rs\/en\/wp-json\/wp\/v2\/product"}],"about":[{"href":"https:\/\/agrarpetrovic.rs\/en\/wp-json\/wp\/v2\/types\/product"}],"wp:featuredmedia":[{"embeddable":true,"href":"https:\/\/agrarpetrovic.rs\/en\/wp-json\/wp\/v2\/media\/4636"}],"wp:attachment":[{"href":"https:\/\/agrarpetrovic.rs\/en\/wp-json\/wp\/v2\/media?parent=4579"}],"wp:term":[{"taxonomy":"product_brand","embeddable":true,"href":"https:\/\/agrarpetrovic.rs\/en\/wp-json\/wp\/v2\/product_brand?post=4579"},{"taxonomy":"product_cat","embeddable":true,"href":"https:\/\/agrarpetrovic.rs\/en\/wp-json\/wp\/v2\/product_cat?post=4579"},{"taxonomy":"product_tag","embeddable":true,"href":"https:\/\/agrarpetrovic.rs\/en\/wp-json\/wp\/v2\/product_tag?post=4579"}],"curies":[{"name":"wp","href":"https:\/\/api.w.org\/{rel}","templated":true}]}}