{"id":4589,"date":"2023-07-13T16:15:10","date_gmt":"2023-07-13T14:15:10","guid":{"rendered":"https:\/\/agrarpetrovic.rs\/?post_type=product&#038;p=4589"},"modified":"2023-07-13T16:17:34","modified_gmt":"2023-07-13T14:17:34","slug":"super-garden-lawn-starter","status":"publish","type":"product","link":"https:\/\/agrarpetrovic.rs\/en\/proizvod\/super-garden-lawn-starter\/","title":{"rendered":"SUPER GARDEN LAWN STARTER"},"content":{"rendered":"<p>Super Garden Lawn Starter predstavlja \u0111ubrivo specijalne linije proizvoda Elixir Zorke, namenjeno za potpunu ishranu svih tipova trave i pobolj\u0161avanje rezultata setve. Namenjen je tretiranju zemlji\u0161ta pre setve i u prvim fazama vegetacije i njegova primena omogu\u0107uje br\u017ei, stabilan i ravnomerni rast i gust travnjak. Visok sadr\u017eaj fosfora obezbe\u0111uje bolji razvoj korenovog sistema.<\/p>\n<h2>Preporu\u010dena primena:<\/h2>\n<ul>\n<li>Nov travnjak<em>70 g\/m2<\/em><\/li>\n<li>Postoje\u0107i travnjak<em>50 g\/m2<\/em><\/li>\n<\/ul>\n<h2>Razlozi za primenu:<\/h2>\n<ul>\n<li>Pru\u017ea potpunu ishranu trave i pobolj\u0161ava rezultate setve<\/li>\n<li>Visok sadr\u017eaj fosfora obezbe\u0111uje bolji razvoj korenovog sistema<\/li>\n<li>Kalijum je u obliku sulfata, formulacija ne sadr\u017ei hlor<\/li>\n<li>Cink uti\u010de na stvaranje hormona rasta (auxina) te se omogu\u0107uje br\u017ei, stabilan i ravnomeran rast i gust travnjak<\/li>\n<li>Prisustvo sumpora i bora uti\u010de na otpornost biljaka i smanjuje rizik pojave bolesti<\/li>\n<li>Bezbedno za sve tipove trave<\/li>\n<\/ul>","protected":false},"excerpt":{"rendered":"<table>\n<tbody>\n<tr>\n<td>AZOT UKUPAN (N)<\/td>\n<td>15%<\/td>\n<\/tr>\n<tr>\n<td>Amonija\u010dni azot<\/td>\n<td>15%<\/td>\n<\/tr>\n<tr>\n<td>FOSFOR(V)OKSID (P2O5) RASTVORLJIV U NAC I U VODI<\/td>\n<td>20%<\/td>\n<\/tr>\n<tr>\n<td>Fosfor(V)oksid (P2O5) rastvorljiv u vodi<\/td>\n<td>18%<\/td>\n<\/tr>\n<tr>\n<td>KALIJUM OKSID (K2O) RASTVORLJIV U VODI<\/td>\n<td>5%<\/td>\n<\/tr>\n<tr>\n<td>Magnezijum\u00a0 oksid\u00a0 (MgO)\u00a0 ukupan<\/td>\n<td>2%<\/td>\n<\/tr>\n<tr>\n<td>Magnezijum-oksid (MgO) rastvorljiv u vodi<\/td>\n<td>0,8%<\/td>\n<\/tr>\n<tr>\n<td>Sumpor (S) rastvorljiv u vodi<\/td>\n<td>12%<\/td>\n<\/tr>\n<tr>\n<td>Bor (B) rastvorljiv u vodi<\/td>\n<td>0,2%<\/td>\n<\/tr>\n<tr>\n<td>Cink (Zn) ukupan<\/td>\n<td>0,05%<\/td>\n<\/tr>\n<\/tbody>\n<\/table>","protected":false},"featured_media":4643,"template":"","meta":[],"product_brand":[],"product_cat":[200,277,276],"product_tag":[],"class_list":{"0":"post-4589","1":"product","2":"type-product","3":"status-publish","4":"has-post-thumbnail","6":"product_cat-ishrana-bilja","7":"product_cat-kompleksna-djubriva","8":"product_cat-osnovna-djubriva","10":"first","11":"instock","12":"shipping-taxable","13":"product-type-simple"},"_links":{"self":[{"href":"https:\/\/agrarpetrovic.rs\/en\/wp-json\/wp\/v2\/product\/4589","targetHints":{"allow":["GET"]}}],"collection":[{"href":"https:\/\/agrarpetrovic.rs\/en\/wp-json\/wp\/v2\/product"}],"about":[{"href":"https:\/\/agrarpetrovic.rs\/en\/wp-json\/wp\/v2\/types\/product"}],"wp:featuredmedia":[{"embeddable":true,"href":"https:\/\/agrarpetrovic.rs\/en\/wp-json\/wp\/v2\/media\/4643"}],"wp:attachment":[{"href":"https:\/\/agrarpetrovic.rs\/en\/wp-json\/wp\/v2\/media?parent=4589"}],"wp:term":[{"taxonomy":"product_brand","embeddable":true,"href":"https:\/\/agrarpetrovic.rs\/en\/wp-json\/wp\/v2\/product_brand?post=4589"},{"taxonomy":"product_cat","embeddable":true,"href":"https:\/\/agrarpetrovic.rs\/en\/wp-json\/wp\/v2\/product_cat?post=4589"},{"taxonomy":"product_tag","embeddable":true,"href":"https:\/\/agrarpetrovic.rs\/en\/wp-json\/wp\/v2\/product_tag?post=4589"}],"curies":[{"name":"wp","href":"https:\/\/api.w.org\/{rel}","templated":true}]}}