{"id":4590,"date":"2023-07-13T16:15:10","date_gmt":"2023-07-13T14:15:10","guid":{"rendered":"https:\/\/agrarpetrovic.rs\/?post_type=product&#038;p=4590"},"modified":"2023-07-13T16:17:40","modified_gmt":"2023-07-13T14:17:40","slug":"super-garden-lawn-vegetables","status":"publish","type":"product","link":"https:\/\/agrarpetrovic.rs\/en\/proizvod\/super-garden-lawn-vegetables\/","title":{"rendered":"SUPER GARDEN LAWN VEGETABLES"},"content":{"rendered":"<p>Super Garden Vegetables predstavlja \u0111ubrivo specijalne linije proizvoda Elixir Zorke namenjeno za povr\u0107e. Primena Super Garden Vegetables doprinosi vi\u0161em kvalitetu ploda, lep\u0161oj boji i mogu\u0107nosti da se povr\u0107e du\u017ee o\u010duva.<\/p>\n<h2>Preporu\u010dena primena:<\/h2>\n<ul>\n<li>Plodovito povr\u0107e (paradajz, tikvica, paprika, krastavac, patlid\u017ean)<em>60 &#8211; 100 g\/m2<\/em><\/li>\n<li>Krtolasto povr\u0107e (krompir, luk, mrkva, celer)<em>60 &#8211; 80 g\/m2<\/em><\/li>\n<li>Kupusno povr\u0107e (kupus, karfiol, brokoli, kelj)<em>40 &#8211; 70 g\/m2<\/em><\/li>\n<li>Lisnato povr\u0107e (spana\u0107, zelena salata)<em>20 &#8211; 40 g\/m2<\/em><\/li>\n<li>Za\u010dinsko bilje<em>20 &#8211; 40 g\/m2<\/em><\/li>\n<\/ul>\n<h2>Razlozi za primenu:<\/h2>\n<ul>\n<li>Sadr\u017ei sve primarne elemente i neophodne mikroelemente za vi\u0161i kvalitet povr\u0107a<\/li>\n<li>Posebno oboga\u0107eno magnezijumom koji uti\u010de na kvalitetniju fotosintezu i doprinosi ostvarivanju ve\u0107eg prinosa gajene kulture<\/li>\n<li>Visok sadr\u017eaj kalijuma i azota<\/li>\n<li>Jednostavno za upotrebu<\/li>\n<li>Bez hlora\u2013bezbedno za sve biljne kulture<\/li>\n<\/ul>","protected":false},"excerpt":{"rendered":"<table>\n<tbody>\n<tr>\n<td>Amonija\u010dni azot<\/td>\n<td>12%<\/td>\n<\/tr>\n<tr>\n<td>Amidni azot<\/td>\n<td>2%<\/td>\n<\/tr>\n<tr>\n<td>FOSFOR(V)OKSID (P2O5) RASTVORLJIV U NAC I U VODI<\/td>\n<td>7%<\/td>\n<\/tr>\n<tr>\n<td>Fosfor(V)oksid (P2O5) rastvorljiv u vodi<\/td>\n<td>6,5%<\/td>\n<\/tr>\n<tr>\n<td>KALIJUM OKSID (K2O) RASTVORLJIV U VODI<\/td>\n<td>14%<\/td>\n<\/tr>\n<tr>\n<td>Magnezijum\u00a0 oksid\u00a0 (MgO)\u00a0 ukupan<\/td>\n<td>2%<\/td>\n<\/tr>\n<tr>\n<td>Magnezijum-oksid (MgO) rastvorljiv u vodi<\/td>\n<td>0,6%<\/td>\n<\/tr>\n<tr>\n<td>Sumpor (S) rastvorljiv u vodi<\/td>\n<td>16%<\/td>\n<\/tr>\n<tr>\n<td>Bor (B) rastvorljiv u vodi<\/td>\n<td>0,3%<\/td>\n<\/tr>\n<tr>\n<td>Cink (Zn) ukupan<\/td>\n<td>0,1%<\/td>\n<\/tr>\n<\/tbody>\n<\/table>","protected":false},"featured_media":4644,"template":"","meta":[],"product_brand":[],"product_cat":[200,277,276],"product_tag":[],"class_list":{"0":"post-4590","1":"product","2":"type-product","3":"status-publish","4":"has-post-thumbnail","6":"product_cat-ishrana-bilja","7":"product_cat-kompleksna-djubriva","8":"product_cat-osnovna-djubriva","10":"first","11":"instock","12":"shipping-taxable","13":"product-type-simple"},"_links":{"self":[{"href":"https:\/\/agrarpetrovic.rs\/en\/wp-json\/wp\/v2\/product\/4590","targetHints":{"allow":["GET"]}}],"collection":[{"href":"https:\/\/agrarpetrovic.rs\/en\/wp-json\/wp\/v2\/product"}],"about":[{"href":"https:\/\/agrarpetrovic.rs\/en\/wp-json\/wp\/v2\/types\/product"}],"wp:featuredmedia":[{"embeddable":true,"href":"https:\/\/agrarpetrovic.rs\/en\/wp-json\/wp\/v2\/media\/4644"}],"wp:attachment":[{"href":"https:\/\/agrarpetrovic.rs\/en\/wp-json\/wp\/v2\/media?parent=4590"}],"wp:term":[{"taxonomy":"product_brand","embeddable":true,"href":"https:\/\/agrarpetrovic.rs\/en\/wp-json\/wp\/v2\/product_brand?post=4590"},{"taxonomy":"product_cat","embeddable":true,"href":"https:\/\/agrarpetrovic.rs\/en\/wp-json\/wp\/v2\/product_cat?post=4590"},{"taxonomy":"product_tag","embeddable":true,"href":"https:\/\/agrarpetrovic.rs\/en\/wp-json\/wp\/v2\/product_tag?post=4590"}],"curies":[{"name":"wp","href":"https:\/\/api.w.org\/{rel}","templated":true}]}}