{"id":4592,"date":"2023-07-13T16:15:10","date_gmt":"2023-07-13T14:15:10","guid":{"rendered":"https:\/\/agrarpetrovic.rs\/?post_type=product&#038;p=4592"},"modified":"2023-07-13T16:17:55","modified_gmt":"2023-07-13T14:17:55","slug":"super-garden-fruits","status":"publish","type":"product","link":"https:\/\/agrarpetrovic.rs\/en\/proizvod\/super-garden-fruits\/","title":{"rendered":"SUPER GARDEN FRUITS"},"content":{"rendered":"<p>Super Garden Fruits predstavlja \u0111ubrivo specijalne linije proizvoda Elixir Zorke namenjeno za podsticanje rasta i pobolj\u0161anje kvaliteta i ukusa vo\u0107a. Ova formulacija \u0111ubriva Elixir Zorke \u010dini biljke otpornijim na toplotu i su\u0161u, a optimalan odnos svih elemenata obezbe\u0111uje zdrav, plodonosan vo\u0107njak i plodove izvandrednog ukusa i boje.<\/p>\n<h2>Preporu\u010dena primena:<\/h2>\n<ul>\n<li>Jagodi\u010dasto vo\u0107e<em>60 &#8211; 80 g\/m2<\/em><\/li>\n<li>Zasnivanje vo\u0107aka<em>0,2 -0,5 kg\/stablo<\/em><\/li>\n<li>Mlad vo\u0107njak (do tre\u0107e godine)<em>0,3-0,6 kg\/stablo<\/em><\/li>\n<li>Vo\u0107njak u rodu<em>0,5-1 kg\/stablo<\/em><\/li>\n<\/ul>\n<h2>Razlozi za primenu:<\/h2>\n<ul>\n<li>Sadr\u017ei sve primarne elemente i neophodne mikroelemente za vi\u0161i kvalitet povr\u0107a<\/li>\n<li>Fosfor doprinosi boljem ukorenjavanju mladog vo\u0107njaka, formiranju ja\u010deg i \u010dvr\u0161\u0107eg stabla mlade vo\u0107ke<\/li>\n<li>Nagla\u0161en sadr\u017eaj kalijuma uti\u010de na sintezu belan\u010devina i hlorofila<\/li>\n<li>Dobro izbalansirana formulacija sa visokim sadr\u017eajem kalijuma namenjena za sve vrste vo\u0107a<\/li>\n<li>Bor poma\u017ee proces oplodnje, pobolj\u0161ava kvalitet i ukus vo\u0107a<\/li>\n<li>Jednostavno za upotrebu<\/li>\n<\/ul>","protected":false},"excerpt":{"rendered":"<table>\n<tbody>\n<tr>\n<td>AZOT UKUPAN (N)<\/td>\n<td>6%<\/td>\n<\/tr>\n<tr>\n<td>Amonija\u010dni azot<\/td>\n<td>6%<\/td>\n<\/tr>\n<tr>\n<td>FOSFOR(V)OKSID (P2O5) RASTVORLJIV U NAC I U VODI<\/td>\n<td>18%<\/td>\n<\/tr>\n<tr>\n<td>Fosfor(V)oksid (P2O5) rastvorljiv u vodi<\/td>\n<td>17,5%<\/td>\n<\/tr>\n<tr>\n<td>KALIJUM OKSID (K2O) RASTVORLJIV U VODI<\/td>\n<td>24%<\/td>\n<\/tr>\n<tr>\n<td>Magnezijum\u00a0 oksid\u00a0 (MgO)\u00a0 ukupan<\/td>\n<td>2%<\/td>\n<\/tr>\n<tr>\n<td>Magnezijum-oksid (MgO) rastvorljiv u vodi<\/td>\n<td>0,5%<\/td>\n<\/tr>\n<tr>\n<td>Sumpor (S) rastvorljiv u vodi<\/td>\n<td>8%<\/td>\n<\/tr>\n<tr>\n<td>Bor (B) rastvorljiv u vodi<\/td>\n<td>0,2%<\/td>\n<\/tr>\n<tr>\n<td>Cink (Zn) ukupan<\/td>\n<td>0,05%<\/td>\n<\/tr>\n<\/tbody>\n<\/table>","protected":false},"featured_media":4649,"template":"","meta":[],"product_brand":[],"product_cat":[200,277,276],"product_tag":[],"class_list":{"0":"post-4592","1":"product","2":"type-product","3":"status-publish","4":"has-post-thumbnail","6":"product_cat-ishrana-bilja","7":"product_cat-kompleksna-djubriva","8":"product_cat-osnovna-djubriva","10":"first","11":"instock","12":"shipping-taxable","13":"product-type-simple"},"_links":{"self":[{"href":"https:\/\/agrarpetrovic.rs\/en\/wp-json\/wp\/v2\/product\/4592","targetHints":{"allow":["GET"]}}],"collection":[{"href":"https:\/\/agrarpetrovic.rs\/en\/wp-json\/wp\/v2\/product"}],"about":[{"href":"https:\/\/agrarpetrovic.rs\/en\/wp-json\/wp\/v2\/types\/product"}],"wp:featuredmedia":[{"embeddable":true,"href":"https:\/\/agrarpetrovic.rs\/en\/wp-json\/wp\/v2\/media\/4649"}],"wp:attachment":[{"href":"https:\/\/agrarpetrovic.rs\/en\/wp-json\/wp\/v2\/media?parent=4592"}],"wp:term":[{"taxonomy":"product_brand","embeddable":true,"href":"https:\/\/agrarpetrovic.rs\/en\/wp-json\/wp\/v2\/product_brand?post=4592"},{"taxonomy":"product_cat","embeddable":true,"href":"https:\/\/agrarpetrovic.rs\/en\/wp-json\/wp\/v2\/product_cat?post=4592"},{"taxonomy":"product_tag","embeddable":true,"href":"https:\/\/agrarpetrovic.rs\/en\/wp-json\/wp\/v2\/product_tag?post=4592"}],"curies":[{"name":"wp","href":"https:\/\/api.w.org\/{rel}","templated":true}]}}