{"id":4617,"date":"2023-07-13T16:16:35","date_gmt":"2023-07-13T14:16:35","guid":{"rendered":"https:\/\/agrarpetrovic.rs\/?post_type=product&#038;p=4617"},"modified":"2023-07-13T16:18:02","modified_gmt":"2023-07-13T14:18:02","slug":"fitofert-kristal-ca-nit","status":"publish","type":"product","link":"https:\/\/agrarpetrovic.rs\/en\/proizvod\/fitofert-kristal-ca-nit\/","title":{"rendered":"FITOFERT KRISTAL Ca-NIT"},"content":{"rendered":"<p><img decoding=\"async\" src=\"https:\/\/fitofert.com\/wp-content\/uploads\/CA-NIT.jpg\" \/><\/p>","protected":false},"excerpt":{"rendered":"<div class=\"wpb_text_column wpb_content_element  vc_custom_1531747311676\">\n<div class=\"wpb_wrapper\">\n<p><strong>FITOFERT KRISTAL Ca-NIT 15-0-0+25,5 CaO<\/strong>\u00a0je jednokomponentno azotno \u0111ubrivo, sa visokim sadr\u017eajem nitratnog azota kao i visokim sadr\u017eajem sekundarnog elementa kalcijuma. \u0110ubrivo se koristi u ranijim fazama vegetacije, po\u010dev od cvetanja, formiranja plodova, pa sve do pigmentacije plodova. Koristi se samostalno, ili doziranjem iz zasebnog tanka. Nije kompatibilno sa proizvodima koji sadr\u017ee sulfate ili fosfate.<\/p>\n<\/div>\n<\/div>\n<div class=\"divider-wrap\">\n<div class=\"divider\"><\/div>\n<\/div>\n<div id=\"fws_5cebf23edf3de\" class=\"wpb_row vc_row-fluid vc_row standard_section\" data-midnight=\"\" data-column-margin=\"default\" data-bg-mobile-hidden=\"\">\n<div class=\"row-bg-wrap\">\n<div class=\"row-bg\"><\/div>\n<\/div>\n<div class=\"col span_12  left\">\n<div class=\"vc_col-sm-3 wpb_column column_container vc_column_container col no-extra-padding instance-2\" data-shadow=\"none\" data-border-radius=\"none\" data-border-animation=\"\" data-border-animation-delay=\"\" data-border-width=\"none\" data-border-style=\"solid\" data-border-color=\"\" data-bg-cover=\"\" data-padding-pos=\"all\" data-has-bg-color=\"false\" data-bg-color=\"\" data-bg-opacity=\"1\" data-hover-bg=\"\" data-hover-bg-opacity=\"1\" data-animation=\"\" data-delay=\"0\">\n<div class=\"vc_column-inner\">\n<div class=\"wpb_wrapper\">\n<div class=\"wpb_text_column wpb_content_element\">\n<div class=\"wpb_wrapper\">\n<h5><strong>Pakovanja:<\/strong>\u00a025 kg<\/h5>\n<\/div>\n<\/div>\n<\/div>\n<\/div>\n<\/div>\n<div class=\"vc_col-sm-9 wpb_column column_container vc_column_container col no-extra-padding instance-3\" data-shadow=\"none\" data-border-radius=\"none\" data-border-animation=\"\" data-border-animation-delay=\"\" data-border-width=\"none\" data-border-style=\"solid\" data-border-color=\"\" data-bg-cover=\"\" data-padding-pos=\"all\" data-has-bg-color=\"false\" data-bg-color=\"\" data-bg-opacity=\"1\" data-hover-bg=\"\" data-hover-bg-opacity=\"1\" data-animation=\"\" data-delay=\"0\">\n<div class=\"vc_column-inner\">\n<div class=\"wpb_wrapper\">\n<div class=\"wpb_text_column wpb_content_element\">\n<div class=\"wpb_wrapper\">\n<h5><strong>Primena:<\/strong>\u00a0Koncentracija primene 0,1%.<\/h5>\n<\/div>\n<\/div>\n<\/div>\n<\/div>\n<\/div>\n<\/div>\n<\/div>","protected":false},"featured_media":4662,"template":"","meta":[],"product_brand":[],"product_cat":[200,201],"product_tag":[],"class_list":{"0":"post-4617","1":"product","2":"type-product","3":"status-publish","4":"has-post-thumbnail","6":"product_cat-ishrana-bilja","7":"product_cat-vodotopiva-djubriva","9":"first","10":"instock","11":"shipping-taxable","12":"product-type-simple"},"_links":{"self":[{"href":"https:\/\/agrarpetrovic.rs\/en\/wp-json\/wp\/v2\/product\/4617","targetHints":{"allow":["GET"]}}],"collection":[{"href":"https:\/\/agrarpetrovic.rs\/en\/wp-json\/wp\/v2\/product"}],"about":[{"href":"https:\/\/agrarpetrovic.rs\/en\/wp-json\/wp\/v2\/types\/product"}],"wp:featuredmedia":[{"embeddable":true,"href":"https:\/\/agrarpetrovic.rs\/en\/wp-json\/wp\/v2\/media\/4662"}],"wp:attachment":[{"href":"https:\/\/agrarpetrovic.rs\/en\/wp-json\/wp\/v2\/media?parent=4617"}],"wp:term":[{"taxonomy":"product_brand","embeddable":true,"href":"https:\/\/agrarpetrovic.rs\/en\/wp-json\/wp\/v2\/product_brand?post=4617"},{"taxonomy":"product_cat","embeddable":true,"href":"https:\/\/agrarpetrovic.rs\/en\/wp-json\/wp\/v2\/product_cat?post=4617"},{"taxonomy":"product_tag","embeddable":true,"href":"https:\/\/agrarpetrovic.rs\/en\/wp-json\/wp\/v2\/product_tag?post=4617"}],"curies":[{"name":"wp","href":"https:\/\/api.w.org\/{rel}","templated":true}]}}