{"id":4628,"date":"2023-07-13T16:16:59","date_gmt":"2023-07-13T14:16:59","guid":{"rendered":"https:\/\/agrarpetrovic.rs\/?post_type=product&#038;p=4628"},"modified":"2023-07-13T16:18:05","modified_gmt":"2023-07-13T14:18:05","slug":"fitofert-humiflex-24","status":"publish","type":"product","link":"https:\/\/agrarpetrovic.rs\/en\/proizvod\/fitofert-humiflex-24\/","title":{"rendered":"FITOFERT HUMIFLEX 24"},"content":{"rendered":"<p><img decoding=\"async\" src=\"https:\/\/fitofert.com\/wp-content\/uploads\/HUMIFLEX-24-2.jpg\" \/><\/p>","protected":false},"excerpt":{"rendered":"<div class=\"wpb_text_column wpb_content_element\">\n<div class=\"wpb_wrapper\">\n<h4>Oplemenjiva\u010d zemlji\u0161ta<\/h4>\n<p><strong>FitoFert HUMIFLEX 24<\/strong>\u00a0nova koncentrovanija formulacija proizvoda FITOFERT HUMIFLEX, je organski oplemenjiva\u010d zemlji\u0161ta, na bazi huminskih kiselina, namenjen za zemlji\u0161ta sa dugom eksploatacijom i visokom mineralizacijom (plastenici, staklenici) kao i za peskovita i glinovita zemlji\u0161ta. Pozitivna svojstva huminskih kiselina su mnogobrojna. Stimuli\u0161u razvoj pozitivnih mikroorganizama u zemlji\u0161tu. Pove\u0107avaju zadr\u017eavanje vlage i aeraciju tla. Uti\u010du na propustljivost \u0107elijskih membrana i pove\u0107avaju usvajanje \u0111ubriva. Stimuli\u0161u rast i razvoj biomase, pigmentaciju i kvalitet plodova. Smanjuju stres izazvan razli\u010ditim faktorima, presa\u0111ivanje, su\u0161a, visoka i niska temperatura, pesticidni tretman.<\/p>\n<\/div>\n<\/div>\n<div class=\"divider-wrap\">\n<div class=\"divider\"><\/div>\n<\/div>\n<div id=\"fws_5cebf556470ce\" class=\"wpb_row vc_row-fluid vc_row standard_section\" data-midnight=\"\" data-column-margin=\"default\" data-bg-mobile-hidden=\"\">\n<div class=\"row-bg-wrap\">\n<div class=\"row-bg\"><\/div>\n<\/div>\n<div class=\"col span_12  left\">\n<div class=\"vc_col-sm-3 wpb_column column_container vc_column_container col no-extra-padding instance-2\" data-shadow=\"none\" data-border-radius=\"none\" data-border-animation=\"\" data-border-animation-delay=\"\" data-border-width=\"none\" data-border-style=\"solid\" data-border-color=\"\" data-bg-cover=\"\" data-padding-pos=\"all\" data-has-bg-color=\"false\" data-bg-color=\"\" data-bg-opacity=\"1\" data-hover-bg=\"\" data-hover-bg-opacity=\"1\" data-animation=\"\" data-delay=\"0\">\n<div class=\"vc_column-inner\">\n<div class=\"wpb_wrapper\">\n<div class=\"wpb_text_column wpb_content_element\">\n<div class=\"wpb_wrapper\">\n<h5><strong>Pakovanja:<\/strong>\u00a01 lit i 5 lit<\/h5>\n<\/div>\n<\/div>\n<\/div>\n<\/div>\n<\/div>\n<div class=\"vc_col-sm-9 wpb_column column_container vc_column_container col no-extra-padding instance-3\" data-shadow=\"none\" data-border-radius=\"none\" data-border-animation=\"\" data-border-animation-delay=\"\" data-border-width=\"none\" data-border-style=\"solid\" data-border-color=\"\" data-bg-cover=\"\" data-padding-pos=\"all\" data-has-bg-color=\"false\" data-bg-color=\"\" data-bg-opacity=\"1\" data-hover-bg=\"\" data-hover-bg-opacity=\"1\" data-animation=\"\" data-delay=\"0\">\n<div class=\"vc_column-inner\">\n<div class=\"wpb_wrapper\">\n<div class=\"wpb_text_column wpb_content_element\">\n<div class=\"wpb_wrapper\">\n<h5><strong>Primena<\/strong>:<br \/>\nKoristi se nakon faze ukorenjavanja, fertigaciono u koli\u010dinama 10 \u2013 20 lit\/ha ili folijarno koncentracijom 0,1 \u2013 0,2%.<\/h5>\n<\/div>\n<\/div>\n<\/div>\n<\/div>\n<\/div>\n<\/div>\n<\/div>","protected":false},"featured_media":4667,"template":"","meta":[],"product_brand":[],"product_cat":[200,299],"product_tag":[],"class_list":{"0":"post-4628","1":"product","2":"type-product","3":"status-publish","4":"has-post-thumbnail","6":"product_cat-ishrana-bilja","7":"product_cat-oplemenjivaci-zemljista","9":"first","10":"instock","11":"shipping-taxable","12":"product-type-simple"},"_links":{"self":[{"href":"https:\/\/agrarpetrovic.rs\/en\/wp-json\/wp\/v2\/product\/4628","targetHints":{"allow":["GET"]}}],"collection":[{"href":"https:\/\/agrarpetrovic.rs\/en\/wp-json\/wp\/v2\/product"}],"about":[{"href":"https:\/\/agrarpetrovic.rs\/en\/wp-json\/wp\/v2\/types\/product"}],"wp:featuredmedia":[{"embeddable":true,"href":"https:\/\/agrarpetrovic.rs\/en\/wp-json\/wp\/v2\/media\/4667"}],"wp:attachment":[{"href":"https:\/\/agrarpetrovic.rs\/en\/wp-json\/wp\/v2\/media?parent=4628"}],"wp:term":[{"taxonomy":"product_brand","embeddable":true,"href":"https:\/\/agrarpetrovic.rs\/en\/wp-json\/wp\/v2\/product_brand?post=4628"},{"taxonomy":"product_cat","embeddable":true,"href":"https:\/\/agrarpetrovic.rs\/en\/wp-json\/wp\/v2\/product_cat?post=4628"},{"taxonomy":"product_tag","embeddable":true,"href":"https:\/\/agrarpetrovic.rs\/en\/wp-json\/wp\/v2\/product_tag?post=4628"}],"curies":[{"name":"wp","href":"https:\/\/api.w.org\/{rel}","templated":true}]}}