{"id":4630,"date":"2023-07-13T16:17:00","date_gmt":"2023-07-13T14:17:00","guid":{"rendered":"https:\/\/agrarpetrovic.rs\/?post_type=product&#038;p=4630"},"modified":"2023-07-13T16:18:06","modified_gmt":"2023-07-13T14:18:06","slug":"fitofert-quatro","status":"publish","type":"product","link":"https:\/\/agrarpetrovic.rs\/en\/proizvod\/fitofert-quatro\/","title":{"rendered":"FITOFERT QUATRO"},"content":{"rendered":"","protected":false},"excerpt":{"rendered":"<div id=\"fws_5cec293710c17\" class=\"wpb_row vc_row-fluid vc_row standard_section\" data-midnight=\"dark\" data-bg-mobile-hidden=\"\">\n<div class=\"col span_12 dark left\">\n<div class=\"vc_col-sm-8 wpb_column column_container vc_column_container col no-extra-padding instance-1\" data-border-radius=\"none\" data-shadow=\"none\" data-border-animation=\"\" data-border-animation-delay=\"\" data-border-width=\"none\" data-border-style=\"solid\" data-border-color=\"\" data-bg-cover=\"\" data-padding-pos=\"all\" data-has-bg-color=\"false\" data-bg-color=\"\" data-bg-opacity=\"1\" data-hover-bg=\"\" data-hover-bg-opacity=\"1\" data-animation=\"\" data-delay=\"0\">\n<div class=\"vc_column-inner\">\n<div class=\"wpb_wrapper\">\n<div class=\"wpb_text_column wpb_content_element\">\n<div class=\"wpb_wrapper\">\n<p>Paleta univerzalnih biostimulativnih \u0111ubriva, formulisana od komponenata prirodnog porekla i organskih kiselina. Preporu\u010duje se upotreba proizvoda iz ove palete usled nastalih stresnih uslova za gajene kultre, izazvanih \u010destim i obilnim padavinama, temperaturnim inverzijama i ostalim nepovoljnim uslovima. Pored toga, proizvode je potrebno koristiti kao stimulatore otpornosti biljaka na stesne uslove, odnosno preventivno.<\/p>\n<\/div>\n<\/div>\n<\/div>\n<\/div>\n<\/div>\n<div class=\"vc_col-sm-2 wpb_column column_container vc_column_container col no-extra-padding instance-2\" data-border-radius=\"none\" data-shadow=\"none\" data-border-animation=\"\" data-border-animation-delay=\"\" data-border-width=\"none\" data-border-style=\"solid\" data-border-color=\"\" data-bg-cover=\"\" data-padding-pos=\"all\" data-has-bg-color=\"false\" data-bg-color=\"\" data-bg-opacity=\"1\" data-hover-bg=\"\" data-hover-bg-opacity=\"1\" data-animation=\"\" data-delay=\"0\">\n<div class=\"vc_column-inner\">\n<div class=\"wpb_wrapper\"><\/div>\n<\/div>\n<\/div>\n<\/div>\n<\/div>\n<div id=\"fws_5cec293710fe3\" class=\"wpb_row vc_row-fluid vc_row standard_section\" data-midnight=\"dark\" data-bg-mobile-hidden=\"\">\n<div class=\"row-bg-wrap instance-1\">\n<div class=\"inner-wrap\"><\/div>\n<\/div>\n<\/div>","protected":false},"featured_media":4669,"template":"","meta":[],"product_brand":[],"product_cat":[300,200],"product_tag":[],"class_list":{"0":"post-4630","1":"product","2":"type-product","3":"status-publish","4":"has-post-thumbnail","6":"product_cat-biostimulatori","7":"product_cat-ishrana-bilja","9":"first","10":"instock","11":"shipping-taxable","12":"product-type-simple"},"_links":{"self":[{"href":"https:\/\/agrarpetrovic.rs\/en\/wp-json\/wp\/v2\/product\/4630","targetHints":{"allow":["GET"]}}],"collection":[{"href":"https:\/\/agrarpetrovic.rs\/en\/wp-json\/wp\/v2\/product"}],"about":[{"href":"https:\/\/agrarpetrovic.rs\/en\/wp-json\/wp\/v2\/types\/product"}],"wp:featuredmedia":[{"embeddable":true,"href":"https:\/\/agrarpetrovic.rs\/en\/wp-json\/wp\/v2\/media\/4669"}],"wp:attachment":[{"href":"https:\/\/agrarpetrovic.rs\/en\/wp-json\/wp\/v2\/media?parent=4630"}],"wp:term":[{"taxonomy":"product_brand","embeddable":true,"href":"https:\/\/agrarpetrovic.rs\/en\/wp-json\/wp\/v2\/product_brand?post=4630"},{"taxonomy":"product_cat","embeddable":true,"href":"https:\/\/agrarpetrovic.rs\/en\/wp-json\/wp\/v2\/product_cat?post=4630"},{"taxonomy":"product_tag","embeddable":true,"href":"https:\/\/agrarpetrovic.rs\/en\/wp-json\/wp\/v2\/product_tag?post=4630"}],"curies":[{"name":"wp","href":"https:\/\/api.w.org\/{rel}","templated":true}]}}