{"id":4641,"date":"2023-07-13T16:17:27","date_gmt":"2023-07-13T14:17:27","guid":{"rendered":"https:\/\/agrarpetrovic.rs\/?post_type=product&#038;p=4641"},"modified":"2023-07-13T16:18:23","modified_gmt":"2023-07-13T14:18:23","slug":"lentagran-herbicid","status":"publish","type":"product","link":"https:\/\/agrarpetrovic.rs\/en\/proizvod\/lentagran-herbicid\/","title":{"rendered":"Lentagran- herbicid"},"content":{"rendered":"<p>Selektivni kontaktni herbicid za suzbijanje \u0161irokolisnih korova u povrtarstvu<\/p>\n<p>Primena<br \/>\n<strong>Lentagran<\/strong> se primenjuje u kupusu 2 nedelje nakon rasa\u0111ivanja, a kada su korovi u po\u010detnim fazama porasta. Ako se primenjuje u split aplikaciji, drugi tretman obaviti 2 nedelje nakon prvog, odnosno kada do\u0111e do novog nicanja korova.<\/p>\n<p>&nbsp;<\/p>\n<table id=\"tablepress-4\" class=\"tablepress tablepress-id-4\">\n<tbody class=\"row-hover\">\n<tr class=\"row-1 odd\">\n<td class=\"column-1\">Aktivna materija<\/td>\n<td class=\"column-2\">piridat 450 g\/kg<\/td>\n<\/tr>\n<tr class=\"row-2 even\">\n<td class=\"column-1\">Formulacija<\/td>\n<td class=\"column-2\">kva\u0161ljivi pra\u0161ak (WP)<\/td>\n<\/tr>\n<tr class=\"row-3 odd\">\n<td class=\"column-1\">Koli\u010dina primene<\/td>\n<td class=\"column-2\">2 kg\/ha<\/td>\n<\/tr>\n<tr class=\"row-4 even\">\n<td class=\"column-1\">Utro\u0161ak vode<\/td>\n<td class=\"column-2\">300-400 l\/ha<\/td>\n<\/tr>\n<tr class=\"row-5 odd\">\n<td class=\"column-1\">Karenca<\/td>\n<td class=\"column-2\">42 dana za kupus<\/td>\n<\/tr>\n<tr class=\"row-6 even\">\n<td class=\"column-1\">Pakovanje<\/td>\n<td class=\"column-2\">200g, 1kg<\/td>\n<\/tr>\n<\/tbody>\n<\/table>","protected":false},"excerpt":{"rendered":"<p>Klasa: Herbicid<\/p>\n<p>Aktivna materija: Piridat 450 g\/kg<\/p>\n<p>Formulacija: Kva\u0161iljivi pra\u0161ak (WP)<\/p>\n<p>Proizvo\u0111a\u010d: Belchim<\/p>","protected":false},"featured_media":4697,"template":"","meta":[],"product_brand":[],"product_cat":[203,273,268],"product_tag":[],"class_list":{"0":"post-4641","1":"product","2":"type-product","3":"status-publish","4":"has-post-thumbnail","6":"product_cat-herbicidi","7":"product_cat-herbicidi-posle-sadnje","8":"product_cat-herbicidi-u-povrcu","10":"first","11":"instock","12":"shipping-taxable","13":"product-type-simple"},"_links":{"self":[{"href":"https:\/\/agrarpetrovic.rs\/en\/wp-json\/wp\/v2\/product\/4641","targetHints":{"allow":["GET"]}}],"collection":[{"href":"https:\/\/agrarpetrovic.rs\/en\/wp-json\/wp\/v2\/product"}],"about":[{"href":"https:\/\/agrarpetrovic.rs\/en\/wp-json\/wp\/v2\/types\/product"}],"wp:featuredmedia":[{"embeddable":true,"href":"https:\/\/agrarpetrovic.rs\/en\/wp-json\/wp\/v2\/media\/4697"}],"wp:attachment":[{"href":"https:\/\/agrarpetrovic.rs\/en\/wp-json\/wp\/v2\/media?parent=4641"}],"wp:term":[{"taxonomy":"product_brand","embeddable":true,"href":"https:\/\/agrarpetrovic.rs\/en\/wp-json\/wp\/v2\/product_brand?post=4641"},{"taxonomy":"product_cat","embeddable":true,"href":"https:\/\/agrarpetrovic.rs\/en\/wp-json\/wp\/v2\/product_cat?post=4641"},{"taxonomy":"product_tag","embeddable":true,"href":"https:\/\/agrarpetrovic.rs\/en\/wp-json\/wp\/v2\/product_tag?post=4641"}],"curies":[{"name":"wp","href":"https:\/\/api.w.org\/{rel}","templated":true}]}}