{"id":4672,"date":"2023-07-13T16:18:12","date_gmt":"2023-07-13T14:18:12","guid":{"rendered":"https:\/\/agrarpetrovic.rs\/?post_type=product&#038;p=4672"},"modified":"2023-07-13T16:18:37","modified_gmt":"2023-07-13T14:18:37","slug":"fitofert-speed-s","status":"publish","type":"product","link":"https:\/\/agrarpetrovic.rs\/en\/proizvod\/fitofert-speed-s\/","title":{"rendered":"FITOFERT SPEED-S"},"content":{"rendered":"<div class=\"vc_col-sm-3 wpb_column column_container vc_column_container col no-extra-padding instance-2\" data-shadow=\"none\" data-border-radius=\"none\" data-border-animation=\"\" data-border-animation-delay=\"\" data-border-width=\"none\" data-border-style=\"solid\" data-border-color=\"\" data-bg-cover=\"\" data-padding-pos=\"all\" data-has-bg-color=\"false\" data-bg-color=\"\" data-bg-opacity=\"1\" data-hover-bg=\"\" data-hover-bg-opacity=\"1\" data-animation=\"\" data-delay=\"0\">\n<div class=\"vc_column-inner\">\n<div class=\"wpb_wrapper\">\n<div class=\"wpb_text_column wpb_content_element\">\n<div class=\"wpb_wrapper\">\n<h5><strong>Pakovanja:<\/strong>\u00a0200 g i 1 kg.<\/h5>\n<\/div>\n<\/div>\n<\/div>\n<\/div>\n<\/div>\n<div class=\"vc_col-sm-9 wpb_column column_container vc_column_container col no-extra-padding instance-3\" data-shadow=\"none\" data-border-radius=\"none\" data-border-animation=\"\" data-border-animation-delay=\"\" data-border-width=\"none\" data-border-style=\"solid\" data-border-color=\"\" data-bg-cover=\"\" data-padding-pos=\"all\" data-has-bg-color=\"false\" data-bg-color=\"\" data-bg-opacity=\"1\" data-hover-bg=\"\" data-hover-bg-opacity=\"1\" data-animation=\"\" data-delay=\"0\">\n<div class=\"vc_column-inner\">\n<div class=\"wpb_wrapper\">\n<div class=\"wpb_text_column wpb_content_element\">\n<div class=\"wpb_wrapper\">\n<h5><strong>Primena<\/strong>:<br \/>\nU usevima uljane repice, prilikom jesenje setve, preporu\u010duju se tretmani nakon nicanja i razvoja lisne mase. Tretmane obavljati po temperaturi iznad 8\u00baC. U prole\u0107e obaviti jo\u0161 jedan tretman. Soju i suncokret tretirati prilikom herbicidnih tretmana.<br \/>\nTretirati koli\u010dinom 2,5 do 3 l\/ha.<\/h5>\n<\/div>\n<\/div>\n<\/div>\n<\/div>\n<\/div>","protected":false},"excerpt":{"rendered":"<h4>Za useve uljarica<\/h4>\n<p><strong>FITOFERT SPEED-S<\/strong>\u00a0je formulacija za folijarni tretman uljanih ratarskih kultura (soje, suncokreta i uljane repice). Proizvod sadr\u017ei mikroelemente va\u017ene za ovu grupu useva, kao i bioaktivne komponente koje stimulativno uti\u010du na razli\u010dite fiziolo\u0161ke procese. Usvajanje mikroelemenata je ote\u017eano na zemlji\u0161tima sa vi\u0161im pH, kao i usled hladnijih meterolo\u0161kih uslova, tako da pravovremeno tretiranje useva ovom formulacijom mo\u017ee ubrzati razvoj korenovog sistema i nadzemnog dela biljke.<\/p>","protected":false},"featured_media":4700,"template":"","meta":[],"product_brand":[],"product_cat":[300,200],"product_tag":[],"class_list":{"0":"post-4672","1":"product","2":"type-product","3":"status-publish","4":"has-post-thumbnail","6":"product_cat-biostimulatori","7":"product_cat-ishrana-bilja","9":"first","10":"instock","11":"shipping-taxable","12":"product-type-simple"},"_links":{"self":[{"href":"https:\/\/agrarpetrovic.rs\/en\/wp-json\/wp\/v2\/product\/4672","targetHints":{"allow":["GET"]}}],"collection":[{"href":"https:\/\/agrarpetrovic.rs\/en\/wp-json\/wp\/v2\/product"}],"about":[{"href":"https:\/\/agrarpetrovic.rs\/en\/wp-json\/wp\/v2\/types\/product"}],"wp:featuredmedia":[{"embeddable":true,"href":"https:\/\/agrarpetrovic.rs\/en\/wp-json\/wp\/v2\/media\/4700"}],"wp:attachment":[{"href":"https:\/\/agrarpetrovic.rs\/en\/wp-json\/wp\/v2\/media?parent=4672"}],"wp:term":[{"taxonomy":"product_brand","embeddable":true,"href":"https:\/\/agrarpetrovic.rs\/en\/wp-json\/wp\/v2\/product_brand?post=4672"},{"taxonomy":"product_cat","embeddable":true,"href":"https:\/\/agrarpetrovic.rs\/en\/wp-json\/wp\/v2\/product_cat?post=4672"},{"taxonomy":"product_tag","embeddable":true,"href":"https:\/\/agrarpetrovic.rs\/en\/wp-json\/wp\/v2\/product_tag?post=4672"}],"curies":[{"name":"wp","href":"https:\/\/api.w.org\/{rel}","templated":true}]}}