{"id":4673,"date":"2023-07-13T16:18:12","date_gmt":"2023-07-13T14:18:12","guid":{"rendered":"https:\/\/agrarpetrovic.rs\/?post_type=product&#038;p=4673"},"modified":"2023-07-13T16:18:38","modified_gmt":"2023-07-13T14:18:38","slug":"fitofert-speed","status":"publish","type":"product","link":"https:\/\/agrarpetrovic.rs\/en\/proizvod\/fitofert-speed\/","title":{"rendered":"FITOFERT SPEED"},"content":{"rendered":"<div class=\"vc_col-sm-6 wpb_column column_container vc_column_container col no-extra-padding instance-2\" data-shadow=\"none\" data-border-radius=\"none\" data-border-animation=\"\" data-border-animation-delay=\"\" data-border-width=\"none\" data-border-style=\"solid\" data-border-color=\"\" data-bg-cover=\"\" data-padding-pos=\"all\" data-has-bg-color=\"false\" data-bg-color=\"\" data-bg-opacity=\"1\" data-hover-bg=\"\" data-hover-bg-opacity=\"1\" data-animation=\"\" data-delay=\"0\">\n<div class=\"vc_column-inner\">\n<div class=\"wpb_wrapper\">\n<div class=\"wpb_text_column wpb_content_element\">\n<div class=\"wpb_wrapper\">\n<h5><strong>Pakovanja:<\/strong>\u00a0250 ml, 1 lit, 5 lit i 10 lit.<\/h5>\n<\/div>\n<\/div>\n<\/div>\n<\/div>\n<\/div>\n<div class=\"vc_col-sm-6 wpb_column column_container vc_column_container col no-extra-padding instance-3\" data-shadow=\"none\" data-border-radius=\"none\" data-border-animation=\"\" data-border-animation-delay=\"\" data-border-width=\"none\" data-border-style=\"solid\" data-border-color=\"\" data-bg-cover=\"\" data-padding-pos=\"all\" data-has-bg-color=\"false\" data-bg-color=\"\" data-bg-opacity=\"1\" data-hover-bg=\"\" data-hover-bg-opacity=\"1\" data-animation=\"\" data-delay=\"0\">\n<div class=\"vc_column-inner\">\n<div class=\"wpb_wrapper\">\n<div class=\"wpb_text_column wpb_content_element\">\n<div class=\"wpb_wrapper\">\n<h5><strong>Primena<\/strong>:<br \/>\nFolijarno, u dva do tri ponavljanja, i to u slede\u0107im razvojnim stadijumima: V1-V3 (4-8 listova) \u2013 2,5 lit\/ha, V5-V7(12-16 listova) \u2013 2,5 lit\/ha, VT (pred metli\u010denje, prskalicama visokog klirensa) \u2013 3,5 lit\/ha. Preparat se koristi u kombinaciji sa sredstvima za za\u0161titu bilja.<\/h5>\n<\/div>\n<\/div>\n<\/div>\n<\/div>\n<\/div>","protected":false},"excerpt":{"rendered":"<h4>Za useve kukuruza<\/h4>\n<p><strong>FITOFERT SPEED<\/strong>\u00a0je preparat pre svega namenjen za tretman useva kukuruza. Prisutne aktivne organske komponente kao i B i Zn povoljno uti\u010du na slede\u0107e fiziolo\u0161ke procese: poja\u010dana otpornost na stres, stimulacija rasta korenovog sistema, intenziviranje metabolizma, asimilacija hraniva, intenziviranje fotosinteze. Pored organskih materija, mikroelementarni cink uti\u010de na usvajanje i metabolizam azota, dok bor uti\u010de na rast polenovih pra\u0161nika i oplodnju.<\/p>","protected":false},"featured_media":4709,"template":"","meta":[],"product_brand":[],"product_cat":[300,200],"product_tag":[],"class_list":{"0":"post-4673","1":"product","2":"type-product","3":"status-publish","4":"has-post-thumbnail","6":"product_cat-biostimulatori","7":"product_cat-ishrana-bilja","9":"first","10":"instock","11":"shipping-taxable","12":"product-type-simple"},"_links":{"self":[{"href":"https:\/\/agrarpetrovic.rs\/en\/wp-json\/wp\/v2\/product\/4673","targetHints":{"allow":["GET"]}}],"collection":[{"href":"https:\/\/agrarpetrovic.rs\/en\/wp-json\/wp\/v2\/product"}],"about":[{"href":"https:\/\/agrarpetrovic.rs\/en\/wp-json\/wp\/v2\/types\/product"}],"wp:featuredmedia":[{"embeddable":true,"href":"https:\/\/agrarpetrovic.rs\/en\/wp-json\/wp\/v2\/media\/4709"}],"wp:attachment":[{"href":"https:\/\/agrarpetrovic.rs\/en\/wp-json\/wp\/v2\/media?parent=4673"}],"wp:term":[{"taxonomy":"product_brand","embeddable":true,"href":"https:\/\/agrarpetrovic.rs\/en\/wp-json\/wp\/v2\/product_brand?post=4673"},{"taxonomy":"product_cat","embeddable":true,"href":"https:\/\/agrarpetrovic.rs\/en\/wp-json\/wp\/v2\/product_cat?post=4673"},{"taxonomy":"product_tag","embeddable":true,"href":"https:\/\/agrarpetrovic.rs\/en\/wp-json\/wp\/v2\/product_tag?post=4673"}],"curies":[{"name":"wp","href":"https:\/\/api.w.org\/{rel}","templated":true}]}}