{"id":4686,"date":"2023-07-13T16:18:13","date_gmt":"2023-07-13T14:18:13","guid":{"rendered":"https:\/\/agrarpetrovic.rs\/?post_type=product&#038;p=4686"},"modified":"2023-07-13T16:19:01","modified_gmt":"2023-07-13T14:19:01","slug":"fitofert-cink-organo-14","status":"publish","type":"product","link":"https:\/\/agrarpetrovic.rs\/en\/proizvod\/fitofert-cink-organo-14\/","title":{"rendered":"FITOFERT CINK ORGANO 14"},"content":{"rendered":"<div class=\"vc_col-sm-6 wpb_column column_container vc_column_container col no-extra-padding instance-2\" data-shadow=\"none\" data-border-radius=\"none\" data-border-animation=\"\" data-border-animation-delay=\"\" data-border-width=\"none\" data-border-style=\"solid\" data-border-color=\"\" data-bg-cover=\"\" data-padding-pos=\"all\" data-has-bg-color=\"false\" data-bg-color=\"\" data-bg-opacity=\"1\" data-hover-bg=\"\" data-hover-bg-opacity=\"1\" data-animation=\"\" data-delay=\"0\">\n<div class=\"vc_column-inner\">\n<div class=\"wpb_wrapper\">\n<div class=\"wpb_text_column wpb_content_element\">\n<div class=\"wpb_wrapper\">\n<h5><strong>Pakovanja:<\/strong>\u00a0200 g, 1 kg i 5 kg.<\/h5>\n<\/div>\n<\/div>\n<\/div>\n<\/div>\n<\/div>\n<div class=\"vc_col-sm-6 wpb_column column_container vc_column_container col no-extra-padding instance-3\" data-shadow=\"none\" data-border-radius=\"none\" data-border-animation=\"\" data-border-animation-delay=\"\" data-border-width=\"none\" data-border-style=\"solid\" data-border-color=\"\" data-bg-cover=\"\" data-padding-pos=\"all\" data-has-bg-color=\"false\" data-bg-color=\"\" data-bg-opacity=\"1\" data-hover-bg=\"\" data-hover-bg-opacity=\"1\" data-animation=\"\" data-delay=\"0\">\n<div class=\"vc_column-inner\">\n<div class=\"wpb_wrapper\">\n<div class=\"wpb_text_column wpb_content_element\">\n<div class=\"wpb_wrapper\">\n<h5><strong>Primena<\/strong>:<br \/>\nFolijarno konc. 0.2 do 0.5%<br \/>\nFertigaciono u koli\u010dinama 10 do 20 kg\/ha, u vi\u0161e navrata.<\/h5>\n<\/div>\n<\/div>\n<\/div>\n<\/div>\n<\/div>","protected":false},"excerpt":{"rendered":"<div class=\"wpb_text_column wpb_content_element\">\n<div class=\"wpb_wrapper\">\n<h4>a enzimske funkcije<\/h4>\n<p><strong>FitoFert CINK ORGANO 14<\/strong>\u00a0je mikroelementarno \u0111ubrivo na bazi EDTA helatnog kompleksa. Nedostatak cinka se uglavnom manifestuje nekrozom na mla\u0111em i starijem li\u0161\u0107u. U slu\u010dajevima nedostatka \u0107elije biljke za enzimske molekule vezuju druge metalne komponente, koje \u010desto mogu biti fitotoksi\u010dne.Preparat se koristi preventivno ali se mo\u017ee primeniti i po pojavi simptoma nedostatka.<\/p>\n<\/div>\n<\/div>\n<div class=\"divider-wrap\"><\/div>","protected":false},"featured_media":4736,"template":"","meta":[],"product_brand":[],"product_cat":[200,301],"product_tag":[],"class_list":{"0":"post-4686","1":"product","2":"type-product","3":"status-publish","4":"has-post-thumbnail","6":"product_cat-ishrana-bilja","7":"product_cat-mikroelementarna-djubriva","9":"first","10":"instock","11":"shipping-taxable","12":"product-type-simple"},"_links":{"self":[{"href":"https:\/\/agrarpetrovic.rs\/en\/wp-json\/wp\/v2\/product\/4686","targetHints":{"allow":["GET"]}}],"collection":[{"href":"https:\/\/agrarpetrovic.rs\/en\/wp-json\/wp\/v2\/product"}],"about":[{"href":"https:\/\/agrarpetrovic.rs\/en\/wp-json\/wp\/v2\/types\/product"}],"wp:featuredmedia":[{"embeddable":true,"href":"https:\/\/agrarpetrovic.rs\/en\/wp-json\/wp\/v2\/media\/4736"}],"wp:attachment":[{"href":"https:\/\/agrarpetrovic.rs\/en\/wp-json\/wp\/v2\/media?parent=4686"}],"wp:term":[{"taxonomy":"product_brand","embeddable":true,"href":"https:\/\/agrarpetrovic.rs\/en\/wp-json\/wp\/v2\/product_brand?post=4686"},{"taxonomy":"product_cat","embeddable":true,"href":"https:\/\/agrarpetrovic.rs\/en\/wp-json\/wp\/v2\/product_cat?post=4686"},{"taxonomy":"product_tag","embeddable":true,"href":"https:\/\/agrarpetrovic.rs\/en\/wp-json\/wp\/v2\/product_tag?post=4686"}],"curies":[{"name":"wp","href":"https:\/\/api.w.org\/{rel}","templated":true}]}}