{"id":4687,"date":"2023-07-13T16:18:13","date_gmt":"2023-07-13T14:18:13","guid":{"rendered":"https:\/\/agrarpetrovic.rs\/?post_type=product&#038;p=4687"},"modified":"2023-07-13T16:19:02","modified_gmt":"2023-07-13T14:19:02","slug":"fitofert-combivit-20","status":"publish","type":"product","link":"https:\/\/agrarpetrovic.rs\/en\/proizvod\/fitofert-combivit-20\/","title":{"rendered":"FITOFERT COMBIVIT 20"},"content":{"rendered":"<div id=\"fws_5ced1138ecbab\" class=\"wpb_row vc_row-fluid vc_row standard_section\" data-midnight=\"\" data-column-margin=\"default\" data-bg-mobile-hidden=\"\">\n<div class=\"col span_12  left\">\n<div class=\"vc_col-sm-6 wpb_column column_container vc_column_container col no-extra-padding instance-2\" data-shadow=\"none\" data-border-radius=\"none\" data-border-animation=\"\" data-border-animation-delay=\"\" data-border-width=\"none\" data-border-style=\"solid\" data-border-color=\"\" data-bg-cover=\"\" data-padding-pos=\"all\" data-has-bg-color=\"false\" data-bg-color=\"\" data-bg-opacity=\"1\" data-hover-bg=\"\" data-hover-bg-opacity=\"1\" data-animation=\"\" data-delay=\"0\">\n<div class=\"vc_column-inner\">\n<div class=\"wpb_wrapper\">\n<div class=\"wpb_text_column wpb_content_element\">\n<div class=\"wpb_wrapper\">\n<h5><strong>Pakovanja:<\/strong>\u00a0200 g i 1kg.<\/h5>\n<\/div>\n<\/div>\n<\/div>\n<\/div>\n<\/div>\n<div class=\"vc_col-sm-6 wpb_column column_container vc_column_container col no-extra-padding instance-3\" data-shadow=\"none\" data-border-radius=\"none\" data-border-animation=\"\" data-border-animation-delay=\"\" data-border-width=\"none\" data-border-style=\"solid\" data-border-color=\"\" data-bg-cover=\"\" data-padding-pos=\"all\" data-has-bg-color=\"false\" data-bg-color=\"\" data-bg-opacity=\"1\" data-hover-bg=\"\" data-hover-bg-opacity=\"1\" data-animation=\"\" data-delay=\"0\">\n<div class=\"vc_column-inner\">\n<div class=\"wpb_wrapper\">\n<div class=\"wpb_text_column wpb_content_element\">\n<div class=\"wpb_wrapper\">\n<h5><strong>Primena<\/strong>:<br \/>\nPrimenjuje se folijarno u koli\u010dini od 1kg\/ha.<\/h5>\n<\/div>\n<\/div>\n<\/div>\n<\/div>\n<\/div>\n<\/div>\n<\/div>\n<div class=\"divider-wrap\"><img decoding=\"async\" src=\"https:\/\/fitofert.com\/wp-content\/uploads\/COMBIVIT-20.jpg\" \/><\/div>","protected":false},"excerpt":{"rendered":"<div class=\"wpb_text_column wpb_content_element\">\n<div class=\"wpb_wrapper\">\n<h4>Za enzimske funkcije<\/h4>\n<p><strong>FITOFERT COMBIVIT 20<\/strong>\u00a0je proizvod na bazi mikroelemenata, namenjen za folijarni tretman ratarskih, povrtarskih i vo\u0107arskih useva. Univerzalni helatni AFP kompleks jako visokog sadr\u017eaja mikroelemenata. Preporu\u010duju se preventivni tretmani u usevima i zasadima osetljivim na nedostatke mikroelemenata ili na zemlji\u0161tima na kojima postoji deficit mikroelemenata, visok sadr\u017eaj organske materije, karbonata, fosfata I pH&gt;6,5. Preporu\u010duje se primena po\u010detkom vegetacije jer niska temperatura tla onemogu\u0107uje pravilan rad korena i lu\u010denje materija koje uti\u010du na usvajanje mikroelemenata. U zasadima vo\u0107a preporu\u010duje se i tretman nakon berbe.<\/p>\n<\/div>\n<\/div>\n<div class=\"divider-wrap\"><\/div>","protected":false},"featured_media":4737,"template":"","meta":[],"product_brand":[],"product_cat":[200,301],"product_tag":[],"class_list":{"0":"post-4687","1":"product","2":"type-product","3":"status-publish","4":"has-post-thumbnail","6":"product_cat-ishrana-bilja","7":"product_cat-mikroelementarna-djubriva","9":"first","10":"instock","11":"shipping-taxable","12":"product-type-simple"},"_links":{"self":[{"href":"https:\/\/agrarpetrovic.rs\/en\/wp-json\/wp\/v2\/product\/4687","targetHints":{"allow":["GET"]}}],"collection":[{"href":"https:\/\/agrarpetrovic.rs\/en\/wp-json\/wp\/v2\/product"}],"about":[{"href":"https:\/\/agrarpetrovic.rs\/en\/wp-json\/wp\/v2\/types\/product"}],"wp:featuredmedia":[{"embeddable":true,"href":"https:\/\/agrarpetrovic.rs\/en\/wp-json\/wp\/v2\/media\/4737"}],"wp:attachment":[{"href":"https:\/\/agrarpetrovic.rs\/en\/wp-json\/wp\/v2\/media?parent=4687"}],"wp:term":[{"taxonomy":"product_brand","embeddable":true,"href":"https:\/\/agrarpetrovic.rs\/en\/wp-json\/wp\/v2\/product_brand?post=4687"},{"taxonomy":"product_cat","embeddable":true,"href":"https:\/\/agrarpetrovic.rs\/en\/wp-json\/wp\/v2\/product_cat?post=4687"},{"taxonomy":"product_tag","embeddable":true,"href":"https:\/\/agrarpetrovic.rs\/en\/wp-json\/wp\/v2\/product_tag?post=4687"}],"curies":[{"name":"wp","href":"https:\/\/api.w.org\/{rel}","templated":true}]}}