{"id":4688,"date":"2023-07-13T16:18:13","date_gmt":"2023-07-13T14:18:13","guid":{"rendered":"https:\/\/agrarpetrovic.rs\/?post_type=product&#038;p=4688"},"modified":"2023-07-13T16:19:02","modified_gmt":"2023-07-13T14:19:02","slug":"fitofert-combivit-complex-14","status":"publish","type":"product","link":"https:\/\/agrarpetrovic.rs\/en\/proizvod\/fitofert-combivit-complex-14\/","title":{"rendered":"FITOFERT COMBIVIT COMPLEX 14"},"content":{"rendered":"<div class=\"vc_col-sm-6 wpb_column column_container vc_column_container col no-extra-padding instance-2\" data-shadow=\"none\" data-border-radius=\"none\" data-border-animation=\"\" data-border-animation-delay=\"\" data-border-width=\"none\" data-border-style=\"solid\" data-border-color=\"\" data-bg-cover=\"\" data-padding-pos=\"all\" data-has-bg-color=\"false\" data-bg-color=\"\" data-bg-opacity=\"1\" data-hover-bg=\"\" data-hover-bg-opacity=\"1\" data-animation=\"\" data-delay=\"0\">\n<div class=\"vc_column-inner\">\n<div class=\"wpb_wrapper\">\n<div class=\"wpb_text_column wpb_content_element\">\n<div class=\"wpb_wrapper\">\n<h5><strong>Pakovanja:<\/strong>\u00a0200g i 1kg.<\/h5>\n<\/div>\n<\/div>\n<\/div>\n<\/div>\n<\/div>\n<div class=\"vc_col-sm-6 wpb_column column_container vc_column_container col no-extra-padding instance-3\" data-shadow=\"none\" data-border-radius=\"none\" data-border-animation=\"\" data-border-animation-delay=\"\" data-border-width=\"none\" data-border-style=\"solid\" data-border-color=\"\" data-bg-cover=\"\" data-padding-pos=\"all\" data-has-bg-color=\"false\" data-bg-color=\"\" data-bg-opacity=\"1\" data-hover-bg=\"\" data-hover-bg-opacity=\"1\" data-animation=\"\" data-delay=\"0\">\n<div class=\"vc_column-inner\">\n<div class=\"wpb_wrapper\">\n<div class=\"wpb_text_column wpb_content_element\">\n<div class=\"wpb_wrapper\">\n<h5><strong>Primena<\/strong>:<br \/>\nPrimenjuje se fertigaciono u koli\u010dini od 2 \u2013 3 kg\/ha po tretmanu<br \/>\nFolijarno u koli\u010dini 1 kg\/ha.<\/h5>\n<p><img decoding=\"async\" src=\"https:\/\/fitofert.com\/wp-content\/uploads\/COMBIVIT-COMPLEX-14-1.jpg\" \/><\/p>\n<\/div>\n<\/div>\n<\/div>\n<\/div>\n<\/div>","protected":false},"excerpt":{"rendered":"<p><strong>FitoFert COMBIVIT COMPLEX 14<\/strong>\u00a0je proizvod na bazi helatiziranih mikroelemenata (Fe, Mn, Zn i Cu) i odgovaraju\u0107ih anjonskih formi (B i Mo). Proizvod je u obliku vodorastvornog praha, i namenjen je pre svega fertigacionoj upotrebi u zasadima vo\u0107a i povr\u0107a. Proizvod se mo\u017ee koristiti i folijarno, samostalno ili u kombinaciji sa drugim \u0111ubrivima. S obzirom da su mikroelementi helatizirani organskim kompleksima (DTPA, EDTA), proizvod je pogodan za fertigacionu primenu u svim vrstama zemlji\u0161ta. Najbolje je koristiti proizvod preventivno, tj. na tipovima zemlji\u0161ta na kojima se mo\u017ee o\u010dekivati deficit mikroelemenata (visok pH&gt;7,karbonatna zemlji\u0161ta, visok sadr\u017eaj fosfora, visok sadr\u017eaj organske materije). Primenjuje se od po\u010detka vegetacije, rada korenovog sistema i nakon berbe, za iniciranje diferencijacije rodnih pupoljaka.<\/p>","protected":false},"featured_media":4738,"template":"","meta":[],"product_brand":[],"product_cat":[200,301],"product_tag":[],"class_list":{"0":"post-4688","1":"product","2":"type-product","3":"status-publish","4":"has-post-thumbnail","6":"product_cat-ishrana-bilja","7":"product_cat-mikroelementarna-djubriva","9":"first","10":"instock","11":"shipping-taxable","12":"product-type-simple"},"_links":{"self":[{"href":"https:\/\/agrarpetrovic.rs\/en\/wp-json\/wp\/v2\/product\/4688","targetHints":{"allow":["GET"]}}],"collection":[{"href":"https:\/\/agrarpetrovic.rs\/en\/wp-json\/wp\/v2\/product"}],"about":[{"href":"https:\/\/agrarpetrovic.rs\/en\/wp-json\/wp\/v2\/types\/product"}],"wp:featuredmedia":[{"embeddable":true,"href":"https:\/\/agrarpetrovic.rs\/en\/wp-json\/wp\/v2\/media\/4738"}],"wp:attachment":[{"href":"https:\/\/agrarpetrovic.rs\/en\/wp-json\/wp\/v2\/media?parent=4688"}],"wp:term":[{"taxonomy":"product_brand","embeddable":true,"href":"https:\/\/agrarpetrovic.rs\/en\/wp-json\/wp\/v2\/product_brand?post=4688"},{"taxonomy":"product_cat","embeddable":true,"href":"https:\/\/agrarpetrovic.rs\/en\/wp-json\/wp\/v2\/product_cat?post=4688"},{"taxonomy":"product_tag","embeddable":true,"href":"https:\/\/agrarpetrovic.rs\/en\/wp-json\/wp\/v2\/product_tag?post=4688"}],"curies":[{"name":"wp","href":"https:\/\/api.w.org\/{rel}","templated":true}]}}