{"id":4702,"date":"2023-07-13T16:18:37","date_gmt":"2023-07-13T14:18:37","guid":{"rendered":"https:\/\/agrarpetrovic.rs\/?post_type=product&#038;p=4702"},"modified":"2023-07-13T16:19:15","modified_gmt":"2023-07-13T14:19:15","slug":"tiffany-75-wg-herbicid","status":"publish","type":"product","link":"https:\/\/agrarpetrovic.rs\/en\/proizvod\/tiffany-75-wg-herbicid\/","title":{"rendered":"Tiffany 75 WG &#8211; Herbicid"},"content":{"rendered":"<p class=\"x-text-type cs-ta-left mtn h5\" data-x-element=\"text_type\" data-x-params=\"{&quot;strings&quot;:[&quot;Selektivni sistemiu010dni herbicid za suzbijanje u0161irokolisnih korova u usevu soje&quot;],&quot;type_speed&quot;:10,&quot;start_delay&quot;:0,&quot;back_speed&quot;:50,&quot;back_delay&quot;:3000,&quot;loop&quot;:false,&quot;show_cursor&quot;:true,&quot;cursor&quot;:&quot;|&quot;}\"><span class=\"text\">Selektivni sistemi\u010dni herbicid za suzbijanje \u0161irokolisnih korova u usevu soje<\/span><span class=\"typed-cursor\">|<\/span><\/p>\n<div class=\"x-text cs-ta-left\">\n<p><strong>Delovanje<\/strong><br \/>\nTiffany\u00ae 75 WG je selektivni, sistemi\u010dni herbicid iz hemijske grupe sulfonilurea. Korovske biljke ga usvajaju li\u0161\u0107em i korenom. Mehanizam delovanja ispoljava kao inhibitor sinteze aminokiselina. Klasifikacija rezistentnosti (HRAC): B..<\/p>\n<p><strong>Primena<\/strong><br \/>\n<strong>Soja<\/strong><br \/>\n\u2013 8l g\/ha uz dodatak 0,2 l\/ha okva\u0161iva\u010da Trend 90<br \/>\n<strong>Vreme primene:<\/strong><br \/>\nPosle nicanja useva i korova, kada je soja u fazi prve troliske (faza 11 BBCH skale), a korovi u fazi 2-6 listova.<\/p>\n<p><strong>Preporuke i napomene vezane za primenu<\/strong><br \/>\n\u2192 U usevu soje mo\u017ee se me\u0161ati sa preparatima Imazar\u00ae 40 ili Boston\u00ae 480 SL.<br \/>\n<strong>Ne sme se primenjivati:<\/strong><br \/>\n\u2192 ukoliko je temperatura vazduha u du\u017eem periodu 25 \u00b0C.<br \/>\n\u2192 ukoliko soja nije formirala prvu trolisku.<br \/>\n\u2192 pri visokoj relativnoj vla\u017enosti vazduha.<br \/>\n\u2192 na kosim erozivnim povr\u0161inama i kra\u0161kim poljima, zbog ispirljivosti .<br \/>\n\u2192 na usevima koji pate od stresa izazvanog su\u0161om, potopljenim zemlji\u0161tem, niskim temperaturama, napadom insekata, nedostatkom hranljivih materija ili drugim faktorima koji nepovoljno uti\u010du na razvoj useva.<br \/>\n\u2192 na tretiranim povr\u0161inama ne smeju se primenjivati folijarni organofosforni insekticidi 7 dana pre i 4 dana posle primene ovog preparata.<\/p>\n<p>&nbsp;<\/p>\n<table id=\"tablepress-78\" class=\"tablepress tablepress-id-78\">\n<tbody class=\"row-hover\">\n<tr class=\"row-1 odd\">\n<td class=\"column-1\">Aktivna materija<\/td>\n<td class=\"column-2\">Tifensulfuron-metil 750 g\/kg<\/td>\n<\/tr>\n<tr class=\"row-2 even\">\n<td class=\"column-1\">Formulacija<\/td>\n<td class=\"column-2\">Vododisperzibilne granule (WG)<\/td>\n<\/tr>\n<tr class=\"row-3 odd\">\n<td class=\"column-1\">Koli\u010dina primene<\/td>\n<td class=\"column-2\">8 g\/ha<\/td>\n<\/tr>\n<tr class=\"row-4 even\">\n<td class=\"column-1\">Utro\u0161ak vode<\/td>\n<td class=\"column-2\">200-400 l\/ha<\/td>\n<\/tr>\n<tr class=\"row-5 odd\">\n<td class=\"column-1\">Karenca<\/td>\n<td class=\"column-2\">Obezbe\u0111ena vremenom primene<\/td>\n<\/tr>\n<tr class=\"row-6 even\">\n<td class=\"column-1\">Pakovanje<\/td>\n<td class=\"column-2\">8g<\/td>\n<\/tr>\n<\/tbody>\n<\/table>\n<\/div>\n","protected":false},"excerpt":{"rendered":"<p>Klasa: Herbicid<\/p>\n<p>Aktivna materija: Tifensulfuron-metil 750 g\/kg<\/p>\n<p>Formulacija: Vododisperzibilne granule ( WG)<\/p>\n<p>Proizvo\u0111a\u010d: AgroArm<\/p>","protected":false},"featured_media":4745,"template":"","meta":[],"product_brand":[],"product_cat":[203,278,211,264],"product_tag":[],"class_list":{"0":"post-4702","1":"product","2":"type-product","3":"status-publish","4":"has-post-thumbnail","6":"product_cat-herbicidi","7":"product_cat-herbicidi-protiv-sirokolisnih-korova-u-soji","8":"product_cat-herbicidi-u-soji","9":"product_cat-post-em-po-nicanju-useva-u-soji","11":"first","12":"instock","13":"shipping-taxable","14":"product-type-simple"},"_links":{"self":[{"href":"https:\/\/agrarpetrovic.rs\/en\/wp-json\/wp\/v2\/product\/4702","targetHints":{"allow":["GET"]}}],"collection":[{"href":"https:\/\/agrarpetrovic.rs\/en\/wp-json\/wp\/v2\/product"}],"about":[{"href":"https:\/\/agrarpetrovic.rs\/en\/wp-json\/wp\/v2\/types\/product"}],"wp:featuredmedia":[{"embeddable":true,"href":"https:\/\/agrarpetrovic.rs\/en\/wp-json\/wp\/v2\/media\/4745"}],"wp:attachment":[{"href":"https:\/\/agrarpetrovic.rs\/en\/wp-json\/wp\/v2\/media?parent=4702"}],"wp:term":[{"taxonomy":"product_brand","embeddable":true,"href":"https:\/\/agrarpetrovic.rs\/en\/wp-json\/wp\/v2\/product_brand?post=4702"},{"taxonomy":"product_cat","embeddable":true,"href":"https:\/\/agrarpetrovic.rs\/en\/wp-json\/wp\/v2\/product_cat?post=4702"},{"taxonomy":"product_tag","embeddable":true,"href":"https:\/\/agrarpetrovic.rs\/en\/wp-json\/wp\/v2\/product_tag?post=4702"}],"curies":[{"name":"wp","href":"https:\/\/api.w.org\/{rel}","templated":true}]}}