{"id":4703,"date":"2023-07-13T16:18:37","date_gmt":"2023-07-13T14:18:37","guid":{"rendered":"https:\/\/agrarpetrovic.rs\/?post_type=product&#038;p=4703"},"modified":"2023-07-13T16:19:16","modified_gmt":"2023-07-13T14:19:16","slug":"fitoferet-humisuper-plus","status":"publish","type":"product","link":"https:\/\/agrarpetrovic.rs\/en\/proizvod\/fitoferet-humisuper-plus\/","title":{"rendered":"FITOFERET HUMISUPER PLUS"},"content":{"rendered":"<div class=\"vc_col-sm-6 wpb_column column_container vc_column_container col no-extra-padding instance-2\" data-shadow=\"none\" data-border-radius=\"none\" data-border-animation=\"\" data-border-animation-delay=\"\" data-border-width=\"none\" data-border-style=\"solid\" data-border-color=\"\" data-bg-cover=\"\" data-padding-pos=\"all\" data-has-bg-color=\"false\" data-bg-color=\"\" data-bg-opacity=\"1\" data-hover-bg=\"\" data-hover-bg-opacity=\"1\" data-animation=\"\" data-delay=\"0\">\n<div class=\"vc_column-inner\">\n<div class=\"wpb_wrapper\">\n<div class=\"wpb_text_column wpb_content_element\">\n<div class=\"wpb_wrapper\">\n<h5><strong>Pakovanja:<\/strong>\u00a0250 ml, 1 lit, 5 lit i 10 lit.<\/h5>\n<\/div>\n<\/div>\n<\/div>\n<\/div>\n<\/div>\n<div class=\"vc_col-sm-6 wpb_column column_container vc_column_container col no-extra-padding instance-3\" data-shadow=\"none\" data-border-radius=\"none\" data-border-animation=\"\" data-border-animation-delay=\"\" data-border-width=\"none\" data-border-style=\"solid\" data-border-color=\"\" data-bg-cover=\"\" data-padding-pos=\"all\" data-has-bg-color=\"false\" data-bg-color=\"\" data-bg-opacity=\"1\" data-hover-bg=\"\" data-hover-bg-opacity=\"1\" data-animation=\"\" data-delay=\"0\">\n<div class=\"vc_column-inner\">\n<div class=\"wpb_wrapper\">\n<div class=\"wpb_text_column wpb_content_element\">\n<div class=\"wpb_wrapper\">\n<h5><strong>Primena<\/strong>: Primenjuje se folijarno u kombinaciji sa razli\u010ditim sredstvima za ishranu biljaka. Doze primene po tretmanu se kre\u0107u od 3- 5 litara\/ha.<\/h5>\n<p><img decoding=\"async\" src=\"https:\/\/fitofert.com\/wp-content\/uploads\/HUMISUPER-PLUS-8-4-8.jpg\" \/><\/p>\n<\/div>\n<\/div>\n<\/div>\n<\/div>\n<\/div>","protected":false},"excerpt":{"rendered":"<div class=\"wpb_text_column wpb_content_element\">\n<div class=\"wpb_wrapper\">\n<h4>Za intenzivan rast<\/h4>\n<p><strong>FITOFERT HUMISUPER PLUS 8:4:8\u00a0<\/strong>je \u0111ubrivo u obliku koncentrovane suspenzije, koje pored organski aktivnih komponenata sadr\u017ei huminske i fulvinske kiseline, kao i ugljenehidrate, betaine i lignosulfonate. U odnosu na stariju verziju ovog preparata (HUMISUPER 10:5:10), HUMISUPER PLUS sadr\u017ei pove\u0107an broj mikroelemenata a smanjen sadr\u017eaj NPK elemenata, \u0161to rezultira boljom rastvorljivo\u0161\u0107u proizvoda na niskim temperaturama. Organske materije prirodnog porekla stimuli\u0161u niz pozitivnih biohemijskih procesa u \u0107elijama biljaka, poja\u010davaju asimilaciju hraniva i \u010dine useve vitalnijim i otpornijim na stres i bolesti. Sprovedeni ogledi potvrdili su izuzetnu efikasnost ovog preparata, kontrolu stresa i uve\u0107anje prinosa.<\/p>\n<\/div>\n<\/div>\n<div class=\"divider-wrap\"><\/div>","protected":false},"featured_media":4746,"template":"","meta":[],"product_brand":[],"product_cat":[200,285],"product_tag":[],"class_list":{"0":"post-4703","1":"product","2":"type-product","3":"status-publish","4":"has-post-thumbnail","6":"product_cat-ishrana-bilja","7":"product_cat-tecna-djubriva","9":"first","10":"instock","11":"shipping-taxable","12":"product-type-simple"},"_links":{"self":[{"href":"https:\/\/agrarpetrovic.rs\/en\/wp-json\/wp\/v2\/product\/4703","targetHints":{"allow":["GET"]}}],"collection":[{"href":"https:\/\/agrarpetrovic.rs\/en\/wp-json\/wp\/v2\/product"}],"about":[{"href":"https:\/\/agrarpetrovic.rs\/en\/wp-json\/wp\/v2\/types\/product"}],"wp:featuredmedia":[{"embeddable":true,"href":"https:\/\/agrarpetrovic.rs\/en\/wp-json\/wp\/v2\/media\/4746"}],"wp:attachment":[{"href":"https:\/\/agrarpetrovic.rs\/en\/wp-json\/wp\/v2\/media?parent=4703"}],"wp:term":[{"taxonomy":"product_brand","embeddable":true,"href":"https:\/\/agrarpetrovic.rs\/en\/wp-json\/wp\/v2\/product_brand?post=4703"},{"taxonomy":"product_cat","embeddable":true,"href":"https:\/\/agrarpetrovic.rs\/en\/wp-json\/wp\/v2\/product_cat?post=4703"},{"taxonomy":"product_tag","embeddable":true,"href":"https:\/\/agrarpetrovic.rs\/en\/wp-json\/wp\/v2\/product_tag?post=4703"}],"curies":[{"name":"wp","href":"https:\/\/api.w.org\/{rel}","templated":true}]}}