{"id":4704,"date":"2023-07-13T16:18:37","date_gmt":"2023-07-13T14:18:37","guid":{"rendered":"https:\/\/agrarpetrovic.rs\/?post_type=product&#038;p=4704"},"modified":"2023-07-13T16:19:16","modified_gmt":"2023-07-13T14:19:16","slug":"fitofert-liquid-1246","status":"publish","type":"product","link":"https:\/\/agrarpetrovic.rs\/en\/proizvod\/fitofert-liquid-1246\/","title":{"rendered":"FITOFERT LIQUID 12:4:6"},"content":{"rendered":"<div id=\"fws_5ced15e761313\" class=\"wpb_row vc_row-fluid vc_row standard_section\" data-midnight=\"\" data-column-margin=\"default\" data-bg-mobile-hidden=\"\">\n<div class=\"col span_12  left\">\n<div class=\"vc_col-sm-6 wpb_column column_container vc_column_container col no-extra-padding instance-2\" data-shadow=\"none\" data-border-radius=\"none\" data-border-animation=\"\" data-border-animation-delay=\"\" data-border-width=\"none\" data-border-style=\"solid\" data-border-color=\"\" data-bg-cover=\"\" data-padding-pos=\"all\" data-has-bg-color=\"false\" data-bg-color=\"\" data-bg-opacity=\"1\" data-hover-bg=\"\" data-hover-bg-opacity=\"1\" data-animation=\"\" data-delay=\"0\">\n<div class=\"vc_column-inner\">\n<div class=\"wpb_wrapper\">\n<div class=\"wpb_text_column wpb_content_element\">\n<div class=\"wpb_wrapper\">\n<h5><strong>Pakovanja:<\/strong>\u00a0250 ml, 1 lit, 5 lit i 10 lit.<\/h5>\n<\/div>\n<\/div>\n<\/div>\n<\/div>\n<\/div>\n<div class=\"vc_col-sm-6 wpb_column column_container vc_column_container col no-extra-padding instance-3\" data-shadow=\"none\" data-border-radius=\"none\" data-border-animation=\"\" data-border-animation-delay=\"\" data-border-width=\"none\" data-border-style=\"solid\" data-border-color=\"\" data-bg-cover=\"\" data-padding-pos=\"all\" data-has-bg-color=\"false\" data-bg-color=\"\" data-bg-opacity=\"1\" data-hover-bg=\"\" data-hover-bg-opacity=\"1\" data-animation=\"\" data-delay=\"0\">\n<div class=\"vc_column-inner\">\n<div class=\"wpb_wrapper\">\n<div class=\"wpb_text_column wpb_content_element\">\n<div class=\"wpb_wrapper\">\n<h5><strong>Primena<\/strong>: Folijarno konc. 0.3% \u2013 1%.<\/h5>\n<\/div>\n<\/div>\n<\/div>\n<\/div>\n<\/div>\n<\/div>\n<\/div>\n<div class=\"divider-wrap\">\n<div class=\"divider\"><\/div>\n<\/div>\n<div class=\"wpb_text_column wpb_content_element  icons-in-line\">\n<div class=\"wpb_wrapper\">\n<p><img decoding=\"async\" class=\"alignnone size-full wp-image-1063\" src=\"https:\/\/fitofert.com\/wp-content\/uploads\/2014\/06\/tecno1.png\" alt=\"\" width=\"60\" height=\"60\" data-attachment-id=\"1063\" data-permalink=\"https:\/\/fitofert.com\/portfolio\/fitofert-kristal-202020\/tecno-3\/\" data-orig-file=\"https:\/\/fitofert.com\/wp-content\/uploads\/2014\/06\/tecno1.png\" data-orig-size=\"60,60\" data-comments-opened=\"1\" data-image-meta=\"{&quot;aperture&quot;:&quot;0&quot;,&quot;credit&quot;:&quot;&quot;,&quot;camera&quot;:&quot;&quot;,&quot;caption&quot;:&quot;&quot;,&quot;created_timestamp&quot;:&quot;0&quot;,&quot;copyright&quot;:&quot;&quot;,&quot;focal_length&quot;:&quot;0&quot;,&quot;iso&quot;:&quot;0&quot;,&quot;shutter_speed&quot;:&quot;0&quot;,&quot;title&quot;:&quot;&quot;}\" data-image-title=\"tecno\" data-image-description=\"\" data-medium-file=\"https:\/\/fitofert.com\/wp-content\/uploads\/2014\/06\/tecno1.png\" data-large-file=\"https:\/\/fitofert.com\/wp-content\/uploads\/2014\/06\/tecno1.png\" \/><img decoding=\"async\" class=\"fitofert_prod_type_tags alignnone wp-image-1067 size-full\" title=\"Sredstvo za ishranu bilja\" src=\"https:\/\/fitofert.com\/wp-content\/uploads\/2014\/06\/ishrana1.png\" alt=\"\" width=\"60\" height=\"60\" \/><img decoding=\"async\" class=\"fitofert_prod_type_tags alignnone wp-image-1067 size-full\" title=\"Folijarna primena \u2013 preko lista\" src=\"https:\/\/fitofert.com\/wp-content\/uploads\/2014\/06\/folijarno1.png\" alt=\"\" width=\"60\" height=\"60\" data-attachment-id=\"1067\" data-permalink=\"https:\/\/fitofert.com\/portfolio\/fitofert-kristal-202020\/ishrana-3\/\" data-orig-file=\"https:\/\/fitofert.com\/wp-content\/uploads\/2014\/06\/ishrana1.png\" data-orig-size=\"60,60\" data-comments-opened=\"1\" data-image-meta=\"{&quot;aperture&quot;:&quot;0&quot;,&quot;credit&quot;:&quot;&quot;,&quot;camera&quot;:&quot;&quot;,&quot;caption&quot;:&quot;&quot;,&quot;created_timestamp&quot;:&quot;0&quot;,&quot;copyright&quot;:&quot;&quot;,&quot;focal_length&quot;:&quot;0&quot;,&quot;iso&quot;:&quot;0&quot;,&quot;shutter_speed&quot;:&quot;0&quot;,&quot;title&quot;:&quot;&quot;}\" data-image-title=\"ishrana\" data-image-description=\"\" data-medium-file=\"https:\/\/fitofert.com\/wp-content\/uploads\/2014\/06\/ishrana1.png\" data-large-file=\"https:\/\/fitofert.com\/wp-content\/uploads\/2014\/06\/ishrana1.png\" \/><\/p>\n<p><img decoding=\"async\" src=\"https:\/\/fitofert.com\/wp-content\/uploads\/LIQUID12-4-6.jpg\" \/><\/p>\n<\/div>\n<\/div>","protected":false},"excerpt":{"rendered":"<h4>Za intenzivan rast<\/h4>\n<p><strong>Fitofert LIQUID 12:4:6\u00a0<\/strong>je te\u010dno folijarno \u0111ubrivo na bazi makro i mikro elemenata, namenjeno prihrani bilja u vreme intenzivnog rasta i formiranja plodova. Primenjuje se za prihranu u povrtarstvu, vo\u0107njacima, vinogradima i ratarskim usevima. Uspe\u0161no stimuli\u0161e pravilno formiranje lisne mase kao i oformljavanje i rast plodova. Visoka koncentracija amidnog azota u sinergiji sa mikroelementima daje stimulativan efekat lisnoj masi gajenog bilja. Preparat je tako\u0111e pogodan za primenu sa folijarnim, selektivnim herbicidima, na bazi sulfonil-uree.<\/p>","protected":false},"featured_media":4747,"template":"","meta":[],"product_brand":[],"product_cat":[200,285],"product_tag":[],"class_list":{"0":"post-4704","1":"product","2":"type-product","3":"status-publish","4":"has-post-thumbnail","6":"product_cat-ishrana-bilja","7":"product_cat-tecna-djubriva","9":"first","10":"instock","11":"shipping-taxable","12":"product-type-simple"},"_links":{"self":[{"href":"https:\/\/agrarpetrovic.rs\/en\/wp-json\/wp\/v2\/product\/4704","targetHints":{"allow":["GET"]}}],"collection":[{"href":"https:\/\/agrarpetrovic.rs\/en\/wp-json\/wp\/v2\/product"}],"about":[{"href":"https:\/\/agrarpetrovic.rs\/en\/wp-json\/wp\/v2\/types\/product"}],"wp:featuredmedia":[{"embeddable":true,"href":"https:\/\/agrarpetrovic.rs\/en\/wp-json\/wp\/v2\/media\/4747"}],"wp:attachment":[{"href":"https:\/\/agrarpetrovic.rs\/en\/wp-json\/wp\/v2\/media?parent=4704"}],"wp:term":[{"taxonomy":"product_brand","embeddable":true,"href":"https:\/\/agrarpetrovic.rs\/en\/wp-json\/wp\/v2\/product_brand?post=4704"},{"taxonomy":"product_cat","embeddable":true,"href":"https:\/\/agrarpetrovic.rs\/en\/wp-json\/wp\/v2\/product_cat?post=4704"},{"taxonomy":"product_tag","embeddable":true,"href":"https:\/\/agrarpetrovic.rs\/en\/wp-json\/wp\/v2\/product_tag?post=4704"}],"curies":[{"name":"wp","href":"https:\/\/api.w.org\/{rel}","templated":true}]}}