{"id":4723,"date":"2023-07-13T16:19:00","date_gmt":"2023-07-13T14:19:00","guid":{"rendered":"https:\/\/agrarpetrovic.rs\/?post_type=product&#038;p=4723"},"modified":"2023-07-13T16:19:31","modified_gmt":"2023-07-13T14:19:31","slug":"fitofert-magni-cal-b","status":"publish","type":"product","link":"https:\/\/agrarpetrovic.rs\/en\/proizvod\/fitofert-magni-cal-b\/","title":{"rendered":"FITOFERT MAGNI CAL B"},"content":{"rendered":"","protected":false},"excerpt":{"rendered":"<p>FITOFERT MAGNI-CAL B je novi folijarni proizvod, na bazi sekundarnih nutrijenata<br \/>\nkalcijuma i magnezijuma, kao i sa povi\u0161enim sadr\u017eajem bora. Ova kombinacija, sa<br \/>\nidealnim odnosom Mg i Ca, \u010dini proizvod idealnim za folijarne tretmane vo\u0107a i povr\u0107a, od<br \/>\npo\u010detka pa do sredine vegetacije. Prisustvo bora, sinergisti\u010dki uti\u010de na usvajanje kalcijuma,<br \/>\ni njegovu ugradnju u \u0107elijske zidove.<br \/>\nKoncentracija primene 0,2-0,5%. Koli\u010dina primene 2-3 litra po hektaru. Primenjuje se 3 do<br \/>\n5 puta, u prvoj polovini vegetacije.<\/p>","protected":false},"featured_media":4767,"template":"","meta":[],"product_brand":[],"product_cat":[200,302],"product_tag":[],"class_list":{"0":"post-4723","1":"product","2":"type-product","3":"status-publish","4":"has-post-thumbnail","6":"product_cat-ishrana-bilja","7":"product_cat-sekundarna-djubriva","9":"first","10":"instock","11":"shipping-taxable","12":"product-type-simple"},"_links":{"self":[{"href":"https:\/\/agrarpetrovic.rs\/en\/wp-json\/wp\/v2\/product\/4723","targetHints":{"allow":["GET"]}}],"collection":[{"href":"https:\/\/agrarpetrovic.rs\/en\/wp-json\/wp\/v2\/product"}],"about":[{"href":"https:\/\/agrarpetrovic.rs\/en\/wp-json\/wp\/v2\/types\/product"}],"wp:featuredmedia":[{"embeddable":true,"href":"https:\/\/agrarpetrovic.rs\/en\/wp-json\/wp\/v2\/media\/4767"}],"wp:attachment":[{"href":"https:\/\/agrarpetrovic.rs\/en\/wp-json\/wp\/v2\/media?parent=4723"}],"wp:term":[{"taxonomy":"product_brand","embeddable":true,"href":"https:\/\/agrarpetrovic.rs\/en\/wp-json\/wp\/v2\/product_brand?post=4723"},{"taxonomy":"product_cat","embeddable":true,"href":"https:\/\/agrarpetrovic.rs\/en\/wp-json\/wp\/v2\/product_cat?post=4723"},{"taxonomy":"product_tag","embeddable":true,"href":"https:\/\/agrarpetrovic.rs\/en\/wp-json\/wp\/v2\/product_tag?post=4723"}],"curies":[{"name":"wp","href":"https:\/\/api.w.org\/{rel}","templated":true}]}}