{"id":4725,"date":"2023-07-13T16:19:00","date_gmt":"2023-07-13T14:19:00","guid":{"rendered":"https:\/\/agrarpetrovic.rs\/?post_type=product&#038;p=4725"},"modified":"2023-07-13T16:19:35","modified_gmt":"2023-07-13T14:19:35","slug":"fitofert-ca-apple-20","status":"publish","type":"product","link":"https:\/\/agrarpetrovic.rs\/en\/proizvod\/fitofert-ca-apple-20\/","title":{"rendered":"FITOFERT CA-APPLE 20"},"content":{"rendered":"<div class=\"vc_col-sm-6 wpb_column column_container vc_column_container col no-extra-padding instance-2\" data-shadow=\"none\" data-border-radius=\"none\" data-border-animation=\"\" data-border-animation-delay=\"\" data-border-width=\"none\" data-border-style=\"solid\" data-border-color=\"\" data-bg-cover=\"\" data-padding-pos=\"all\" data-has-bg-color=\"false\" data-bg-color=\"\" data-bg-opacity=\"1\" data-hover-bg=\"\" data-hover-bg-opacity=\"1\" data-animation=\"\" data-delay=\"0\">\n<div class=\"vc_column-inner\">\n<div class=\"wpb_wrapper\">\n<div class=\"wpb_text_column wpb_content_element\">\n<div class=\"wpb_wrapper\">\n<h5><strong>Pakovanja:<\/strong>\u00a0250 ml, 1 lit i 5 lit<\/h5>\n<\/div>\n<\/div>\n<\/div>\n<\/div>\n<\/div>\n<div class=\"vc_col-sm-6 wpb_column column_container vc_column_container col no-extra-padding instance-3\" data-shadow=\"none\" data-border-radius=\"none\" data-border-animation=\"\" data-border-animation-delay=\"\" data-border-width=\"none\" data-border-style=\"solid\" data-border-color=\"\" data-bg-cover=\"\" data-padding-pos=\"all\" data-has-bg-color=\"false\" data-bg-color=\"\" data-bg-opacity=\"1\" data-hover-bg=\"\" data-hover-bg-opacity=\"1\" data-animation=\"\" data-delay=\"0\">\n<div class=\"vc_column-inner\">\n<div class=\"wpb_wrapper\">\n<div class=\"wpb_text_column wpb_content_element\">\n<div class=\"wpb_wrapper\">\n<h5><strong>Primena<\/strong>:<br \/>\nPrimena folijarno, koli\u010dinom 3-5 litara po hektaru.<\/h5>\n<div id=\"fws_5ced1b6f67763\" class=\"wpb_row vc_row-fluid vc_row full-width-section standard_section  row-gradient  first-section\" data-midnight=\"dark\" data-bg-mobile-hidden=\"\">\n<div class=\"col span_12 dark left\">\n<div class=\"vc_col-sm-8 wpb_column column_container vc_column_container col no-extra-padding instance-1\" data-border-radius=\"none\" data-shadow=\"none\" data-border-animation=\"\" data-border-animation-delay=\"\" data-border-width=\"none\" data-border-style=\"solid\" data-border-color=\"\" data-bg-cover=\"\" data-padding-pos=\"all\" data-has-bg-color=\"false\" data-bg-color=\"\" data-bg-opacity=\"1\" data-hover-bg=\"\" data-hover-bg-opacity=\"1\" data-animation=\"\" data-delay=\"0\">\n<div class=\"vc_column-inner\">\n<div class=\"wpb_wrapper\">\n<div class=\"wpb_text_column wpb_content_element  icons-in-line\">\n<div class=\"wpb_wrapper\">\n<p><img decoding=\"async\" class=\"fitofert_prod_type_tags alignnone wp-image-1067 size-full\" title=\"Sredstvo za ishranu bilja\" src=\"https:\/\/fitofert.com\/wp-content\/uploads\/2014\/06\/ishrana1.png\" alt=\"\" width=\"60\" height=\"60\" \/><img decoding=\"async\" class=\"fitofert_prod_type_tags alignnone wp-image-1067 size-full\" title=\"Kristalno vodotopivo \u0111ubrivo\" src=\"https:\/\/fitofert.com\/wp-content\/uploads\/2014\/06\/kristal1.png\" alt=\"\" width=\"60\" height=\"60\" \/><img decoding=\"async\" class=\"fitofert_prod_type_tags alignnone wp-image-1067 size-full\" title=\"Folijarna primena \u2013 preko lista\" src=\"https:\/\/fitofert.com\/wp-content\/uploads\/2014\/06\/folijarno1.png\" alt=\"\" width=\"60\" height=\"60\" data-attachment-id=\"1067\" data-permalink=\"https:\/\/fitofert.com\/portfolio\/fitofert-kristal-202020\/ishrana-3\/\" data-orig-file=\"https:\/\/fitofert.com\/wp-content\/uploads\/2014\/06\/ishrana1.png\" data-orig-size=\"60,60\" data-comments-opened=\"1\" data-image-meta=\"{&quot;aperture&quot;:&quot;0&quot;,&quot;credit&quot;:&quot;&quot;,&quot;camera&quot;:&quot;&quot;,&quot;caption&quot;:&quot;&quot;,&quot;created_timestamp&quot;:&quot;0&quot;,&quot;copyright&quot;:&quot;&quot;,&quot;focal_length&quot;:&quot;0&quot;,&quot;iso&quot;:&quot;0&quot;,&quot;shutter_speed&quot;:&quot;0&quot;,&quot;title&quot;:&quot;&quot;}\" data-image-title=\"ishrana\" data-image-description=\"\" data-medium-file=\"https:\/\/fitofert.com\/wp-content\/uploads\/2014\/06\/ishrana1.png\" data-large-file=\"https:\/\/fitofert.com\/wp-content\/uploads\/2014\/06\/ishrana1.png\" \/><\/p>\n<\/div>\n<\/div>\n<\/div>\n<\/div>\n<\/div>\n<div class=\"vc_col-sm-2 wpb_column column_container vc_column_container col no-extra-padding instance-4\" data-border-radius=\"none\" data-shadow=\"none\" data-border-animation=\"\" data-border-animation-delay=\"\" data-border-width=\"none\" data-border-style=\"solid\" data-border-color=\"\" data-bg-cover=\"\" data-padding-pos=\"all\" data-has-bg-color=\"false\" data-bg-color=\"\" data-bg-opacity=\"1\" data-hover-bg=\"\" data-hover-bg-opacity=\"1\" data-animation=\"\" data-delay=\"0\">\n<div class=\"vc_column-inner\">\n<div class=\"wpb_wrapper\"><\/div>\n<\/div>\n<\/div>\n<\/div>\n<\/div>\n<div id=\"fws_5ced1b6f68008\" class=\"wpb_row vc_row-fluid vc_row standard_section\" data-midnight=\"dark\" data-bg-mobile-hidden=\"\">\n<div class=\"row-bg-wrap instance-1\">\n<div class=\"inner-wrap\">\n<div class=\"row-bg\"><\/div>\n<\/div>\n<\/div>\n<div class=\"col span_12 dark left\">\n<div class=\"vc_col-sm-2 wpb_column column_container vc_column_container col no-extra-padding instance-5\" data-border-radius=\"none\" data-shadow=\"none\" data-border-animation=\"\" data-border-animation-delay=\"\" data-border-width=\"none\" data-border-style=\"solid\" data-border-color=\"\" data-bg-cover=\"\" data-padding-pos=\"all\" data-has-bg-color=\"false\" data-bg-color=\"\" data-bg-opacity=\"1\" data-hover-bg=\"\" data-hover-bg-opacity=\"1\" data-animation=\"\" data-delay=\"0\">\n<div class=\"vc_column-inner\">\n<div class=\"wpb_wrapper\"><\/div>\n<\/div>\n<\/div>\n<div class=\"vc_col-sm-8 wpb_column column_container vc_column_container col no-extra-padding instance-6\" data-border-radius=\"none\" data-shadow=\"none\" data-border-animation=\"\" data-border-animation-delay=\"\" data-border-width=\"none\" data-border-style=\"solid\" data-border-color=\"\" data-bg-cover=\"\" data-padding-pos=\"all\" data-has-bg-color=\"false\" data-bg-color=\"\" data-bg-opacity=\"1\" data-hover-bg=\"\" data-hover-bg-opacity=\"1\" data-animation=\"\" data-delay=\"0\">\n<div class=\"vc_column-inner\">\n<div class=\"wpb_wrapper\">\n<div class=\"divider-wrap\">\n<div class=\"divider-border completed\" data-width=\"100%\" data-animate=\"yes\" data-animation-delay=\"\" data-color=\"default\"><\/div>\n<\/div>\n<div class=\"img-with-aniamtion-wrap\" data-max-width=\"100%\" data-border-radius=\"none\">\n<div class=\"inner\"><img loading=\"lazy\" decoding=\"async\" class=\"img-with-animation  animated-in\" src=\"https:\/\/fitofert.com\/wp-content\/uploads\/Ca-APPLE.jpg\" alt=\"\" width=\"922\" height=\"85\" data-shadow=\"none\" data-shadow-direction=\"middle\" data-delay=\"0\" data-animation=\"fade-in\" \/><\/div>\n<\/div>\n<div class=\"divider-wrap\">\n<div class=\"divider-border completed\" data-width=\"100%\" data-animate=\"yes\" data-animation-delay=\"\" data-color=\"default\"><\/div>\n<\/div>\n<\/div>\n<\/div>\n<\/div>\n<div class=\"vc_col-sm-2 wpb_column column_container vc_column_container col no-extra-padding instance-7\" data-border-radius=\"none\" data-shadow=\"none\" data-border-animation=\"\" data-border-animation-delay=\"\" data-border-width=\"none\" data-border-style=\"solid\" data-border-color=\"\" data-bg-cover=\"\" data-padding-pos=\"all\" data-has-bg-color=\"false\" data-bg-color=\"\" data-bg-opacity=\"1\" data-hover-bg=\"\" data-hover-bg-opacity=\"1\" data-animation=\"\" data-delay=\"0\">\n<div class=\"vc_column-inner\">\n<div class=\"wpb_wrapper\"><\/div>\n<\/div>\n<\/div>\n<\/div>\n<\/div>\n<div id=\"fws_5ced1b6f683e1\" class=\"wpb_row vc_row-fluid vc_row standard_section  filter-img2\" data-midnight=\"dark\" data-bg-mobile-hidden=\"\">\n<div class=\"row-bg-wrap instance-2\">\n<div class=\"inner-wrap\"><\/div>\n<\/div>\n<\/div>\n<\/div>\n<\/div>\n<\/div>\n<\/div>\n<\/div>","protected":false},"excerpt":{"rendered":"<h4>Protiv gorkih pega<\/h4>\n<p><strong>Fitofert CA-APPLE<\/strong>\u00a0je te\u010dno kalcijumovo \u0111ubrivo na bazi kalcijum hlorida. Namenjeno je, pre svega, za dopunsku ishranu zasada jabuka i kru\u0161aka u fazi pigmentacije pa sve do berbe. Zasade tretirati na temperaturama ni\u017eim od 25\u00b0C.<\/p>","protected":false},"featured_media":4769,"template":"","meta":[],"product_brand":[],"product_cat":[200,302],"product_tag":[],"class_list":{"0":"post-4725","1":"product","2":"type-product","3":"status-publish","4":"has-post-thumbnail","6":"product_cat-ishrana-bilja","7":"product_cat-sekundarna-djubriva","9":"first","10":"instock","11":"shipping-taxable","12":"product-type-simple"},"_links":{"self":[{"href":"https:\/\/agrarpetrovic.rs\/en\/wp-json\/wp\/v2\/product\/4725","targetHints":{"allow":["GET"]}}],"collection":[{"href":"https:\/\/agrarpetrovic.rs\/en\/wp-json\/wp\/v2\/product"}],"about":[{"href":"https:\/\/agrarpetrovic.rs\/en\/wp-json\/wp\/v2\/types\/product"}],"wp:featuredmedia":[{"embeddable":true,"href":"https:\/\/agrarpetrovic.rs\/en\/wp-json\/wp\/v2\/media\/4769"}],"wp:attachment":[{"href":"https:\/\/agrarpetrovic.rs\/en\/wp-json\/wp\/v2\/media?parent=4725"}],"wp:term":[{"taxonomy":"product_brand","embeddable":true,"href":"https:\/\/agrarpetrovic.rs\/en\/wp-json\/wp\/v2\/product_brand?post=4725"},{"taxonomy":"product_cat","embeddable":true,"href":"https:\/\/agrarpetrovic.rs\/en\/wp-json\/wp\/v2\/product_cat?post=4725"},{"taxonomy":"product_tag","embeddable":true,"href":"https:\/\/agrarpetrovic.rs\/en\/wp-json\/wp\/v2\/product_tag?post=4725"}],"curies":[{"name":"wp","href":"https:\/\/api.w.org\/{rel}","templated":true}]}}